{"id":9844,"date":"2023-04-13T06:57:39","date_gmt":"2023-04-13T06:57:39","guid":{"rendered":"https:\/\/127.0.0.1\/product\/volkswagen-passat-kombischalter-blinkerschalter-2\/"},"modified":"2024-10-13T17:18:59","modified_gmt":"2024-10-13T17:18:59","slug":"volkswagen-passat-kombischalter-blinkerschalter-2","status":"publish","type":"product","link":"https:\/\/occasions-teile.ch\/fr\/produkt\/volkswagen-passat-kombischalter-blinkerschalter-2\/","title":{"rendered":"Volkswagen Passat  Kombischalter Blinkerschalter"},"content":{"rendered":"<p><span><b>Technische Daten<\/b><\/p>\n<p> Fahrzeug: Volkswagen Passat<br \/>\n Chassis Nr.: WVWZZZ3CZEE063958<br \/>\n Baujahr: 2013<br \/>\n Kilometer: 1 KM<br \/>\n Leistung: 140 KW<br \/>\n Hubraum: 1968 ccm<br \/>\n Typ: 1XD881<br \/>\n Farbcode: silber<br \/>\n Hinweise: &#8211;<\/p>\n<p> Versand: Versand nur in der Schweiz m\u00f6glich.Im Ausland ist der Transport k\u00e4uferseits.<br \/>\n Garantie: 3 Monate Garantie. Bitte beachten Sie, dass die Gew\u00e4hrleistung nur g\u00fcltig ist, wenn der Ersatzteileinbau durch eine Fachwerkstatt\/Meisterwerkstatt erfolgt. Das Ein- und Ausbau des Ersatzteiles kann nicht an uns verrechnet werden. <\/p>\n<p> Ersatzteil: f\u00fcr andere Fahrzeugen (Marken) verf\u00fcgbar auf anfrage. Tel.041 980 27 47. Mobil. 076 589 27 47<\/p>\n<p> Kontakt<br \/>\n  Adresse: Autoverwertung Brun AG<br \/>\n           M\u00f6\u00f6slimatten 13<br \/>\n           6218 Ettiswil<br \/>\n  Telefon: 0041 (041) 980 27 47<br \/>\n  Telefax: 0041 (041) 980 03 47<\/p>\n<p> Wir bieten Ihnen weitere gebrauchte Autoteile zum Kauf an.<br \/>\n<\/span><\/p>\n","protected":false},"excerpt":{"rendered":"<p>Technische Daten Fahrzeug: Volkswagen Passat Chassis Nr.: WVWZZZ3CZEE063958 Baujahr: 2013 Kilometer: 1 KM Leistung: 140 KW Hubraum: 1968 ccm Typ: 1XD881 Farbcode: silber Hinweise: &#8211; Versand: Versand nur in der Schweiz m\u00f6glich.Im Ausland ist der Transport k\u00e4uferseits. Garantie: 3 Monate Garantie. Bitte beachten Sie, dass die Gew\u00e4hrleistung nur g\u00fcltig ist, wenn der Ersatzteileinbau durch eine&hellip; <a class=\"more-link\" href=\"https:\/\/occasions-teile.ch\/fr\/produkt\/volkswagen-passat-kombischalter-blinkerschalter-2\/\">Poursuivre la lecture <span class=\"screen-reader-text\">Volkswagen Passat  Kombischalter Blinkerschalter<\/span><\/a><\/p>\n","protected":false},"featured_media":9832,"template":"","meta":[],"product_brand":[],"product_cat":[23644,839,627,628,1303,23536,1286,1530],"product_tag":[],"class_list":{"0":"post-9844","1":"product","2":"type-product","3":"status-publish","4":"has-post-thumbnail","6":"product_cat-de-b7-variant-2-0tdi-de_passat-de_volkswagen-manufacturer-26","7":"product_cat-fr-commutateur-de-clignotant","8":"product_cat-fr-electricite-dispositifs-de-commande","9":"product_cat-fr-interrupteur","10":"product_cat-fr_passat","11":"product_cat-de-passat-2-0tdi-de_passat","12":"product_cat-fr_volkswagen","13":"product_cat-fr-wvwzzz3czee063958","14":"product_shipping_class-tarif-1-fr","15":"entry","17":"first","18":"instock","19":"taxable","20":"shipping-taxable","21":"purchasable","22":"product-type-simple"},"jetpack_sharing_enabled":true,"_links":{"self":[{"href":"https:\/\/occasions-teile.ch\/fr\/wp-json\/wp\/v2\/product\/9844","targetHints":{"allow":["GET"]}}],"collection":[{"href":"https:\/\/occasions-teile.ch\/fr\/wp-json\/wp\/v2\/product"}],"about":[{"href":"https:\/\/occasions-teile.ch\/fr\/wp-json\/wp\/v2\/types\/product"}],"wp:featuredmedia":[{"embeddable":true,"href":"https:\/\/occasions-teile.ch\/fr\/wp-json\/wp\/v2\/media\/9832"}],"wp:attachment":[{"href":"https:\/\/occasions-teile.ch\/fr\/wp-json\/wp\/v2\/media?parent=9844"}],"wp:term":[{"taxonomy":"product_brand","embeddable":true,"href":"https:\/\/occasions-teile.ch\/fr\/wp-json\/wp\/v2\/product_brand?post=9844"},{"taxonomy":"product_cat","embeddable":true,"href":"https:\/\/occasions-teile.ch\/fr\/wp-json\/wp\/v2\/product_cat?post=9844"},{"taxonomy":"product_tag","embeddable":true,"href":"https:\/\/occasions-teile.ch\/fr\/wp-json\/wp\/v2\/product_tag?post=9844"}],"curies":[{"name":"wp","href":"https:\/\/api.w.org\/{rel}","templated":true}]}}