{"id":9366,"date":"2023-04-06T15:52:52","date_gmt":"2023-04-06T15:52:52","guid":{"rendered":"https:\/\/occasions-teile.ch\/product\/subaru-xv-achsschenkel-vorne-links\/"},"modified":"2025-07-05T09:01:41","modified_gmt":"2025-07-05T09:01:41","slug":"subaru-xv-achsschenkel-vorne-links","status":"publish","type":"product","link":"https:\/\/occasions-teile.ch\/fr\/produkt\/subaru-xv-achsschenkel-vorne-links\/","title":{"rendered":"Subaru XV  Achsschenkel vorne links"},"content":{"rendered":"<p><span><b>Technische Daten<\/b><\/p>\n<p> Fahrzeug: Subaru XV<br \/>\n Chassis Nr.: JF1GP7LA3EG200263<br \/>\n Baujahr: 2014<br \/>\n Kilometer: 101971 KM<br \/>\n Leistung: 150 KW<br \/>\n Hubraum: 1995 ccm<br \/>\n Typ: 1SC775<br \/>\n Farbcode: White\/Weiss<br \/>\n Hinweise: &#8211;<\/p>\n<p> Versand: Versand nur in der Schweiz m\u00f6glich.Im Ausland ist der Transport k\u00e4uferseits.<br \/>\n Garantie: 3 Monate Garantie. Bitte beachten Sie, dass die Gew\u00e4hrleistung nur g\u00fcltig ist, wenn der Ersatzteileinbau durch eine Fachwerkstatt\/Meisterwerkstatt erfolgt. Das Ein- und Ausbau des Ersatzteiles kann nicht an uns verrechnet werden. <\/p>\n<p> Ersatzteil: f\u00fcr andere Fahrzeugen (Marken) verf\u00fcgbar auf anfrage. Tel.041 980 27 47. Mobil. 076 589 27 47<\/p>\n<p> Kontakt<br \/>\n  Adresse: Autoverwertung Brun AG<br \/>\n           M\u00f6\u00f6slimatten 13<br \/>\n           6218 Ettiswil<br \/>\n  Telefon: 0041 (041) 980 27 47<br \/>\n  Telefax: 0041 (041) 980 03 47<\/p>\n<p> Wir bieten Ihnen weitere gebrauchte Autoteile zum Kauf an.<br \/>\n<\/span><\/p>\n","protected":false},"excerpt":{"rendered":"<p>Technische Daten Fahrzeug: Subaru XV Chassis Nr.: JF1GP7LA3EG200263 Baujahr: 2014 Kilometer: 101971 KM Leistung: 150 KW Hubraum: 1995 ccm Typ: 1SC775 Farbcode: White\/Weiss Hinweise: &#8211; Versand: Versand nur in der Schweiz m\u00f6glich.Im Ausland ist der Transport k\u00e4uferseits. Garantie: 3 Monate Garantie. Bitte beachten Sie, dass die Gew\u00e4hrleistung nur g\u00fcltig ist, wenn der Ersatzteileinbau durch eine&hellip; <a class=\"more-link\" href=\"https:\/\/occasions-teile.ch\/fr\/produkt\/subaru-xv-achsschenkel-vorne-links\/\">Poursuivre la lecture <span class=\"screen-reader-text\">Subaru XV  Achsschenkel vorne links<\/span><\/a><\/p>\n","protected":false},"featured_media":9363,"template":"","meta":[],"product_brand":[],"product_cat":[23794,546,545,1524,1202,544,1203],"product_tag":[],"class_list":{"0":"post-9366","1":"product","2":"type-product","3":"status-publish","4":"has-post-thumbnail","6":"product_cat-de-2-0i-awd-de_xv-de_subaru-manufacturer-15","7":"product_cat-en-knuckle-front-left","8":"product_cat-en-steering-knuckle-wheel-hubs","9":"product_cat-en-jf1gp7la3eg200263","10":"product_cat-en_subaru","11":"product_cat-en-chassis-steering","12":"product_cat-en_xv","13":"product_shipping_class-tarif-1-en","14":"entry","16":"first","17":"instock","18":"taxable","19":"shipping-taxable","20":"purchasable","21":"product-type-simple"},"jetpack_sharing_enabled":true,"_links":{"self":[{"href":"https:\/\/occasions-teile.ch\/fr\/wp-json\/wp\/v2\/product\/9366","targetHints":{"allow":["GET"]}}],"collection":[{"href":"https:\/\/occasions-teile.ch\/fr\/wp-json\/wp\/v2\/product"}],"about":[{"href":"https:\/\/occasions-teile.ch\/fr\/wp-json\/wp\/v2\/types\/product"}],"wp:featuredmedia":[{"embeddable":true,"href":"https:\/\/occasions-teile.ch\/fr\/wp-json\/wp\/v2\/media\/9363"}],"wp:attachment":[{"href":"https:\/\/occasions-teile.ch\/fr\/wp-json\/wp\/v2\/media?parent=9366"}],"wp:term":[{"taxonomy":"product_brand","embeddable":true,"href":"https:\/\/occasions-teile.ch\/fr\/wp-json\/wp\/v2\/product_brand?post=9366"},{"taxonomy":"product_cat","embeddable":true,"href":"https:\/\/occasions-teile.ch\/fr\/wp-json\/wp\/v2\/product_cat?post=9366"},{"taxonomy":"product_tag","embeddable":true,"href":"https:\/\/occasions-teile.ch\/fr\/wp-json\/wp\/v2\/product_tag?post=9366"}],"curies":[{"name":"wp","href":"https:\/\/api.w.org\/{rel}","templated":true}]}}