{"id":93559,"date":"2023-09-25T11:44:09","date_gmt":"2023-09-25T11:44:09","guid":{"rendered":"https:\/\/occasions-teile.ch\/product\/vw-caddy-motor-3\/"},"modified":"2023-09-25T11:44:33","modified_gmt":"2023-09-25T11:44:33","slug":"vw-caddy-motor-3","status":"publish","type":"product","link":"https:\/\/occasions-teile.ch\/fr\/produkt\/vw-caddy-motor-3\/","title":{"rendered":"VW Caddy  Motor"},"content":{"rendered":"<p><span><b>Donn\u00e9es techniques<\/b><\/p>\n<p> V\u00e9hicule: VW Caddy<br \/>\n N\u00b0 de ch\u00e2ssis: WV1ZZZ2KZLX111620<br \/>\n Ann\u00e9e de production: 2020<br \/>\n Kilom\u00e9trage: 61613 KM<br \/>\n Puissance: 150 PS<br \/>\n Cylindr\u00e9e du moteur: 1968 ccm<br \/>\n Typ: 3VF418<br \/>\n Code couleur: Yellow<br \/>\n Remarques: &#8211;<\/p>\n<p> Exp\u00e9dition : L&rsquo;exp\u00e9dition n&rsquo;est disponible qu&rsquo;en Suisse. Dans d&rsquo;autres pays, l&rsquo;acheteur est responsable du transport.<br \/>\n Garantie : 3 mois de garantie. Veuillez noter que la garantie n&rsquo;est valable que si les pi\u00e8ces de rechange sont install\u00e9es par un atelier sp\u00e9cialis\u00e9\/ma\u00eetre. Le montage et le d\u00e9montage de la pi\u00e8ce de rechange ne peuvent pas nous \u00eatre factur\u00e9s.<\/p>\n<p> Pi\u00e8ce de rechange : pour d&rsquo;autres v\u00e9hicules (marques) disponible sur demande. T\u00e9l. 041 980 27 47. Portable. 076 589 27 47<\/p>\n<p>  Contact<br \/>\n   Adresse : Autoverwertung Brun AG<br \/>\n              M\u00f6\u00f6slimatten 13<br \/>\n              6218 Ettiswil<br \/>\n   T\u00e9l\u00e9phone : 0041 (041) 980 27 47<br \/>\n   T\u00e9l\u00e9fax : 0041 (041) 980 03 47<\/p>\n<p>  Nous proposons \u00e9galement d&rsquo;autres pi\u00e8ces automobiles d&rsquo;occasion \u00e0 vendre.<br \/>\n<\/span><\/p>\n","protected":false},"excerpt":{"rendered":"<p>Donn\u00e9es techniques V\u00e9hicule: VW Caddy N\u00b0 de ch\u00e2ssis: WV1ZZZ2KZLX111620 Ann\u00e9e de production: 2020 Kilom\u00e9trage: 61613 KM Puissance: 150 PS Cylindr\u00e9e du moteur: 1968 ccm Typ: 3VF418 Code couleur: Yellow Remarques: &#8211; Exp\u00e9dition : L&rsquo;exp\u00e9dition n&rsquo;est disponible qu&rsquo;en Suisse. Dans d&rsquo;autres pays, l&rsquo;acheteur est responsable du transport. Garantie : 3 mois de garantie. Veuillez noter que&hellip; <a class=\"more-link\" href=\"https:\/\/occasions-teile.ch\/fr\/produkt\/vw-caddy-motor-3\/\">Poursuivre la lecture <span class=\"screen-reader-text\">VW Caddy  Motor<\/span><\/a><\/p>\n","protected":false},"featured_media":93556,"template":"","meta":[],"product_brand":[],"product_cat":[1632,1632,1632,500,501,502,501,502,500,501,500,502,1286,1286,1286,2494,2494,2494],"product_tag":[],"class_list":{"0":"post-93559","1":"product","2":"type-product","3":"status-publish","4":"has-post-thumbnail","6":"product_cat-fr_caddy","9":"product_cat-fr-moteur","10":"product_cat-fr-moteur-fr-moteur","11":"product_cat-fr-moteur-fr-moteur-fr-moteur","18":"product_cat-fr_volkswagen","21":"product_cat-fr-wv1zzz2kzlx111620-20000218","24":"product_shipping_class-tarif-4-fr","25":"entry","27":"first","28":"outofstock","29":"taxable","30":"shipping-taxable","31":"purchasable","32":"product-type-simple"},"jetpack_sharing_enabled":true,"_links":{"self":[{"href":"https:\/\/occasions-teile.ch\/fr\/wp-json\/wp\/v2\/product\/93559","targetHints":{"allow":["GET"]}}],"collection":[{"href":"https:\/\/occasions-teile.ch\/fr\/wp-json\/wp\/v2\/product"}],"about":[{"href":"https:\/\/occasions-teile.ch\/fr\/wp-json\/wp\/v2\/types\/product"}],"wp:featuredmedia":[{"embeddable":true,"href":"https:\/\/occasions-teile.ch\/fr\/wp-json\/wp\/v2\/media\/93556"}],"wp:attachment":[{"href":"https:\/\/occasions-teile.ch\/fr\/wp-json\/wp\/v2\/media?parent=93559"}],"wp:term":[{"taxonomy":"product_brand","embeddable":true,"href":"https:\/\/occasions-teile.ch\/fr\/wp-json\/wp\/v2\/product_brand?post=93559"},{"taxonomy":"product_cat","embeddable":true,"href":"https:\/\/occasions-teile.ch\/fr\/wp-json\/wp\/v2\/product_cat?post=93559"},{"taxonomy":"product_tag","embeddable":true,"href":"https:\/\/occasions-teile.ch\/fr\/wp-json\/wp\/v2\/product_tag?post=93559"}],"curies":[{"name":"wp","href":"https:\/\/api.w.org\/{rel}","templated":true}]}}