{"id":92758,"date":"2023-09-22T03:28:49","date_gmt":"2023-09-22T03:28:49","guid":{"rendered":"https:\/\/occasions-teile.ch\/product\/vw-tiguan-differential-hinterachsgetriebe-3\/"},"modified":"2023-09-22T03:29:17","modified_gmt":"2023-09-22T03:29:17","slug":"vw-tiguan-differential-hinterachsgetriebe-3","status":"publish","type":"product","link":"https:\/\/occasions-teile.ch\/fr\/produkt\/vw-tiguan-differential-hinterachsgetriebe-3\/","title":{"rendered":"VW Tiguan  Differential Hinterachsgetriebe"},"content":{"rendered":"<p><span><b>Donn\u00e9es techniques<\/b><\/p>\n<p> V\u00e9hicule: VW Tiguan<br \/>\n N\u00b0 de ch\u00e2ssis: WVGZZZ5NZ8W008811<br \/>\n Ann\u00e9e de production: 2008<br \/>\n Kilom\u00e9trage: 192331 KM<br \/>\n Puissance: 140 PS<br \/>\n Cylindr\u00e9e du moteur: 1968 ccm<br \/>\n Typ: 1VD497<br \/>\n Code couleur: silber<br \/>\n Remarques: &#8211;<\/p>\n<p> Exp\u00e9dition : L&rsquo;exp\u00e9dition n&rsquo;est disponible qu&rsquo;en Suisse. Dans d&rsquo;autres pays, l&rsquo;acheteur est responsable du transport.<br \/>\n Garantie : 3 mois de garantie. Veuillez noter que la garantie n&rsquo;est valable que si les pi\u00e8ces de rechange sont install\u00e9es par un atelier sp\u00e9cialis\u00e9\/ma\u00eetre. Le montage et le d\u00e9montage de la pi\u00e8ce de rechange ne peuvent pas nous \u00eatre factur\u00e9s.<\/p>\n<p> Pi\u00e8ce de rechange : pour d&rsquo;autres v\u00e9hicules (marques) disponible sur demande. T\u00e9l. 041 980 27 47. Portable. 076 589 27 47<\/p>\n<p>  Contact<br \/>\n   Adresse : Autoverwertung Brun AG<br \/>\n              M\u00f6\u00f6slimatten 13<br \/>\n              6218 Ettiswil<br \/>\n   T\u00e9l\u00e9phone : 0041 (041) 980 27 47<br \/>\n   T\u00e9l\u00e9fax : 0041 (041) 980 03 47<\/p>\n<p>  Nous proposons \u00e9galement d&rsquo;autres pi\u00e8ces automobiles d&rsquo;occasion \u00e0 vendre.<br \/>\n<\/span><\/p>\n","protected":false},"excerpt":{"rendered":"<p>Donn\u00e9es techniques V\u00e9hicule: VW Tiguan N\u00b0 de ch\u00e2ssis: WVGZZZ5NZ8W008811 Ann\u00e9e de production: 2008 Kilom\u00e9trage: 192331 KM Puissance: 140 PS Cylindr\u00e9e du moteur: 1968 ccm Typ: 1VD497 Code couleur: silber Remarques: &#8211; Exp\u00e9dition : L&rsquo;exp\u00e9dition n&rsquo;est disponible qu&rsquo;en Suisse. Dans d&rsquo;autres pays, l&rsquo;acheteur est responsable du transport. Garantie : 3 mois de garantie. Veuillez noter que&hellip; <a class=\"more-link\" href=\"https:\/\/occasions-teile.ch\/fr\/produkt\/vw-tiguan-differential-hinterachsgetriebe-3\/\">Poursuivre la lecture <span class=\"screen-reader-text\">VW Tiguan  Differential Hinterachsgetriebe<\/span><\/a><\/p>\n","protected":false},"featured_media":92755,"template":"","meta":[],"product_brand":[],"product_cat":[1066,1066,1073,1073,1066,654,654,1073,1671,1671,1671,654,1286,1286,1286,2491,2491,2491],"product_tag":[],"class_list":{"0":"post-92758","1":"product","2":"type-product","3":"status-publish","4":"has-post-thumbnail","6":"product_cat-fr-boite-dessieu-differentiel4x4","8":"product_cat-fr-boite-de-vitesses-arriere","11":"product_cat-fr-transmission-entrainement","14":"product_cat-fr_tiguan","18":"product_cat-fr_volkswagen","21":"product_cat-fr-wvgzzz5nz8w008811-20000217","24":"product_shipping_class-tarif-2-fr","25":"entry","27":"first","28":"outofstock","29":"taxable","30":"shipping-taxable","31":"purchasable","32":"product-type-simple"},"jetpack_sharing_enabled":true,"_links":{"self":[{"href":"https:\/\/occasions-teile.ch\/fr\/wp-json\/wp\/v2\/product\/92758","targetHints":{"allow":["GET"]}}],"collection":[{"href":"https:\/\/occasions-teile.ch\/fr\/wp-json\/wp\/v2\/product"}],"about":[{"href":"https:\/\/occasions-teile.ch\/fr\/wp-json\/wp\/v2\/types\/product"}],"wp:featuredmedia":[{"embeddable":true,"href":"https:\/\/occasions-teile.ch\/fr\/wp-json\/wp\/v2\/media\/92755"}],"wp:attachment":[{"href":"https:\/\/occasions-teile.ch\/fr\/wp-json\/wp\/v2\/media?parent=92758"}],"wp:term":[{"taxonomy":"product_brand","embeddable":true,"href":"https:\/\/occasions-teile.ch\/fr\/wp-json\/wp\/v2\/product_brand?post=92758"},{"taxonomy":"product_cat","embeddable":true,"href":"https:\/\/occasions-teile.ch\/fr\/wp-json\/wp\/v2\/product_cat?post=92758"},{"taxonomy":"product_tag","embeddable":true,"href":"https:\/\/occasions-teile.ch\/fr\/wp-json\/wp\/v2\/product_tag?post=92758"}],"curies":[{"name":"wp","href":"https:\/\/api.w.org\/{rel}","templated":true}]}}