{"id":90113,"date":"2023-09-21T10:00:11","date_gmt":"2023-09-21T10:00:11","guid":{"rendered":"https:\/\/occasions-teile.ch\/product\/mitsubishi-space-serien-space-star-achs-hinten-achskoerper\/"},"modified":"2024-05-26T07:53:29","modified_gmt":"2024-05-26T07:53:29","slug":"mitsubishi-space-serien-space-star-achs-hinten-achskoerper","status":"publish","type":"product","link":"https:\/\/occasions-teile.ch\/fr\/produkt\/mitsubishi-space-serien-space-star-achs-hinten-achskoerper\/","title":{"rendered":"Mitsubishi Space-serien Space Star Achs hinten Achsk\u00f6rper"},"content":{"rendered":"<p><span><b>Technische Daten<\/b><\/p>\n<p> Fahrzeug: Mitsubishi Space-serien Space Star<br \/>\n Chassis Nr.: MMCXNA05AKH035766<br \/>\n Baujahr: 2019<br \/>\n Kilometer: 43319 KM<br \/>\n Leistung: 71 KW<br \/>\n Hubraum: 999 ccm<br \/>\n Typ: 1MK621<br \/>\n Farbcode: silber<br \/>\n Hinweise: &#8211;<\/p>\n<p> Versand: Versand nur in der Schweiz m\u00f6glich.Im Ausland ist der Transport k\u00e4uferseits.<br \/>\n Garantie: 3 Monate Garantie. Bitte beachten Sie, dass die Gew\u00e4hrleistung nur g\u00fcltig ist, wenn der Ersatzteileinbau durch eine Fachwerkstatt\/Meisterwerkstatt erfolgt. Das Ein- und Ausbau des Ersatzteiles kann nicht an uns verrechnet werden. <\/p>\n<p> Ersatzteil: f\u00fcr andere Fahrzeugen (Marken) verf\u00fcgbar auf anfrage. Tel.041 980 27 47. Mobil. 076 589 27 47<\/p>\n<p> Kontakt<br \/>\n  Adresse: Autoverwertung Brun AG<br \/>\n           M\u00f6\u00f6slimatten 13<br \/>\n           6218 Ettiswil<br \/>\n  Telefon: 0041 (041) 980 27 47<br \/>\n  Telefax: 0041 (041) 980 03 47<\/p>\n<p> Wir bieten Ihnen weitere gebrauchte Autoteile zum Kauf an.<br \/>\n<\/span><\/p>\n","protected":false},"excerpt":{"rendered":"<p>Technische Daten Fahrzeug: Mitsubishi Space-serien Space Star Chassis Nr.: MMCXNA05AKH035766 Baujahr: 2019 Kilometer: 43319 KM Leistung: 71 KW Hubraum: 999 ccm Typ: 1MK621 Farbcode: silber Hinweise: &#8211; Versand: Versand nur in der Schweiz m\u00f6glich.Im Ausland ist der Transport k\u00e4uferseits. Garantie: 3 Monate Garantie. Bitte beachten Sie, dass die Gew\u00e4hrleistung nur g\u00fcltig ist, wenn der Ersatzteileinbau&hellip; <a class=\"more-link\" href=\"https:\/\/occasions-teile.ch\/fr\/produkt\/mitsubishi-space-serien-space-star-achs-hinten-achskoerper\/\">Poursuivre la lecture <span class=\"screen-reader-text\">Mitsubishi Space-serien Space Star Achs hinten Achsk\u00f6rper<\/span><\/a><\/p>\n","protected":false},"featured_media":90110,"template":"","meta":[],"product_brand":[],"product_cat":[23645,744,743,743,544,744,544,2460,2460,2460,2459,2459,2459,744,2461,2461,2461,743,544],"product_tag":[],"class_list":{"0":"post-90113","1":"product","2":"type-product","3":"status-publish","4":"has-post-thumbnail","6":"product_cat-de-1-0-de_space-serien-space-star-de_mitsubishi-manufacturer-25","7":"product_cat-en-rear-axlecomplete","8":"product_cat-en-axle-carrier-subframe","10":"product_cat-en-chassis-steering","13":"product_cat-en_mitsubishi","16":"product_cat-en-mmcxna05akh035766-20000216","20":"product_cat-en_space-serien-space-star","25":"product_shipping_class-tarif-4-en","26":"entry","28":"first","29":"instock","30":"taxable","31":"shipping-taxable","32":"purchasable","33":"product-type-simple"},"jetpack_sharing_enabled":true,"_links":{"self":[{"href":"https:\/\/occasions-teile.ch\/fr\/wp-json\/wp\/v2\/product\/90113","targetHints":{"allow":["GET"]}}],"collection":[{"href":"https:\/\/occasions-teile.ch\/fr\/wp-json\/wp\/v2\/product"}],"about":[{"href":"https:\/\/occasions-teile.ch\/fr\/wp-json\/wp\/v2\/types\/product"}],"wp:featuredmedia":[{"embeddable":true,"href":"https:\/\/occasions-teile.ch\/fr\/wp-json\/wp\/v2\/media\/90110"}],"wp:attachment":[{"href":"https:\/\/occasions-teile.ch\/fr\/wp-json\/wp\/v2\/media?parent=90113"}],"wp:term":[{"taxonomy":"product_brand","embeddable":true,"href":"https:\/\/occasions-teile.ch\/fr\/wp-json\/wp\/v2\/product_brand?post=90113"},{"taxonomy":"product_cat","embeddable":true,"href":"https:\/\/occasions-teile.ch\/fr\/wp-json\/wp\/v2\/product_cat?post=90113"},{"taxonomy":"product_tag","embeddable":true,"href":"https:\/\/occasions-teile.ch\/fr\/wp-json\/wp\/v2\/product_tag?post=90113"}],"curies":[{"name":"wp","href":"https:\/\/api.w.org\/{rel}","templated":true}]}}