{"id":79799,"date":"2023-08-29T14:20:41","date_gmt":"2023-08-29T14:20:41","guid":{"rendered":"https:\/\/occasions-teile.ch\/product\/suzuki-sx4-bremszange-bremssattel-vorne-2\/"},"modified":"2024-05-27T20:20:17","modified_gmt":"2024-05-27T20:20:17","slug":"suzuki-sx4-bremszange-bremssattel-vorne-2","status":"publish","type":"product","link":"https:\/\/occasions-teile.ch\/fr\/produkt\/suzuki-sx4-bremszange-bremssattel-vorne-2\/","title":{"rendered":"Suzuki SX4  Bremszange Bremssattel vorne"},"content":{"rendered":"<p><span><b>Technische Daten<\/b><\/p>\n<p> Fahrzeug: Suzuki SX4<br \/>\n Chassis Nr.: TSMJYB22S00128856<br \/>\n Baujahr: 2013<br \/>\n Kilometer: 165624 KM<br \/>\n Leistung: 120 KW<br \/>\n Hubraum: 1586 ccm<br \/>\n Typ: 1SD764<br \/>\n Farbcode: blau<br \/>\n Hinweise: &#8211;<\/p>\n<p> Versand: Versand nur in der Schweiz m\u00f6glich.Im Ausland ist der Transport k\u00e4uferseits.<br \/>\n Garantie: 3 Monate Garantie. Bitte beachten Sie, dass die Gew\u00e4hrleistung nur g\u00fcltig ist, wenn der Ersatzteileinbau durch eine Fachwerkstatt\/Meisterwerkstatt erfolgt. Das Ein- und Ausbau des Ersatzteiles kann nicht an uns verrechnet werden. <\/p>\n<p> Ersatzteil: f\u00fcr andere Fahrzeugen (Marken) verf\u00fcgbar auf anfrage. Tel.041 980 27 47. Mobil. 076 589 27 47<\/p>\n<p> Kontakt<br \/>\n  Adresse: Autoverwertung Brun AG<br \/>\n           M\u00f6\u00f6slimatten 13<br \/>\n           6218 Ettiswil<br \/>\n  Telefon: 0041 (041) 980 27 47<br \/>\n  Telefax: 0041 (041) 980 03 47<\/p>\n<p> Wir bieten Ihnen weitere gebrauchte Autoteile zum Kauf an.<br \/>\n<\/span><\/p>\n","protected":false},"excerpt":{"rendered":"<p>Technische Daten Fahrzeug: Suzuki SX4 Chassis Nr.: TSMJYB22S00128856 Baujahr: 2013 Kilometer: 165624 KM Leistung: 120 KW Hubraum: 1586 ccm Typ: 1SD764 Farbcode: blau Hinweise: &#8211; Versand: Versand nur in der Schweiz m\u00f6glich.Im Ausland ist der Transport k\u00e4uferseits. Garantie: 3 Monate Garantie. Bitte beachten Sie, dass die Gew\u00e4hrleistung nur g\u00fcltig ist, wenn der Ersatzteileinbau durch eine&hellip; <a class=\"more-link\" href=\"https:\/\/occasions-teile.ch\/fr\/produkt\/suzuki-sx4-bremszange-bremssattel-vorne-2\/\">Poursuivre la lecture <span class=\"screen-reader-text\">Suzuki SX4  Bremszange Bremssattel vorne<\/span><\/a><\/p>\n","protected":false},"featured_media":79796,"template":"","meta":[],"product_brand":[],"product_cat":[530,777,778,23726,449,2374,2373],"product_tag":[],"class_list":{"0":"post-79799","1":"product","2":"type-product","3":"status-publish","4":"has-post-thumbnail","6":"product_cat-de-bremse-bremsanlage","7":"product_cat-de-bremssatteltraeger","8":"product_cat-de-bremszange-bremssattel-vorne","9":"product_cat-de-s-cross-1-6-allgrip-de_sx4-suzuki-manufacturer-30","10":"product_cat-suzuki","11":"product_cat-de_sx4","12":"product_cat-de-tsmjyb22s00128856-20000205","13":"product_shipping_class-tarif-1","14":"entry","16":"first","17":"instock","18":"taxable","19":"shipping-taxable","20":"purchasable","21":"product-type-simple"},"jetpack_sharing_enabled":true,"_links":{"self":[{"href":"https:\/\/occasions-teile.ch\/fr\/wp-json\/wp\/v2\/product\/79799","targetHints":{"allow":["GET"]}}],"collection":[{"href":"https:\/\/occasions-teile.ch\/fr\/wp-json\/wp\/v2\/product"}],"about":[{"href":"https:\/\/occasions-teile.ch\/fr\/wp-json\/wp\/v2\/types\/product"}],"wp:featuredmedia":[{"embeddable":true,"href":"https:\/\/occasions-teile.ch\/fr\/wp-json\/wp\/v2\/media\/79796"}],"wp:attachment":[{"href":"https:\/\/occasions-teile.ch\/fr\/wp-json\/wp\/v2\/media?parent=79799"}],"wp:term":[{"taxonomy":"product_brand","embeddable":true,"href":"https:\/\/occasions-teile.ch\/fr\/wp-json\/wp\/v2\/product_brand?post=79799"},{"taxonomy":"product_cat","embeddable":true,"href":"https:\/\/occasions-teile.ch\/fr\/wp-json\/wp\/v2\/product_cat?post=79799"},{"taxonomy":"product_tag","embeddable":true,"href":"https:\/\/occasions-teile.ch\/fr\/wp-json\/wp\/v2\/product_tag?post=79799"}],"curies":[{"name":"wp","href":"https:\/\/api.w.org\/{rel}","templated":true}]}}