{"id":78216,"date":"2023-08-25T07:53:04","date_gmt":"2023-08-25T07:53:04","guid":{"rendered":"https:\/\/occasions-teile.ch\/product\/land-rover-range-rover-display-navigation-3\/"},"modified":"2023-08-25T07:53:22","modified_gmt":"2023-08-25T07:53:22","slug":"land-rover-range-rover-display-navigation-3","status":"publish","type":"product","link":"https:\/\/occasions-teile.ch\/fr\/produkt\/land-rover-range-rover-display-navigation-3\/","title":{"rendered":"Land Rover Range Rover  Display Navigation"},"content":{"rendered":"<p><span><b>Donn\u00e9es techniques<\/b><\/p>\n<p> V\u00e9hicule: Land Rover Range Rover<br \/>\n N\u00b0 de ch\u00e2ssis: SALLSAA74AA238748<br \/>\n Ann\u00e9e de production: 2010<br \/>\n Kilom\u00e9trage: 225505 KM<br \/>\n Puissance: 272 PS<br \/>\n Cylindr\u00e9e du moteur: 3628 ccm<br \/>\n Typ: 1LC583<br \/>\n Code couleur: White\/Weiss<br \/>\n Remarques: &#8211;<\/p>\n<p> Exp\u00e9dition : L&rsquo;exp\u00e9dition n&rsquo;est disponible qu&rsquo;en Suisse. Dans d&rsquo;autres pays, l&rsquo;acheteur est responsable du transport.<br \/>\n Garantie : 3 mois de garantie. Veuillez noter que la garantie n&rsquo;est valable que si les pi\u00e8ces de rechange sont install\u00e9es par un atelier sp\u00e9cialis\u00e9\/ma\u00eetre. Le montage et le d\u00e9montage de la pi\u00e8ce de rechange ne peuvent pas nous \u00eatre factur\u00e9s.<\/p>\n<p> Pi\u00e8ce de rechange : pour d&rsquo;autres v\u00e9hicules (marques) disponible sur demande. T\u00e9l. 041 980 27 47. Portable. 076 589 27 47<\/p>\n<p>  Contact<br \/>\n   Adresse : Autoverwertung Brun AG<br \/>\n              M\u00f6\u00f6slimatten 13<br \/>\n              6218 Ettiswil<br \/>\n   T\u00e9l\u00e9phone : 0041 (041) 980 27 47<br \/>\n   T\u00e9l\u00e9fax : 0041 (041) 980 03 47<\/p>\n<p>  Nous proposons \u00e9galement d&rsquo;autres pi\u00e8ces automobiles d&rsquo;occasion \u00e0 vendre.<br \/>\n<\/span><\/p>\n","protected":false},"excerpt":{"rendered":"<p>Donn\u00e9es techniques V\u00e9hicule: Land Rover Range Rover N\u00b0 de ch\u00e2ssis: SALLSAA74AA238748 Ann\u00e9e de production: 2010 Kilom\u00e9trage: 225505 KM Puissance: 272 PS Cylindr\u00e9e du moteur: 3628 ccm Typ: 1LC583 Code couleur: White\/Weiss Remarques: &#8211; Exp\u00e9dition : L&rsquo;exp\u00e9dition n&rsquo;est disponible qu&rsquo;en Suisse. Dans d&rsquo;autres pays, l&rsquo;acheteur est responsable du transport. Garantie : 3 mois de garantie. Veuillez&hellip; <a class=\"more-link\" href=\"https:\/\/occasions-teile.ch\/fr\/produkt\/land-rover-range-rover-display-navigation-3\/\">Poursuivre la lecture <span class=\"screen-reader-text\">Land Rover Range Rover  Display Navigation<\/span><\/a><\/p>\n","protected":false},"featured_media":78213,"template":"","meta":[],"product_brand":[],"product_cat":[1138,627,624,621,1697,1700,1694,1136,1137,866,868,864,2331,2333,2329,2332,2328,2330],"product_tag":[],"class_list":{"0":"post-78216","1":"product","2":"type-product","3":"status-publish","4":"has-post-thumbnail","6":"product_cat-fr-affichage-de-la-navigation","7":"product_cat-fr-electricite-dispositifs-de-commande","8":"product_cat-en-electrics-control-units","9":"product_cat-de-elektrik-steuergeraete","10":"product_cat-en_land-rover","11":"product_cat-fr_land-rover","12":"product_cat-de_land-rover","13":"product_cat-de-navigation-display","14":"product_cat-en-navigation-display","15":"product_cat-en-radio-navigation-phone","16":"product_cat-fr-radio-navigation-telephone","17":"product_cat-de-radio-navigation-telefon","18":"product_cat-en_range-rover","19":"product_cat-fr_range-rover","20":"product_cat-de_range-rover","21":"product_cat-fr-sallsaa74aa238748-20000203","22":"product_cat-de-sallsaa74aa238748-20000203","23":"product_cat-en-sallsaa74aa238748-20000203","24":"product_shipping_class-tarif-1-fr","25":"entry","27":"first","28":"outofstock","29":"taxable","30":"shipping-taxable","31":"purchasable","32":"product-type-simple"},"jetpack_sharing_enabled":true,"_links":{"self":[{"href":"https:\/\/occasions-teile.ch\/fr\/wp-json\/wp\/v2\/product\/78216","targetHints":{"allow":["GET"]}}],"collection":[{"href":"https:\/\/occasions-teile.ch\/fr\/wp-json\/wp\/v2\/product"}],"about":[{"href":"https:\/\/occasions-teile.ch\/fr\/wp-json\/wp\/v2\/types\/product"}],"wp:featuredmedia":[{"embeddable":true,"href":"https:\/\/occasions-teile.ch\/fr\/wp-json\/wp\/v2\/media\/78213"}],"wp:attachment":[{"href":"https:\/\/occasions-teile.ch\/fr\/wp-json\/wp\/v2\/media?parent=78216"}],"wp:term":[{"taxonomy":"product_brand","embeddable":true,"href":"https:\/\/occasions-teile.ch\/fr\/wp-json\/wp\/v2\/product_brand?post=78216"},{"taxonomy":"product_cat","embeddable":true,"href":"https:\/\/occasions-teile.ch\/fr\/wp-json\/wp\/v2\/product_cat?post=78216"},{"taxonomy":"product_tag","embeddable":true,"href":"https:\/\/occasions-teile.ch\/fr\/wp-json\/wp\/v2\/product_tag?post=78216"}],"curies":[{"name":"wp","href":"https:\/\/api.w.org\/{rel}","templated":true}]}}