{"id":78174,"date":"2023-08-25T07:47:36","date_gmt":"2023-08-25T07:47:36","guid":{"rendered":"https:\/\/occasions-teile.ch\/product\/land-rover-range-rover-lenkrad\/"},"modified":"2024-05-27T19:29:46","modified_gmt":"2024-05-27T19:29:46","slug":"land-rover-range-rover-lenkrad","status":"publish","type":"product","link":"https:\/\/occasions-teile.ch\/fr\/produkt\/land-rover-range-rover-lenkrad\/","title":{"rendered":"Land Rover Range Rover  Lenkrad"},"content":{"rendered":"<p><span><b>Technische Daten<\/b><\/p>\n<p> Fahrzeug: Land Rover Range Rover<br \/>\n Chassis Nr.: SALLSAA74AA238748<br \/>\n Baujahr: 2010<br \/>\n Kilometer: 225505 KM<br \/>\n Leistung: 272 KW<br \/>\n Hubraum: 3628 ccm<br \/>\n Typ: 1LC583<br \/>\n Farbcode: White\/Weiss<br \/>\n Hinweise: &#8211;<\/p>\n<p> Versand: Versand nur in der Schweiz m\u00f6glich.Im Ausland ist der Transport k\u00e4uferseits.<br \/>\n Garantie: 3 Monate Garantie. Bitte beachten Sie, dass die Gew\u00e4hrleistung nur g\u00fcltig ist, wenn der Ersatzteileinbau durch eine Fachwerkstatt\/Meisterwerkstatt erfolgt. Das Ein- und Ausbau des Ersatzteiles kann nicht an uns verrechnet werden. <\/p>\n<p> Ersatzteil: f\u00fcr andere Fahrzeugen (Marken) verf\u00fcgbar auf anfrage. Tel.041 980 27 47. Mobil. 076 589 27 47<\/p>\n<p> Kontakt<br \/>\n  Adresse: Autoverwertung Brun AG<br \/>\n           M\u00f6\u00f6slimatten 13<br \/>\n           6218 Ettiswil<br \/>\n  Telefon: 0041 (041) 980 27 47<br \/>\n  Telefax: 0041 (041) 980 03 47<\/p>\n<p> Wir bieten Ihnen weitere gebrauchte Autoteile zum Kauf an.<br \/>\n<\/span><\/p>\n","protected":false},"excerpt":{"rendered":"<p>Technische Daten Fahrzeug: Land Rover Range Rover Chassis Nr.: SALLSAA74AA238748 Baujahr: 2010 Kilometer: 225505 KM Leistung: 272 KW Hubraum: 3628 ccm Typ: 1LC583 Farbcode: White\/Weiss Hinweise: &#8211; Versand: Versand nur in der Schweiz m\u00f6glich.Im Ausland ist der Transport k\u00e4uferseits. Garantie: 3 Monate Garantie. Bitte beachten Sie, dass die Gew\u00e4hrleistung nur g\u00fcltig ist, wenn der Ersatzteileinbau&hellip; <a class=\"more-link\" href=\"https:\/\/occasions-teile.ch\/fr\/produkt\/land-rover-range-rover-lenkrad\/\">Poursuivre la lecture <span class=\"screen-reader-text\">Land Rover Range Rover  Lenkrad<\/span><\/a><\/p>\n","protected":false},"featured_media":78168,"template":"","meta":[],"product_brand":[],"product_cat":[804,810,807,1694,1697,1700,817,816,2331,2333,2329,23725,2330,2332,2328,819,818,821,820],"product_tag":[],"class_list":{"0":"post-78174","1":"product","2":"type-product","3":"status-publish","4":"has-post-thumbnail","6":"product_cat-de-innenraum","7":"product_cat-fr-interieur","8":"product_cat-en-interior","9":"product_cat-de_land-rover","10":"product_cat-en_land-rover","11":"product_cat-fr_land-rover","12":"product_cat-de-lenkrad","13":"product_cat-de-lenkradschaltknaufpedalwerk","14":"product_cat-en_range-rover","15":"product_cat-fr_range-rover","16":"product_cat-de_range-rover","17":"product_cat-de-rr-sport-de_range-rover-de_land-rover-manufacturer-51","18":"product_cat-en-sallsaa74aa238748-20000203","19":"product_cat-fr-sallsaa74aa238748-20000203","20":"product_cat-de-sallsaa74aa238748-20000203","21":"product_cat-en-steering-wheel","22":"product_cat-en-steering-wheelshift-knobpedal-work","23":"product_cat-fr-volant","24":"product_cat-fr-volantpommeau-de-levier-de-vitessepedalier","25":"product_shipping_class-tarif-1","26":"entry","28":"first","29":"instock","30":"taxable","31":"shipping-taxable","32":"purchasable","33":"product-type-simple"},"jetpack_sharing_enabled":true,"_links":{"self":[{"href":"https:\/\/occasions-teile.ch\/fr\/wp-json\/wp\/v2\/product\/78174","targetHints":{"allow":["GET"]}}],"collection":[{"href":"https:\/\/occasions-teile.ch\/fr\/wp-json\/wp\/v2\/product"}],"about":[{"href":"https:\/\/occasions-teile.ch\/fr\/wp-json\/wp\/v2\/types\/product"}],"wp:featuredmedia":[{"embeddable":true,"href":"https:\/\/occasions-teile.ch\/fr\/wp-json\/wp\/v2\/media\/78168"}],"wp:attachment":[{"href":"https:\/\/occasions-teile.ch\/fr\/wp-json\/wp\/v2\/media?parent=78174"}],"wp:term":[{"taxonomy":"product_brand","embeddable":true,"href":"https:\/\/occasions-teile.ch\/fr\/wp-json\/wp\/v2\/product_brand?post=78174"},{"taxonomy":"product_cat","embeddable":true,"href":"https:\/\/occasions-teile.ch\/fr\/wp-json\/wp\/v2\/product_cat?post=78174"},{"taxonomy":"product_tag","embeddable":true,"href":"https:\/\/occasions-teile.ch\/fr\/wp-json\/wp\/v2\/product_tag?post=78174"}],"curies":[{"name":"wp","href":"https:\/\/api.w.org\/{rel}","templated":true}]}}