{"id":77027,"date":"2023-08-23T08:23:24","date_gmt":"2023-08-23T08:23:24","guid":{"rendered":"https:\/\/occasions-teile.ch\/product\/bmw-x-serien-x1-motor-3\/"},"modified":"2023-08-23T08:23:56","modified_gmt":"2023-08-23T08:23:56","slug":"bmw-x-serien-x1-motor-3","status":"publish","type":"product","link":"https:\/\/occasions-teile.ch\/fr\/produkt\/bmw-x-serien-x1-motor-3\/","title":{"rendered":"BMW X-serien X1 Motor"},"content":{"rendered":"<p><span><b>Donn\u00e9es techniques<\/b><\/p>\n<p> V\u00e9hicule: BMW X-serien X1<br \/>\n N\u00b0 de ch\u00e2ssis: WBAVP71030VW68240<br \/>\n Ann\u00e9e de production: 2014<br \/>\n Kilom\u00e9trage: 123583 KM<br \/>\n Puissance: 143 PS<br \/>\n Cylindr\u00e9e du moteur: 1995 ccm<br \/>\n Typ: 1BC492<br \/>\n Code couleur: grau<br \/>\n Remarques: Achtung \u00d6lwanne ist besch\u00e4digt muss ersetzt werden!!!<\/p>\n<p> Exp\u00e9dition : L&rsquo;exp\u00e9dition n&rsquo;est disponible qu&rsquo;en Suisse. Dans d&rsquo;autres pays, l&rsquo;acheteur est responsable du transport.<br \/>\n Garantie : 3 mois de garantie. Veuillez noter que la garantie n&rsquo;est valable que si les pi\u00e8ces de rechange sont install\u00e9es par un atelier sp\u00e9cialis\u00e9\/ma\u00eetre. Le montage et le d\u00e9montage de la pi\u00e8ce de rechange ne peuvent pas nous \u00eatre factur\u00e9s.<\/p>\n<p> Pi\u00e8ce de rechange : pour d&rsquo;autres v\u00e9hicules (marques) disponible sur demande. T\u00e9l. 041 980 27 47. Portable. 076 589 27 47<\/p>\n<p>  Contact<br \/>\n   Adresse : Autoverwertung Brun AG<br \/>\n              M\u00f6\u00f6slimatten 13<br \/>\n              6218 Ettiswil<br \/>\n   T\u00e9l\u00e9phone : 0041 (041) 980 27 47<br \/>\n   T\u00e9l\u00e9fax : 0041 (041) 980 03 47<\/p>\n<p>  Nous proposons \u00e9galement d&rsquo;autres pi\u00e8ces automobiles d&rsquo;occasion \u00e0 vendre.<br \/>\n<\/span><\/p>\n","protected":false},"excerpt":{"rendered":"<p>Donn\u00e9es techniques V\u00e9hicule: BMW X-serien X1 N\u00b0 de ch\u00e2ssis: WBAVP71030VW68240 Ann\u00e9e de production: 2014 Kilom\u00e9trage: 123583 KM Puissance: 143 PS Cylindr\u00e9e du moteur: 1995 ccm Typ: 1BC492 Code couleur: grau Remarques: Achtung \u00d6lwanne ist besch\u00e4digt muss ersetzt werden!!! Exp\u00e9dition : L&rsquo;exp\u00e9dition n&rsquo;est disponible qu&rsquo;en Suisse. Dans d&rsquo;autres pays, l&rsquo;acheteur est responsable du transport. Garantie :&hellip; <a class=\"more-link\" href=\"https:\/\/occasions-teile.ch\/fr\/produkt\/bmw-x-serien-x1-motor-3\/\">Poursuivre la lecture <span class=\"screen-reader-text\">BMW X-serien X1 Motor<\/span><\/a><\/p>\n","protected":false},"featured_media":77024,"template":"","meta":[],"product_brand":[],"product_cat":[1512,1515,1509,500,501,502,495,496,497,498,494,499,2326,2322,2324,2325,2327,2323],"product_tag":[],"class_list":{"0":"post-77027","1":"product","2":"type-product","3":"status-publish","4":"has-post-thumbnail","6":"product_cat-en_bmw","7":"product_cat-fr_bmw","8":"product_cat-de_bmw","9":"product_cat-fr-moteur","10":"product_cat-fr-moteur-fr-moteur","11":"product_cat-fr-moteur-fr-moteur-fr-moteur","12":"product_cat-de-motor-de-motor","13":"product_cat-de-motor-de-motor-de-motor","14":"product_cat-en-motor","15":"product_cat-en-motor-en-motor","16":"product_cat-de-motor","17":"product_cat-en-motor-en-motor-en-motor","18":"product_cat-fr-wbavp71030vw68240-20000202","19":"product_cat-de-wbavp71030vw68240-20000202","20":"product_cat-en-wbavp71030vw68240-20000202","21":"product_cat-en_x-serien-x1","22":"product_cat-fr_x-serien-x1","23":"product_cat-de_x-serien-x1","24":"product_shipping_class-tarif-4-fr","25":"entry","27":"first","28":"outofstock","29":"taxable","30":"shipping-taxable","31":"purchasable","32":"product-type-simple"},"jetpack_sharing_enabled":true,"_links":{"self":[{"href":"https:\/\/occasions-teile.ch\/fr\/wp-json\/wp\/v2\/product\/77027","targetHints":{"allow":["GET"]}}],"collection":[{"href":"https:\/\/occasions-teile.ch\/fr\/wp-json\/wp\/v2\/product"}],"about":[{"href":"https:\/\/occasions-teile.ch\/fr\/wp-json\/wp\/v2\/types\/product"}],"wp:featuredmedia":[{"embeddable":true,"href":"https:\/\/occasions-teile.ch\/fr\/wp-json\/wp\/v2\/media\/77024"}],"wp:attachment":[{"href":"https:\/\/occasions-teile.ch\/fr\/wp-json\/wp\/v2\/media?parent=77027"}],"wp:term":[{"taxonomy":"product_brand","embeddable":true,"href":"https:\/\/occasions-teile.ch\/fr\/wp-json\/wp\/v2\/product_brand?post=77027"},{"taxonomy":"product_cat","embeddable":true,"href":"https:\/\/occasions-teile.ch\/fr\/wp-json\/wp\/v2\/product_cat?post=77027"},{"taxonomy":"product_tag","embeddable":true,"href":"https:\/\/occasions-teile.ch\/fr\/wp-json\/wp\/v2\/product_tag?post=77027"}],"curies":[{"name":"wp","href":"https:\/\/api.w.org\/{rel}","templated":true}]}}