{"id":74757,"date":"2023-08-18T05:51:09","date_gmt":"2023-08-18T05:51:09","guid":{"rendered":"https:\/\/occasions-teile.ch\/product\/kia-sorento-servopumpe\/"},"modified":"2024-05-24T19:57:35","modified_gmt":"2024-05-24T19:57:35","slug":"kia-sorento-servopumpe","status":"publish","type":"product","link":"https:\/\/occasions-teile.ch\/fr\/produkt\/kia-sorento-servopumpe\/","title":{"rendered":"Kia Sorento  Servopumpe"},"content":{"rendered":"<p><span><b>Technische Daten<\/b><\/p>\n<p> Fahrzeug: Kia Sorento<br \/>\n Chassis Nr.: KNAKU814DA5104284<br \/>\n Baujahr: 2011<br \/>\n Kilometer: 166392 KM<br \/>\n Leistung: 197 KW<br \/>\n Hubraum: 2199 ccm<br \/>\n Typ: 1ka251<br \/>\n Farbcode: silber<br \/>\n Hinweise: &#8211;<\/p>\n<p> Versand: Versand nur in der Schweiz m\u00f6glich.Im Ausland ist der Transport k\u00e4uferseits.<br \/>\n Garantie: 3 Monate Garantie. Bitte beachten Sie, dass die Gew\u00e4hrleistung nur g\u00fcltig ist, wenn der Ersatzteileinbau durch eine Fachwerkstatt\/Meisterwerkstatt erfolgt. Das Ein- und Ausbau des Ersatzteiles kann nicht an uns verrechnet werden. <\/p>\n<p> Ersatzteil: f\u00fcr andere Fahrzeugen (Marken) verf\u00fcgbar auf anfrage. Tel.041 980 27 47. Mobil. 076 589 27 47<\/p>\n<p> Kontakt<br \/>\n  Adresse: Autoverwertung Brun AG<br \/>\n           M\u00f6\u00f6slimatten 13<br \/>\n           6218 Ettiswil<br \/>\n  Telefon: 0041 (041) 980 27 47<br \/>\n  Telefax: 0041 (041) 980 03 47<\/p>\n<p> Wir bieten Ihnen weitere gebrauchte Autoteile zum Kauf an.<br \/>\n<\/span><\/p>\n","protected":false},"excerpt":{"rendered":"<p>Technische Daten Fahrzeug: Kia Sorento Chassis Nr.: KNAKU814DA5104284 Baujahr: 2011 Kilometer: 166392 KM Leistung: 197 KW Hubraum: 2199 ccm Typ: 1ka251 Farbcode: silber Hinweise: &#8211; Versand: Versand nur in der Schweiz m\u00f6glich.Im Ausland ist der Transport k\u00e4uferseits. Garantie: 3 Monate Garantie. Bitte beachten Sie, dass die Gew\u00e4hrleistung nur g\u00fcltig ist, wenn der Ersatzteileinbau durch eine&hellip; <a class=\"more-link\" href=\"https:\/\/occasions-teile.ch\/fr\/produkt\/kia-sorento-servopumpe\/\">Poursuivre la lecture <span class=\"screen-reader-text\">Kia Sorento  Servopumpe<\/span><\/a><\/p>\n","protected":false},"featured_media":74754,"template":"","meta":[],"product_brand":[],"product_cat":[23587,547,547,589,589,589,1982,1982,1982,1716,1715,1715,1716,1715,1716,1983,1983,1983,547],"product_tag":[],"class_list":{"0":"post-74757","1":"product","2":"type-product","3":"status-publish","4":"has-post-thumbnail","6":"product_cat-de-2-2-2-crdi-4wd-de_sorento-de_kia-manufacturer-38","7":"product_cat-fr-train-de-roulement-direction","9":"product_cat-fr_kia","12":"product_cat-fr-knaku814da5104284","15":"product_cat-fr-pompe-de-direction-assistee-fr-pompe-de-direction-assistee","16":"product_cat-fr-pompe-de-direction-assistee","21":"product_cat-fr_sorento","25":"product_shipping_class-tarif-1-fr","26":"entry","28":"first","29":"instock","30":"taxable","31":"shipping-taxable","32":"purchasable","33":"product-type-simple"},"jetpack_sharing_enabled":true,"_links":{"self":[{"href":"https:\/\/occasions-teile.ch\/fr\/wp-json\/wp\/v2\/product\/74757","targetHints":{"allow":["GET"]}}],"collection":[{"href":"https:\/\/occasions-teile.ch\/fr\/wp-json\/wp\/v2\/product"}],"about":[{"href":"https:\/\/occasions-teile.ch\/fr\/wp-json\/wp\/v2\/types\/product"}],"wp:featuredmedia":[{"embeddable":true,"href":"https:\/\/occasions-teile.ch\/fr\/wp-json\/wp\/v2\/media\/74754"}],"wp:attachment":[{"href":"https:\/\/occasions-teile.ch\/fr\/wp-json\/wp\/v2\/media?parent=74757"}],"wp:term":[{"taxonomy":"product_brand","embeddable":true,"href":"https:\/\/occasions-teile.ch\/fr\/wp-json\/wp\/v2\/product_brand?post=74757"},{"taxonomy":"product_cat","embeddable":true,"href":"https:\/\/occasions-teile.ch\/fr\/wp-json\/wp\/v2\/product_cat?post=74757"},{"taxonomy":"product_tag","embeddable":true,"href":"https:\/\/occasions-teile.ch\/fr\/wp-json\/wp\/v2\/product_tag?post=74757"}],"curies":[{"name":"wp","href":"https:\/\/api.w.org\/{rel}","templated":true}]}}