{"id":73948,"date":"2023-07-31T15:39:37","date_gmt":"2023-07-31T15:39:37","guid":{"rendered":"https:\/\/occasions-teile.ch\/product\/jeep-compass-kardanwelle\/"},"modified":"2026-03-20T10:35:39","modified_gmt":"2026-03-20T10:35:39","slug":"jeep-compass-kardanwelle","status":"publish","type":"product","link":"https:\/\/occasions-teile.ch\/fr\/produkt\/jeep-compass-kardanwelle\/","title":{"rendered":"Jeep Compass  Kardanwelle 68305555AB"},"content":{"rendered":"<p><b>Technische Daten<\/b><\/p>\n<p>Fahrzeug: Jeep Compass<br \/>\nChassis Nr.: 3C4NJDCY4HT662674<br \/>\nBaujahr: 2017<br \/>\nKilometer: 127325 KM<br \/>\nLeistung: 140 KW<br \/>\nHubraum: 1956 ccm<br \/>\nTyp: 1JB287<br \/>\nFarbcode: grau<br \/>\nHinweise: &#8211;<\/p>\n<p>Versand: Versand nur in der Schweiz m\u00f6glich.Im Ausland ist der Transport k\u00e4uferseits.<br \/>\nGarantie: 3 Monate Garantie. Bitte beachten Sie, dass die Gew\u00e4hrleistung nur g\u00fcltig ist, wenn der Ersatzteileinbau durch eine Fachwerkstatt\/Meisterwerkstatt erfolgt. Das Ein- und Ausbau des Ersatzteiles kann nicht an uns verrechnet werden.<\/p>\n<p>Ersatzteil: f\u00fcr andere Fahrzeugen (Marken) verf\u00fcgbar auf anfrage. Tel.041 980 27 47. Mobil. 076 589 27 47<\/p>\n<p>Kontakt<br \/>\nAdresse: Autoverwertung Brun AG<br \/>\nM\u00f6\u00f6slimatten 13<br \/>\n6218 Ettiswil<br \/>\nTelefon: 0041 (041) 980 27 47<br \/>\nTelefax: 0041 (041) 980 03 47<\/p>\n<p>Wir bieten Ihnen weitere gebrauchte Autoteile zum Kauf an.<\/p>\n","protected":false},"excerpt":{"rendered":"<p>Technische Daten Fahrzeug: Jeep Compass Chassis Nr.: 3C4NJDCY4HT662674 Baujahr: 2017 Kilometer: 127325 KM Leistung: 140 KW Hubraum: 1956 ccm Typ: 1JB287 Farbcode: grau Hinweise: &#8211; Versand: Versand nur in der Schweiz m\u00f6glich.Im Ausland ist der Transport k\u00e4uferseits. Garantie: 3 Monate Garantie. Bitte beachten Sie, dass die Gew\u00e4hrleistung nur g\u00fcltig ist, wenn der Ersatzteileinbau durch eine&hellip; <a class=\"more-link\" href=\"https:\/\/occasions-teile.ch\/fr\/produkt\/jeep-compass-kardanwelle\/\">Poursuivre la lecture <span class=\"screen-reader-text\">Jeep Compass  Kardanwelle 68305555AB<\/span><\/a><\/p>\n","protected":false},"featured_media":73945,"template":"","meta":[],"product_brand":[],"product_cat":[23680,2300,2301,648,2202,1074,1056],"product_tag":[],"class_list":{"0":"post-73948","1":"product","2":"type-product","3":"status-publish","4":"has-post-thumbnail","6":"product_cat-de-2-0-crd-de_compass-de_jeep-manufacturer-41","7":"product_cat-de-3c4njdcy4ht662674-20000199","8":"product_cat-de_compass","9":"product_cat-de-getriebe-antrieb","10":"product_cat-de_jeep","11":"product_cat-de-kardanwellen-de-kardanwellen","12":"product_cat-de-kardanwellen","13":"product_shipping_class-tarif-3","14":"entry","16":"first","17":"instock","18":"taxable","19":"shipping-taxable","20":"purchasable","21":"product-type-simple"},"jetpack_sharing_enabled":true,"_links":{"self":[{"href":"https:\/\/occasions-teile.ch\/fr\/wp-json\/wp\/v2\/product\/73948","targetHints":{"allow":["GET"]}}],"collection":[{"href":"https:\/\/occasions-teile.ch\/fr\/wp-json\/wp\/v2\/product"}],"about":[{"href":"https:\/\/occasions-teile.ch\/fr\/wp-json\/wp\/v2\/types\/product"}],"wp:featuredmedia":[{"embeddable":true,"href":"https:\/\/occasions-teile.ch\/fr\/wp-json\/wp\/v2\/media\/73945"}],"wp:attachment":[{"href":"https:\/\/occasions-teile.ch\/fr\/wp-json\/wp\/v2\/media?parent=73948"}],"wp:term":[{"taxonomy":"product_brand","embeddable":true,"href":"https:\/\/occasions-teile.ch\/fr\/wp-json\/wp\/v2\/product_brand?post=73948"},{"taxonomy":"product_cat","embeddable":true,"href":"https:\/\/occasions-teile.ch\/fr\/wp-json\/wp\/v2\/product_cat?post=73948"},{"taxonomy":"product_tag","embeddable":true,"href":"https:\/\/occasions-teile.ch\/fr\/wp-json\/wp\/v2\/product_tag?post=73948"}],"curies":[{"name":"wp","href":"https:\/\/api.w.org\/{rel}","templated":true}]}}