{"id":7248,"date":"2023-04-04T15:14:52","date_gmt":"2023-04-04T15:14:52","guid":{"rendered":"https:\/\/occasions-teile.ch\/product\/opel-crossland-x-kondensator-klima-klimakuehler-3\/"},"modified":"2023-04-04T15:14:53","modified_gmt":"2023-04-04T15:14:53","slug":"opel-crossland-x-kondensator-klima-klimakuehler-3","status":"publish","type":"product","link":"https:\/\/occasions-teile.ch\/fr\/produkt\/opel-crossland-x-kondensator-klima-klimakuehler-3\/","title":{"rendered":"Opel crossland x  Kondensator Klima Klimak\u00fchler"},"content":{"rendered":"<p><span><b>Donn\u00e9es techniques<\/b><\/p>\n<p> V\u00e9hicule: Opel crossland x<br \/>\n N\u00b0 de ch\u00e2ssis: W0V7H9EB6M4073626<br \/>\n Ann\u00e9e de production: 2021<br \/>\n Kilom\u00e9trage: 15000 KM<br \/>\n Puissance: 131 KW<br \/>\n Cylindr\u00e9e du moteur: 1199 ccm<br \/>\n Typ: 1OD830<br \/>\n Code couleur: White\/Weiss<br \/>\n Remarques: &#8211;<\/p>\n<p> Exp\u00e9dition : L&rsquo;exp\u00e9dition n&rsquo;est disponible qu&rsquo;en Suisse. Dans d&rsquo;autres pays, l&rsquo;acheteur est responsable du transport.<br \/>\n Garantie : 3 mois de garantie. Veuillez noter que la garantie n&rsquo;est valable que si les pi\u00e8ces de rechange sont install\u00e9es par un atelier sp\u00e9cialis\u00e9\/ma\u00eetre. Le montage et le d\u00e9montage de la pi\u00e8ce de rechange ne peuvent pas nous \u00eatre factur\u00e9s.<\/p>\n<p> Pi\u00e8ce de rechange : pour d&rsquo;autres v\u00e9hicules (marques) disponible sur demande. T\u00e9l. 041 980 27 47. Portable. 076 589 27 47<\/p>\n<p>  Contact<br \/>\n   Adresse : Autoverwertung Brun AG<br \/>\n              M\u00f6\u00f6slimatten 13<br \/>\n              6218 Ettiswil<br \/>\n   T\u00e9l\u00e9phone : 0041 (041) 980 27 47<br \/>\n   T\u00e9l\u00e9fax : 0041 (041) 980 03 47<\/p>\n<p>  Nous proposons \u00e9galement d&rsquo;autres pi\u00e8ces automobiles d&rsquo;occasion \u00e0 vendre.<br \/>\n<\/span><\/p>\n","protected":false},"excerpt":{"rendered":"<p>Donn\u00e9es techniques V\u00e9hicule: Opel crossland x N\u00b0 de ch\u00e2ssis: W0V7H9EB6M4073626 Ann\u00e9e de production: 2021 Kilom\u00e9trage: 15000 KM Puissance: 131 KW Cylindr\u00e9e du moteur: 1199 ccm Typ: 1OD830 Code couleur: White\/Weiss Remarques: &#8211; Exp\u00e9dition : L&rsquo;exp\u00e9dition n&rsquo;est disponible qu&rsquo;en Suisse. Dans d&rsquo;autres pays, l&rsquo;acheteur est responsable du transport. Garantie : 3 mois de garantie. Veuillez noter&hellip; <a class=\"more-link\" href=\"https:\/\/occasions-teile.ch\/fr\/produkt\/opel-crossland-x-kondensator-klima-klimakuehler-3\/\">Poursuivre la lecture <span class=\"screen-reader-text\">Opel crossland x  Kondensator Klima Klimak\u00fchler<\/span><\/a><\/p>\n","protected":false},"featured_media":7242,"template":"","meta":[],"product_brand":[],"product_cat":[717,1041,1040,1043,1042,1453,1449,1451,714,711,1039,1038,613,616,619,1450,1452,1448],"product_tag":[],"class_list":{"0":"post-7248","1":"product","2":"type-product","3":"status-publish","4":"has-post-thumbnail","6":"product_cat-fr-chauffage-climatisation","7":"product_cat-en-condenser-climate","8":"product_cat-en-condenserclimate","9":"product_cat-fr-condenseur-climatisation","10":"product_cat-fr-condenseurclimatisation","11":"product_cat-fr_crossland-x","12":"product_cat-de_crossland-x","13":"product_cat-en_crossland-x","14":"product_cat-en-heating-air-conditioning","15":"product_cat-de-heizung-klima","16":"product_cat-de-kondensator-klima-klimakuehler","17":"product_cat-de-kondensatorklima","18":"product_cat-de_opel","19":"product_cat-en_opel","20":"product_cat-fr_opel","21":"product_cat-en-w0v7h9eb6m4073626","22":"product_cat-fr-w0v7h9eb6m4073626","23":"product_cat-de-w0v7h9eb6m4073626","24":"product_shipping_class-tarif-1-fr","25":"entry","27":"first","28":"outofstock","29":"taxable","30":"shipping-taxable","31":"purchasable","32":"product-type-simple"},"jetpack_sharing_enabled":true,"_links":{"self":[{"href":"https:\/\/occasions-teile.ch\/fr\/wp-json\/wp\/v2\/product\/7248","targetHints":{"allow":["GET"]}}],"collection":[{"href":"https:\/\/occasions-teile.ch\/fr\/wp-json\/wp\/v2\/product"}],"about":[{"href":"https:\/\/occasions-teile.ch\/fr\/wp-json\/wp\/v2\/types\/product"}],"wp:featuredmedia":[{"embeddable":true,"href":"https:\/\/occasions-teile.ch\/fr\/wp-json\/wp\/v2\/media\/7242"}],"wp:attachment":[{"href":"https:\/\/occasions-teile.ch\/fr\/wp-json\/wp\/v2\/media?parent=7248"}],"wp:term":[{"taxonomy":"product_brand","embeddable":true,"href":"https:\/\/occasions-teile.ch\/fr\/wp-json\/wp\/v2\/product_brand?post=7248"},{"taxonomy":"product_cat","embeddable":true,"href":"https:\/\/occasions-teile.ch\/fr\/wp-json\/wp\/v2\/product_cat?post=7248"},{"taxonomy":"product_tag","embeddable":true,"href":"https:\/\/occasions-teile.ch\/fr\/wp-json\/wp\/v2\/product_tag?post=7248"}],"curies":[{"name":"wp","href":"https:\/\/api.w.org\/{rel}","templated":true}]}}