{"id":7048,"date":"2023-04-04T14:37:14","date_gmt":"2023-04-04T14:37:14","guid":{"rendered":"https:\/\/occasions-teile.ch\/product\/opel-crossland-x-heckklappe-heckdeckel\/"},"modified":"2024-05-30T02:40:16","modified_gmt":"2024-05-30T02:40:16","slug":"opel-crossland-x-heckklappe-heckdeckel","status":"publish","type":"product","link":"https:\/\/occasions-teile.ch\/fr\/produkt\/opel-crossland-x-heckklappe-heckdeckel\/","title":{"rendered":"Opel crossland x  Heckklappe Heckdeckel"},"content":{"rendered":"<p><span><b>Technische Daten<\/b><\/p>\n<p> Fahrzeug: Opel crossland x<br \/>\n Chassis Nr.: W0V7H9EB6M4073626<br \/>\n Baujahr: 2021<br \/>\n Kilometer: 15000 KM<br \/>\n Leistung: 131 KW<br \/>\n Hubraum: 1199 ccm<br \/>\n Typ: 1OD830<br \/>\n Farbcode: White\/Weiss<br \/>\n Hinweise: &#8211;<\/p>\n<p> Versand: Versand nur in der Schweiz m\u00f6glich.Im Ausland ist der Transport k\u00e4uferseits.<br \/>\n Garantie: 3 Monate Garantie. Bitte beachten Sie, dass die Gew\u00e4hrleistung nur g\u00fcltig ist, wenn der Ersatzteileinbau durch eine Fachwerkstatt\/Meisterwerkstatt erfolgt. Das Ein- und Ausbau des Ersatzteiles kann nicht an uns verrechnet werden. <\/p>\n<p> Ersatzteil: f\u00fcr andere Fahrzeugen (Marken) verf\u00fcgbar auf anfrage. Tel.041 980 27 47. Mobil. 076 589 27 47<\/p>\n<p> Kontakt<br \/>\n  Adresse: Autoverwertung Brun AG<br \/>\n           M\u00f6\u00f6slimatten 13<br \/>\n           6218 Ettiswil<br \/>\n  Telefon: 0041 (041) 980 27 47<br \/>\n  Telefax: 0041 (041) 980 03 47<\/p>\n<p> Wir bieten Ihnen weitere gebrauchte Autoteile zum Kauf an.<br \/>\n<\/span><\/p>\n","protected":false},"excerpt":{"rendered":"<p>Technische Daten Fahrzeug: Opel crossland x Chassis Nr.: W0V7H9EB6M4073626 Baujahr: 2021 Kilometer: 15000 KM Leistung: 131 KW Hubraum: 1199 ccm Typ: 1OD830 Farbcode: White\/Weiss Hinweise: &#8211; Versand: Versand nur in der Schweiz m\u00f6glich.Im Ausland ist der Transport k\u00e4uferseits. Garantie: 3 Monate Garantie. Bitte beachten Sie, dass die Gew\u00e4hrleistung nur g\u00fcltig ist, wenn der Ersatzteileinbau durch&hellip; <a class=\"more-link\" href=\"https:\/\/occasions-teile.ch\/fr\/produkt\/opel-crossland-x-heckklappe-heckdeckel\/\">Poursuivre la lecture <span class=\"screen-reader-text\">Opel crossland x  Heckklappe Heckdeckel<\/span><\/a><\/p>\n","protected":false},"featured_media":7045,"template":"","meta":[],"product_brand":[],"product_cat":[23747,1449,747,687,521,613,1448],"product_tag":[],"class_list":{"0":"post-7048","1":"product","2":"type-product","3":"status-publish","4":"has-post-thumbnail","6":"product_cat-de-1-2i-ultima-a-p17-de_crossland-x-de_opel-manufacturer-28","7":"product_cat-de_crossland-x","8":"product_cat-de-heckklappe-heckdeckel","9":"product_cat-de-heckklappeteile","10":"product_cat-de-karosserie-heck","11":"product_cat-de_opel","12":"product_cat-de-w0v7h9eb6m4073626","13":"product_shipping_class-tarif-3","14":"entry","16":"first","17":"instock","18":"taxable","19":"shipping-taxable","20":"purchasable","21":"product-type-simple"},"jetpack_sharing_enabled":true,"_links":{"self":[{"href":"https:\/\/occasions-teile.ch\/fr\/wp-json\/wp\/v2\/product\/7048","targetHints":{"allow":["GET"]}}],"collection":[{"href":"https:\/\/occasions-teile.ch\/fr\/wp-json\/wp\/v2\/product"}],"about":[{"href":"https:\/\/occasions-teile.ch\/fr\/wp-json\/wp\/v2\/types\/product"}],"wp:featuredmedia":[{"embeddable":true,"href":"https:\/\/occasions-teile.ch\/fr\/wp-json\/wp\/v2\/media\/7045"}],"wp:attachment":[{"href":"https:\/\/occasions-teile.ch\/fr\/wp-json\/wp\/v2\/media?parent=7048"}],"wp:term":[{"taxonomy":"product_brand","embeddable":true,"href":"https:\/\/occasions-teile.ch\/fr\/wp-json\/wp\/v2\/product_brand?post=7048"},{"taxonomy":"product_cat","embeddable":true,"href":"https:\/\/occasions-teile.ch\/fr\/wp-json\/wp\/v2\/product_cat?post=7048"},{"taxonomy":"product_tag","embeddable":true,"href":"https:\/\/occasions-teile.ch\/fr\/wp-json\/wp\/v2\/product_tag?post=7048"}],"curies":[{"name":"wp","href":"https:\/\/api.w.org\/{rel}","templated":true}]}}