{"id":70233,"date":"2023-07-25T09:35:26","date_gmt":"2023-07-25T09:35:26","guid":{"rendered":"https:\/\/occasions-teile.ch\/product\/vw-touran-spiegel-aussenspiegel-vorne-3\/"},"modified":"2023-07-25T09:35:35","modified_gmt":"2023-07-25T09:35:35","slug":"vw-touran-spiegel-aussenspiegel-vorne-3","status":"publish","type":"product","link":"https:\/\/occasions-teile.ch\/fr\/produkt\/vw-touran-spiegel-aussenspiegel-vorne-3\/","title":{"rendered":"VW Touran  Spiegel Au\u00dfenspiegel vorne"},"content":{"rendered":"<p><span><b>Donn\u00e9es techniques<\/b><\/p>\n<p> V\u00e9hicule: VW Touran<br \/>\n N\u00b0 de ch\u00e2ssis: xxxxxxxxxxxxxxxxxxxx<br \/>\n Ann\u00e9e de production: 2009<br \/>\n Kilom\u00e9trage: 153912 KM<br \/>\n Puissance: 140 PS<br \/>\n Cylindr\u00e9e du moteur: 1390 ccm<br \/>\n Typ: 1VD386<br \/>\n Code couleur: grau<br \/>\n Remarques: &#8211;<\/p>\n<p> Exp\u00e9dition : L&rsquo;exp\u00e9dition n&rsquo;est disponible qu&rsquo;en Suisse. Dans d&rsquo;autres pays, l&rsquo;acheteur est responsable du transport.<br \/>\n Garantie : 3 mois de garantie. Veuillez noter que la garantie n&rsquo;est valable que si les pi\u00e8ces de rechange sont install\u00e9es par un atelier sp\u00e9cialis\u00e9\/ma\u00eetre. Le montage et le d\u00e9montage de la pi\u00e8ce de rechange ne peuvent pas nous \u00eatre factur\u00e9s.<\/p>\n<p> Pi\u00e8ce de rechange : pour d&rsquo;autres v\u00e9hicules (marques) disponible sur demande. T\u00e9l. 041 980 27 47. Portable. 076 589 27 47<\/p>\n<p>  Contact<br \/>\n   Adresse : Autoverwertung Brun AG<br \/>\n              M\u00f6\u00f6slimatten 13<br \/>\n              6218 Ettiswil<br \/>\n   T\u00e9l\u00e9phone : 0041 (041) 980 27 47<br \/>\n   T\u00e9l\u00e9fax : 0041 (041) 980 03 47<\/p>\n<p>  Nous proposons \u00e9galement d&rsquo;autres pi\u00e8ces automobiles d&rsquo;occasion \u00e0 vendre.<br \/>\n<\/span><\/p>\n","protected":false},"excerpt":{"rendered":"<p>Donn\u00e9es techniques V\u00e9hicule: VW Touran N\u00b0 de ch\u00e2ssis: xxxxxxxxxxxxxxxxxxxx Ann\u00e9e de production: 2009 Kilom\u00e9trage: 153912 KM Puissance: 140 PS Cylindr\u00e9e du moteur: 1390 ccm Typ: 1VD386 Code couleur: grau Remarques: &#8211; Exp\u00e9dition : L&rsquo;exp\u00e9dition n&rsquo;est disponible qu&rsquo;en Suisse. Dans d&rsquo;autres pays, l&rsquo;acheteur est responsable du transport. Garantie : 3 mois de garantie. Veuillez noter que&hellip; <a class=\"more-link\" href=\"https:\/\/occasions-teile.ch\/fr\/produkt\/vw-touran-spiegel-aussenspiegel-vorne-3\/\">Poursuivre la lecture <span class=\"screen-reader-text\">VW Touran  Spiegel Au\u00dfenspiegel vorne<\/span><\/a><\/p>\n","protected":false},"featured_media":70230,"template":"","meta":[],"product_brand":[],"product_cat":[772,491,491,772,773,491,772,773,773,2176,2176,2176,1286,1286,1286,2272,2272,2272],"product_tag":[],"class_list":{"0":"post-70233","1":"product","2":"type-product","3":"status-publish","4":"has-post-thumbnail","6":"product_cat-fr-retroviseur-exterieur","7":"product_cat-fr-centre-de-la-carrosserie","10":"product_cat-fr-retroviseur-exterieur-complet","15":"product_cat-fr_touran","18":"product_cat-fr_volkswagen","21":"product_cat-fr-xxxxxxxxxxxxxxxxxxxx-20000195","24":"product_shipping_class-tarif-1-fr","25":"entry","27":"first","28":"outofstock","29":"taxable","30":"shipping-taxable","31":"purchasable","32":"product-type-simple"},"jetpack_sharing_enabled":true,"_links":{"self":[{"href":"https:\/\/occasions-teile.ch\/fr\/wp-json\/wp\/v2\/product\/70233","targetHints":{"allow":["GET"]}}],"collection":[{"href":"https:\/\/occasions-teile.ch\/fr\/wp-json\/wp\/v2\/product"}],"about":[{"href":"https:\/\/occasions-teile.ch\/fr\/wp-json\/wp\/v2\/types\/product"}],"wp:featuredmedia":[{"embeddable":true,"href":"https:\/\/occasions-teile.ch\/fr\/wp-json\/wp\/v2\/media\/70230"}],"wp:attachment":[{"href":"https:\/\/occasions-teile.ch\/fr\/wp-json\/wp\/v2\/media?parent=70233"}],"wp:term":[{"taxonomy":"product_brand","embeddable":true,"href":"https:\/\/occasions-teile.ch\/fr\/wp-json\/wp\/v2\/product_brand?post=70233"},{"taxonomy":"product_cat","embeddable":true,"href":"https:\/\/occasions-teile.ch\/fr\/wp-json\/wp\/v2\/product_cat?post=70233"},{"taxonomy":"product_tag","embeddable":true,"href":"https:\/\/occasions-teile.ch\/fr\/wp-json\/wp\/v2\/product_tag?post=70233"}],"curies":[{"name":"wp","href":"https:\/\/api.w.org\/{rel}","templated":true}]}}