{"id":67913,"date":"2023-07-11T15:37:54","date_gmt":"2023-07-11T15:37:54","guid":{"rendered":"https:\/\/occasions-teile.ch\/product\/mercedes-benz-180-felgen-einzeln\/"},"modified":"2025-10-03T14:19:38","modified_gmt":"2025-10-03T14:19:38","slug":"mercedes-benz-180-felgen-einzeln","status":"publish","type":"product","link":"https:\/\/occasions-teile.ch\/fr\/produkt\/mercedes-benz-180-felgen-einzeln\/","title":{"rendered":"Mercedes-Benz 180  Felgen (einzeln)"},"content":{"rendered":"<p><b>Technische Daten<\/b><\/p>\n<p>Fahrzeug: Mercedes-Benz 180<br \/>\nChassis Nr.: WDD2052401F197777<br \/>\nBaujahr: 2015<br \/>\nKilometer: 113000 KM<br \/>\nLeistung: 156 KW<br \/>\nHubraum: 1595 ccm<br \/>\nTyp: 1MG373<br \/>\nFarbcode: silber<br \/>\nHinweise: 7&#215;17 ET48,5<br \/>\n2x am Lager preis pro st\u00fcck<\/p>\n<p>Versand: Versand nur in der Schweiz m\u00f6glich.Im Ausland ist der Transport k\u00e4uferseits.<br \/>\nGarantie: 3 Monate Garantie. Bitte beachten Sie, dass die Gew\u00e4hrleistung nur g\u00fcltig ist, wenn der Ersatzteileinbau durch eine Fachwerkstatt\/Meisterwerkstatt erfolgt. Das Ein- und Ausbau des Ersatzteiles kann nicht an uns verrechnet werden.<\/p>\n<p>Ersatzteil: f\u00fcr andere Fahrzeugen (Marken) verf\u00fcgbar auf anfrage. Tel.041 980 27 47. Mobil. 076 589 27 47<\/p>\n<p>Kontakt<br \/>\nAdresse: Autoverwertung Brun AG<br \/>\nM\u00f6\u00f6slimatten 13<br \/>\n6218 Ettiswil<br \/>\nTelefon: 0041 (041) 980 27 47<br \/>\nTelefax: 0041 (041) 980 03 47<\/p>\n<p>Wir bieten Ihnen weitere gebrauchte Autoteile zum Kauf an.<\/p>\n","protected":false},"excerpt":{"rendered":"<p>Technische Daten Fahrzeug: Mercedes-Benz 180 Chassis Nr.: WDD2052401F197777 Baujahr: 2015 Kilometer: 113000 KM Leistung: 156 KW Hubraum: 1595 ccm Typ: 1MG373 Farbcode: silber Hinweise: 7&#215;17 ET48,5 2x am Lager preis pro st\u00fcck Versand: Versand nur in der Schweiz m\u00f6glich.Im Ausland ist der Transport k\u00e4uferseits. Garantie: 3 Monate Garantie. Bitte beachten Sie, dass die Gew\u00e4hrleistung nur&hellip; <a class=\"more-link\" href=\"https:\/\/occasions-teile.ch\/fr\/produkt\/mercedes-benz-180-felgen-einzeln\/\">Poursuivre la lecture <span class=\"screen-reader-text\">Mercedes-Benz 180  Felgen (einzeln)<\/span><\/a><\/p>\n","protected":false},"featured_media":67910,"template":"","meta":[],"product_brand":[],"product_cat":[1356,23632,1110,1109,1256,550,2228],"product_tag":[],"class_list":{"0":"post-67913","1":"product","2":"type-product","3":"status-publish","4":"has-post-thumbnail","6":"product_cat-de_180","7":"product_cat-de-c180-205-240-de_180-de_mercedes-benz-manufacturer-29","8":"product_cat-de-felgen-einzeln","9":"product_cat-de-felgeneinzeln","10":"product_cat-de_mercedes-benz","11":"product_cat-de-raeder-reifen-felgen","12":"product_cat-de-wdd2052401f197777-20000191","13":"product_shipping_class-tarif-2","14":"entry","16":"first","17":"instock","18":"taxable","19":"shipping-taxable","20":"purchasable","21":"product-type-simple"},"jetpack_sharing_enabled":true,"_links":{"self":[{"href":"https:\/\/occasions-teile.ch\/fr\/wp-json\/wp\/v2\/product\/67913","targetHints":{"allow":["GET"]}}],"collection":[{"href":"https:\/\/occasions-teile.ch\/fr\/wp-json\/wp\/v2\/product"}],"about":[{"href":"https:\/\/occasions-teile.ch\/fr\/wp-json\/wp\/v2\/types\/product"}],"wp:featuredmedia":[{"embeddable":true,"href":"https:\/\/occasions-teile.ch\/fr\/wp-json\/wp\/v2\/media\/67910"}],"wp:attachment":[{"href":"https:\/\/occasions-teile.ch\/fr\/wp-json\/wp\/v2\/media?parent=67913"}],"wp:term":[{"taxonomy":"product_brand","embeddable":true,"href":"https:\/\/occasions-teile.ch\/fr\/wp-json\/wp\/v2\/product_brand?post=67913"},{"taxonomy":"product_cat","embeddable":true,"href":"https:\/\/occasions-teile.ch\/fr\/wp-json\/wp\/v2\/product_cat?post=67913"},{"taxonomy":"product_tag","embeddable":true,"href":"https:\/\/occasions-teile.ch\/fr\/wp-json\/wp\/v2\/product_tag?post=67913"}],"curies":[{"name":"wp","href":"https:\/\/api.w.org\/{rel}","templated":true}]}}