{"id":67198,"date":"2023-07-11T08:33:17","date_gmt":"2023-07-11T08:33:17","guid":{"rendered":"https:\/\/occasions-teile.ch\/product\/mercedes-benz-180-steuergeraet-kraftstoffpumpe\/"},"modified":"2024-05-25T23:05:40","modified_gmt":"2024-05-25T23:05:40","slug":"mercedes-benz-180-steuergeraet-kraftstoffpumpe","status":"publish","type":"product","link":"https:\/\/occasions-teile.ch\/fr\/produkt\/mercedes-benz-180-steuergeraet-kraftstoffpumpe\/","title":{"rendered":"Mercedes-Benz 180  Steuerger\u00e4t Kraftstoffpumpe"},"content":{"rendered":"<p><span><b>Technische Daten<\/b><\/p>\n<p> Fahrzeug: Mercedes-Benz 180<br \/>\n Chassis Nr.: WDD2052401F197777<br \/>\n Baujahr: 2015<br \/>\n Kilometer: 113000 KM<br \/>\n Leistung: 156 KW<br \/>\n Hubraum: 1595 ccm<br \/>\n Typ: 1MG373<br \/>\n Farbcode: silber<br \/>\n Hinweise: &#8211;<\/p>\n<p> Versand: Versand nur in der Schweiz m\u00f6glich.Im Ausland ist der Transport k\u00e4uferseits.<br \/>\n Garantie: 3 Monate Garantie. Bitte beachten Sie, dass die Gew\u00e4hrleistung nur g\u00fcltig ist, wenn der Ersatzteileinbau durch eine Fachwerkstatt\/Meisterwerkstatt erfolgt. Das Ein- und Ausbau des Ersatzteiles kann nicht an uns verrechnet werden. <\/p>\n<p> Ersatzteil: f\u00fcr andere Fahrzeugen (Marken) verf\u00fcgbar auf anfrage. Tel.041 980 27 47. Mobil. 076 589 27 47<\/p>\n<p> Kontakt<br \/>\n  Adresse: Autoverwertung Brun AG<br \/>\n           M\u00f6\u00f6slimatten 13<br \/>\n           6218 Ettiswil<br \/>\n  Telefon: 0041 (041) 980 27 47<br \/>\n  Telefax: 0041 (041) 980 03 47<\/p>\n<p> Wir bieten Ihnen weitere gebrauchte Autoteile zum Kauf an.<br \/>\n<\/span><\/p>\n","protected":false},"excerpt":{"rendered":"<p>Technische Daten Fahrzeug: Mercedes-Benz 180 Chassis Nr.: WDD2052401F197777 Baujahr: 2015 Kilometer: 113000 KM Leistung: 156 KW Hubraum: 1595 ccm Typ: 1MG373 Farbcode: silber Hinweise: &#8211; Versand: Versand nur in der Schweiz m\u00f6glich.Im Ausland ist der Transport k\u00e4uferseits. Garantie: 3 Monate Garantie. Bitte beachten Sie, dass die Gew\u00e4hrleistung nur g\u00fcltig ist, wenn der Ersatzteileinbau durch eine&hellip; <a class=\"more-link\" href=\"https:\/\/occasions-teile.ch\/fr\/produkt\/mercedes-benz-180-steuergeraet-kraftstoffpumpe\/\">Poursuivre la lecture <span class=\"screen-reader-text\">Mercedes-Benz 180  Steuerger\u00e4t Kraftstoffpumpe<\/span><\/a><\/p>\n","protected":false},"featured_media":67195,"template":"","meta":[],"product_brand":[],"product_cat":[1360,1356,1358,665,23632,2160,663,1259,1262,1256,500,494,497,2159,667,2161,2229,2230,2228],"product_tag":[],"class_list":{"0":"post-67198","1":"product","2":"type-product","3":"status-publish","4":"has-post-thumbnail","6":"product_cat-fr_180","7":"product_cat-de_180","8":"product_cat-en_180","9":"product_cat-en-air-fuel-system","10":"product_cat-de-c180-205-240-de_180-de_mercedes-benz-manufacturer-29","11":"product_cat-en-fuel-pump-control-unit","12":"product_cat-de-luft-kraftstoffsystem","13":"product_cat-en_mercedes-benz","14":"product_cat-fr_mercedes-benz","15":"product_cat-de_mercedes-benz","16":"product_cat-fr-moteur","17":"product_cat-de-motor","18":"product_cat-en-motor","19":"product_cat-de-steuergeraet-kraftstoffpumpe","20":"product_cat-fr-systeme-dair-carburant","21":"product_cat-fr-unite-de-commande-de-pompe-a-carburant","22":"product_cat-en-wdd2052401f197777-20000191","23":"product_cat-fr-wdd2052401f197777-20000191","24":"product_cat-de-wdd2052401f197777-20000191","25":"product_shipping_class-tarif-1","26":"entry","28":"first","29":"instock","30":"taxable","31":"shipping-taxable","32":"purchasable","33":"product-type-simple"},"jetpack_sharing_enabled":true,"_links":{"self":[{"href":"https:\/\/occasions-teile.ch\/fr\/wp-json\/wp\/v2\/product\/67198","targetHints":{"allow":["GET"]}}],"collection":[{"href":"https:\/\/occasions-teile.ch\/fr\/wp-json\/wp\/v2\/product"}],"about":[{"href":"https:\/\/occasions-teile.ch\/fr\/wp-json\/wp\/v2\/types\/product"}],"wp:featuredmedia":[{"embeddable":true,"href":"https:\/\/occasions-teile.ch\/fr\/wp-json\/wp\/v2\/media\/67195"}],"wp:attachment":[{"href":"https:\/\/occasions-teile.ch\/fr\/wp-json\/wp\/v2\/media?parent=67198"}],"wp:term":[{"taxonomy":"product_brand","embeddable":true,"href":"https:\/\/occasions-teile.ch\/fr\/wp-json\/wp\/v2\/product_brand?post=67198"},{"taxonomy":"product_cat","embeddable":true,"href":"https:\/\/occasions-teile.ch\/fr\/wp-json\/wp\/v2\/product_cat?post=67198"},{"taxonomy":"product_tag","embeddable":true,"href":"https:\/\/occasions-teile.ch\/fr\/wp-json\/wp\/v2\/product_tag?post=67198"}],"curies":[{"name":"wp","href":"https:\/\/api.w.org\/{rel}","templated":true}]}}