{"id":65350,"date":"2023-07-07T08:59:25","date_gmt":"2023-07-07T08:59:25","guid":{"rendered":"https:\/\/occasions-teile.ch\/product\/volkswagen-vw-golf-achsschenkel-hinten-links-2\/"},"modified":"2024-05-28T15:02:28","modified_gmt":"2024-05-28T15:02:28","slug":"volkswagen-vw-golf-achsschenkel-hinten-links-2","status":"publish","type":"product","link":"https:\/\/occasions-teile.ch\/fr\/produkt\/volkswagen-vw-golf-achsschenkel-hinten-links-2\/","title":{"rendered":"Volkswagen VW Golf  Achsschenkel hinten links"},"content":{"rendered":"<p><span><b>Technische Daten<\/b><\/p>\n<p> Fahrzeug: Volkswagen VW Golf<br \/>\n Chassis Nr.: WVWZZZAUZEW018929<br \/>\n Baujahr: 2013<br \/>\n Kilometer: 75304 KM<br \/>\n Leistung: 140 KW<br \/>\n Hubraum: 1395 ccm<br \/>\n Typ: 1VE501<br \/>\n Farbcode: grau<br \/>\n Hinweise: &#8211;<\/p>\n<p> Versand: Versand nur in der Schweiz m\u00f6glich.Im Ausland ist der Transport k\u00e4uferseits.<br \/>\n Garantie: 3 Monate Garantie. Bitte beachten Sie, dass die Gew\u00e4hrleistung nur g\u00fcltig ist, wenn der Ersatzteileinbau durch eine Fachwerkstatt\/Meisterwerkstatt erfolgt. Das Ein- und Ausbau des Ersatzteiles kann nicht an uns verrechnet werden. <\/p>\n<p> Ersatzteil: f\u00fcr andere Fahrzeugen (Marken) verf\u00fcgbar auf anfrage. Tel.041 980 27 47. Mobil. 076 589 27 47<\/p>\n<p> Kontakt<br \/>\n  Adresse: Autoverwertung Brun AG<br \/>\n           M\u00f6\u00f6slimatten 13<br \/>\n           6218 Ettiswil<br \/>\n  Telefon: 0041 (041) 980 27 47<br \/>\n  Telefax: 0041 (041) 980 03 47<\/p>\n<p> Wir bieten Ihnen weitere gebrauchte Autoteile zum Kauf an.<br \/>\n<\/span><\/p>\n","protected":false},"excerpt":{"rendered":"<p>Technische Daten Fahrzeug: Volkswagen VW Golf Chassis Nr.: WVWZZZAUZEW018929 Baujahr: 2013 Kilometer: 75304 KM Leistung: 140 KW Hubraum: 1395 ccm Typ: 1VE501 Farbcode: grau Hinweise: &#8211; Versand: Versand nur in der Schweiz m\u00f6glich.Im Ausland ist der Transport k\u00e4uferseits. Garantie: 3 Monate Garantie. Bitte beachten Sie, dass die Gew\u00e4hrleistung nur g\u00fcltig ist, wenn der Ersatzteileinbau durch&hellip; <a class=\"more-link\" href=\"https:\/\/occasions-teile.ch\/fr\/produkt\/volkswagen-vw-golf-achsschenkel-hinten-links-2\/\">Poursuivre la lecture <span class=\"screen-reader-text\">Volkswagen VW Golf  Achsschenkel hinten links<\/span><\/a><\/p>\n","protected":false},"featured_media":65344,"template":"","meta":[],"product_brand":[],"product_cat":[1085,548,547,547,1085,548,1287,1287,1287,1085,548,547,23771,1286,1286,1286,2108,2108,2108],"product_tag":[],"class_list":{"0":"post-65350","1":"product","2":"type-product","3":"status-publish","4":"has-post-thumbnail","6":"product_cat-fr-fusee-arriere-gauche","7":"product_cat-fr-fusees-de-roue-moyeux-de-roue","8":"product_cat-fr-train-de-roulement-direction","12":"product_cat-fr_golf","18":"product_cat-de-vii-1-4tsi-5-de_golf-de_volkswagen-manufacturer-49","19":"product_cat-fr_volkswagen","22":"product_cat-fr-wvwzzzauzew018929-20000177","25":"product_shipping_class-tarif-1-fr","26":"entry","28":"first","29":"instock","30":"taxable","31":"shipping-taxable","32":"purchasable","33":"product-type-simple"},"jetpack_sharing_enabled":true,"_links":{"self":[{"href":"https:\/\/occasions-teile.ch\/fr\/wp-json\/wp\/v2\/product\/65350","targetHints":{"allow":["GET"]}}],"collection":[{"href":"https:\/\/occasions-teile.ch\/fr\/wp-json\/wp\/v2\/product"}],"about":[{"href":"https:\/\/occasions-teile.ch\/fr\/wp-json\/wp\/v2\/types\/product"}],"wp:featuredmedia":[{"embeddable":true,"href":"https:\/\/occasions-teile.ch\/fr\/wp-json\/wp\/v2\/media\/65344"}],"wp:attachment":[{"href":"https:\/\/occasions-teile.ch\/fr\/wp-json\/wp\/v2\/media?parent=65350"}],"wp:term":[{"taxonomy":"product_brand","embeddable":true,"href":"https:\/\/occasions-teile.ch\/fr\/wp-json\/wp\/v2\/product_brand?post=65350"},{"taxonomy":"product_cat","embeddable":true,"href":"https:\/\/occasions-teile.ch\/fr\/wp-json\/wp\/v2\/product_cat?post=65350"},{"taxonomy":"product_tag","embeddable":true,"href":"https:\/\/occasions-teile.ch\/fr\/wp-json\/wp\/v2\/product_tag?post=65350"}],"curies":[{"name":"wp","href":"https:\/\/api.w.org\/{rel}","templated":true}]}}