{"id":61204,"date":"2023-06-29T14:19:31","date_gmt":"2023-06-29T14:19:31","guid":{"rendered":"https:\/\/occasions-teile.ch\/product\/subaru-impreza-steuergeraet-ecu\/"},"modified":"2024-05-26T10:08:26","modified_gmt":"2024-05-26T10:08:26","slug":"subaru-impreza-steuergeraet-ecu","status":"publish","type":"product","link":"https:\/\/occasions-teile.ch\/fr\/produkt\/subaru-impreza-steuergeraet-ecu\/","title":{"rendered":"Subaru Impreza  Steuerger\u00e4t (ECU)"},"content":{"rendered":"<p><span><b>Technische Daten<\/b><\/p>\n<p> Fahrzeug: Subaru Impreza<br \/>\n Chassis Nr.: JF1GP3LC5CG017213<br \/>\n Baujahr: 2013<br \/>\n Kilometer: 140792 KM<br \/>\n Leistung: 114 KW<br \/>\n Hubraum: 1600 ccm<br \/>\n Typ: 1SC750<br \/>\n Farbcode: Black<br \/>\n Hinweise: &#8211;<\/p>\n<p> Versand: Versand nur in der Schweiz m\u00f6glich.Im Ausland ist der Transport k\u00e4uferseits.<br \/>\n Garantie: 3 Monate Garantie. Bitte beachten Sie, dass die Gew\u00e4hrleistung nur g\u00fcltig ist, wenn der Ersatzteileinbau durch eine Fachwerkstatt\/Meisterwerkstatt erfolgt. Das Ein- und Ausbau des Ersatzteiles kann nicht an uns verrechnet werden. <\/p>\n<p> Ersatzteil: f\u00fcr andere Fahrzeugen (Marken) verf\u00fcgbar auf anfrage. Tel.041 980 27 47. Mobil. 076 589 27 47<\/p>\n<p> Kontakt<br \/>\n  Adresse: Autoverwertung Brun AG<br \/>\n           M\u00f6\u00f6slimatten 13<br \/>\n           6218 Ettiswil<br \/>\n  Telefon: 0041 (041) 980 27 47<br \/>\n  Telefax: 0041 (041) 980 03 47<\/p>\n<p> Wir bieten Ihnen weitere gebrauchte Autoteile zum Kauf an.<br \/>\n<\/span><\/p>\n","protected":false},"excerpt":{"rendered":"<p>Technische Daten Fahrzeug: Subaru Impreza Chassis Nr.: JF1GP3LC5CG017213 Baujahr: 2013 Kilometer: 140792 KM Leistung: 114 KW Hubraum: 1600 ccm Typ: 1SC750 Farbcode: Black Hinweise: &#8211; Versand: Versand nur in der Schweiz m\u00f6glich.Im Ausland ist der Transport k\u00e4uferseits. Garantie: 3 Monate Garantie. Bitte beachten Sie, dass die Gew\u00e4hrleistung nur g\u00fcltig ist, wenn der Ersatzteileinbau durch eine&hellip; <a class=\"more-link\" href=\"https:\/\/occasions-teile.ch\/fr\/produkt\/subaru-impreza-steuergeraet-ecu\/\">Poursuivre la lecture <span class=\"screen-reader-text\">Subaru Impreza  Steuerger\u00e4t (ECU)<\/span><\/a><\/p>\n","protected":false},"featured_media":61201,"template":"","meta":[],"product_brand":[],"product_cat":[856,854,937,627,624,621,23649,1595,1597,1599,2184,2185,2183,936,852,1205,1199,1202,938],"product_tag":[],"class_list":{"0":"post-61204","1":"product","2":"type-product","3":"status-publish","4":"has-post-thumbnail","6":"product_cat-fr-appareils-de-commande","7":"product_cat-en-control-units","8":"product_cat-en-control-unitsforengine-ecu","9":"product_cat-fr-electricite-dispositifs-de-commande","10":"product_cat-en-electrics-control-units","11":"product_cat-de-elektrik-steuergeraete","12":"product_cat-de-gp3-de_impreza-de_subaru-manufacturer-39","13":"product_cat-de_impreza","14":"product_cat-en_impreza","15":"product_cat-fr_impreza","16":"product_cat-en-jf1gp3lc5cg017213-20000186","17":"product_cat-fr-jf1gp3lc5cg017213-20000186","18":"product_cat-de-jf1gp3lc5cg017213-20000186","19":"product_cat-de-steuergeraet-ecu","20":"product_cat-de-steuergeraete","21":"product_cat-fr_subaru","22":"product_cat-de_subaru","23":"product_cat-en_subaru","24":"product_cat-fr-unite-de-controle-pour-moteur-ecu","25":"product_shipping_class-tarif-1","26":"entry","28":"first","29":"instock","30":"taxable","31":"shipping-taxable","32":"purchasable","33":"product-type-simple"},"jetpack_sharing_enabled":true,"_links":{"self":[{"href":"https:\/\/occasions-teile.ch\/fr\/wp-json\/wp\/v2\/product\/61204","targetHints":{"allow":["GET"]}}],"collection":[{"href":"https:\/\/occasions-teile.ch\/fr\/wp-json\/wp\/v2\/product"}],"about":[{"href":"https:\/\/occasions-teile.ch\/fr\/wp-json\/wp\/v2\/types\/product"}],"wp:featuredmedia":[{"embeddable":true,"href":"https:\/\/occasions-teile.ch\/fr\/wp-json\/wp\/v2\/media\/61201"}],"wp:attachment":[{"href":"https:\/\/occasions-teile.ch\/fr\/wp-json\/wp\/v2\/media?parent=61204"}],"wp:term":[{"taxonomy":"product_brand","embeddable":true,"href":"https:\/\/occasions-teile.ch\/fr\/wp-json\/wp\/v2\/product_brand?post=61204"},{"taxonomy":"product_cat","embeddable":true,"href":"https:\/\/occasions-teile.ch\/fr\/wp-json\/wp\/v2\/product_cat?post=61204"},{"taxonomy":"product_tag","embeddable":true,"href":"https:\/\/occasions-teile.ch\/fr\/wp-json\/wp\/v2\/product_tag?post=61204"}],"curies":[{"name":"wp","href":"https:\/\/api.w.org\/{rel}","templated":true}]}}