{"id":49610,"date":"2023-06-14T23:26:24","date_gmt":"2023-06-14T23:26:24","guid":{"rendered":"https:\/\/occasions-teile.ch\/product\/opel-corsa-fensterheberschalter-schalter-aussenspiegel-2\/"},"modified":"2024-05-26T02:02:44","modified_gmt":"2024-05-26T02:02:44","slug":"opel-corsa-fensterheberschalter-schalter-aussenspiegel-2","status":"publish","type":"product","link":"https:\/\/occasions-teile.ch\/fr\/produkt\/opel-corsa-fensterheberschalter-schalter-aussenspiegel-2\/","title":{"rendered":"Opel Corsa  Fensterheberschalter Schalter Aussenspiegel"},"content":{"rendered":"<p><span><b>Technische Daten<\/b><\/p>\n<p> Fahrzeug: Opel Corsa<br \/>\n Chassis Nr.: W0L0XEP08F6069505<br \/>\n Baujahr: 2015<br \/>\n Kilometer: 69872 KM<br \/>\n Leistung: 116 KW<br \/>\n Hubraum: 999 ccm<br \/>\n Typ: 1OC192<br \/>\n Farbcode: &#8211;<br \/>\n Hinweise: &#8211;<\/p>\n<p> Versand: Versand nur in der Schweiz m\u00f6glich.Im Ausland ist der Transport k\u00e4uferseits.<br \/>\n Garantie: 3 Monate Garantie. Bitte beachten Sie, dass die Gew\u00e4hrleistung nur g\u00fcltig ist, wenn der Ersatzteileinbau durch eine Fachwerkstatt\/Meisterwerkstatt erfolgt. Das Ein- und Ausbau des Ersatzteiles kann nicht an uns verrechnet werden. <\/p>\n<p> Ersatzteil: f\u00fcr andere Fahrzeugen (Marken) verf\u00fcgbar auf anfrage. Tel.041 980 27 47. Mobil. 076 589 27 47<\/p>\n<p> Kontakt<br \/>\n  Adresse: Autoverwertung Brun AG<br \/>\n           M\u00f6\u00f6slimatten 13<br \/>\n           6218 Ettiswil<br \/>\n  Telefon: 0041 (041) 980 27 47<br \/>\n  Telefax: 0041 (041) 980 03 47<\/p>\n<p> Wir bieten Ihnen weitere gebrauchte Autoteile zum Kauf an.<br \/>\n<\/span><\/p>\n","protected":false},"excerpt":{"rendered":"<p>Technische Daten Fahrzeug: Opel Corsa Chassis Nr.: W0L0XEP08F6069505 Baujahr: 2015 Kilometer: 69872 KM Leistung: 116 KW Hubraum: 999 ccm Typ: 1OC192 Farbcode: &#8211; Hinweise: &#8211; Versand: Versand nur in der Schweiz m\u00f6glich.Im Ausland ist der Transport k\u00e4uferseits. Garantie: 3 Monate Garantie. Bitte beachten Sie, dass die Gew\u00e4hrleistung nur g\u00fcltig ist, wenn der Ersatzteileinbau durch eine&hellip; <a class=\"more-link\" href=\"https:\/\/occasions-teile.ch\/fr\/produkt\/opel-corsa-fensterheberschalter-schalter-aussenspiegel-2\/\">Poursuivre la lecture <span class=\"screen-reader-text\">Opel Corsa  Fensterheberschalter Schalter Aussenspiegel<\/span><\/a><\/p>\n","protected":false},"featured_media":49604,"template":"","meta":[],"product_brand":[],"product_cat":[1217,1217,1217,23638,621,621,621,774,622,774,613,613,613,622,622,774,1216,1216,1216],"product_tag":[],"class_list":{"0":"post-49610","1":"product","2":"type-product","3":"status-publish","4":"has-post-thumbnail","6":"product_cat-de_corsa","9":"product_cat-de-e-1-0t-de_corsa-de_opel-manufacturer-22","10":"product_cat-de-elektrik-steuergeraete","13":"product_cat-de-fensterheberschalter-schalter-aussenspiegel","14":"product_cat-de-schalter","16":"product_cat-de_opel","22":"product_cat-de-w0l0xep08f6069505","25":"product_shipping_class-tarif-1","26":"entry","28":"first","29":"instock","30":"taxable","31":"shipping-taxable","32":"purchasable","33":"product-type-simple"},"jetpack_sharing_enabled":true,"_links":{"self":[{"href":"https:\/\/occasions-teile.ch\/fr\/wp-json\/wp\/v2\/product\/49610","targetHints":{"allow":["GET"]}}],"collection":[{"href":"https:\/\/occasions-teile.ch\/fr\/wp-json\/wp\/v2\/product"}],"about":[{"href":"https:\/\/occasions-teile.ch\/fr\/wp-json\/wp\/v2\/types\/product"}],"wp:featuredmedia":[{"embeddable":true,"href":"https:\/\/occasions-teile.ch\/fr\/wp-json\/wp\/v2\/media\/49604"}],"wp:attachment":[{"href":"https:\/\/occasions-teile.ch\/fr\/wp-json\/wp\/v2\/media?parent=49610"}],"wp:term":[{"taxonomy":"product_brand","embeddable":true,"href":"https:\/\/occasions-teile.ch\/fr\/wp-json\/wp\/v2\/product_brand?post=49610"},{"taxonomy":"product_cat","embeddable":true,"href":"https:\/\/occasions-teile.ch\/fr\/wp-json\/wp\/v2\/product_cat?post=49610"},{"taxonomy":"product_tag","embeddable":true,"href":"https:\/\/occasions-teile.ch\/fr\/wp-json\/wp\/v2\/product_tag?post=49610"}],"curies":[{"name":"wp","href":"https:\/\/api.w.org\/{rel}","templated":true}]}}