{"id":46163,"date":"2023-06-14T20:02:39","date_gmt":"2023-06-14T20:02:39","guid":{"rendered":"https:\/\/occasions-teile.ch\/product\/volkswagen-vw-passat-antriebswelle-vorn-links\/"},"modified":"2024-10-13T17:34:24","modified_gmt":"2024-10-13T17:34:24","slug":"volkswagen-vw-passat-antriebswelle-vorn-links","status":"publish","type":"product","link":"https:\/\/occasions-teile.ch\/fr\/produkt\/volkswagen-vw-passat-antriebswelle-vorn-links\/","title":{"rendered":"Volkswagen VW Passat  Antriebswelle vorn links"},"content":{"rendered":"<p><span><b>Technische Daten<\/b><\/p>\n<p> Fahrzeug: Volkswagen VW Passat<br \/>\n Chassis Nr.: wvwzzz3czbe385224<br \/>\n Baujahr: 2011<br \/>\n Kilometer: 323165 KM<br \/>\n Leistung: 140 KW<br \/>\n Hubraum: 1968 ccm<br \/>\n Typ: xxxx<br \/>\n Farbcode: &#8211;<br \/>\n Hinweise: Achtung die innere magnette<\/p>\n<p> Versand: Versand nur in der Schweiz m\u00f6glich.Im Ausland ist der Transport k\u00e4uferseits.<br \/>\n Garantie: 3 Monate Garantie. Bitte beachten Sie, dass die Gew\u00e4hrleistung nur g\u00fcltig ist, wenn der Ersatzteileinbau durch eine Fachwerkstatt\/Meisterwerkstatt erfolgt. Das Ein- und Ausbau des Ersatzteiles kann nicht an uns verrechnet werden. <\/p>\n<p> Ersatzteil: f\u00fcr andere Fahrzeugen (Marken) verf\u00fcgbar auf anfrage. Tel.041 980 27 47. Mobil. 076 589 27 47<\/p>\n<p> Kontakt<br \/>\n  Adresse: Autoverwertung Brun AG<br \/>\n           M\u00f6\u00f6slimatten 13<br \/>\n           6218 Ettiswil<br \/>\n  Telefon: 0041 (041) 980 27 47<br \/>\n  Telefax: 0041 (041) 980 03 47<\/p>\n<p> Wir bieten Ihnen weitere gebrauchte Autoteile zum Kauf an.<br \/>\n<\/span><\/p>\n","protected":false},"excerpt":{"rendered":"<p>Technische Daten Fahrzeug: Volkswagen VW Passat Chassis Nr.: wvwzzz3czbe385224 Baujahr: 2011 Kilometer: 323165 KM Leistung: 140 KW Hubraum: 1968 ccm Typ: xxxx Farbcode: &#8211; Hinweise: Achtung die innere magnette Versand: Versand nur in der Schweiz m\u00f6glich.Im Ausland ist der Transport k\u00e4uferseits. Garantie: 3 Monate Garantie. Bitte beachten Sie, dass die Gew\u00e4hrleistung nur g\u00fcltig ist, wenn&hellip; <a class=\"more-link\" href=\"https:\/\/occasions-teile.ch\/fr\/produkt\/volkswagen-vw-passat-antriebswelle-vorn-links\/\">Poursuivre la lecture <span class=\"screen-reader-text\">Volkswagen VW Passat  Antriebswelle vorn links<\/span><\/a><\/p>\n","protected":false},"featured_media":46160,"template":"","meta":[],"product_brand":[],"product_cat":[784,783,784,783,23644,784,783,648,648,1299,1299,1299,23536,648,1280,1280,1280,1298,1298,1298],"product_tag":[],"class_list":{"0":"post-46163","1":"product","2":"type-product","3":"status-publish","4":"has-post-thumbnail","6":"product_cat-de-antriebswelle-vorn-links","7":"product_cat-de-antriebswellen","10":"product_cat-de-b7-variant-2-0tdi-de_passat-de_volkswagen-manufacturer-26","13":"product_cat-de-getriebe-antrieb","15":"product_cat-de_passat","18":"product_cat-de-passat-2-0tdi-de_passat","20":"product_cat-de_volkswagen","23":"product_cat-de-wvwzzz3czbe385224","26":"product_shipping_class-tarif-1","27":"entry","29":"first","30":"instock","31":"taxable","32":"shipping-taxable","33":"purchasable","34":"product-type-simple"},"jetpack_sharing_enabled":true,"_links":{"self":[{"href":"https:\/\/occasions-teile.ch\/fr\/wp-json\/wp\/v2\/product\/46163","targetHints":{"allow":["GET"]}}],"collection":[{"href":"https:\/\/occasions-teile.ch\/fr\/wp-json\/wp\/v2\/product"}],"about":[{"href":"https:\/\/occasions-teile.ch\/fr\/wp-json\/wp\/v2\/types\/product"}],"wp:featuredmedia":[{"embeddable":true,"href":"https:\/\/occasions-teile.ch\/fr\/wp-json\/wp\/v2\/media\/46160"}],"wp:attachment":[{"href":"https:\/\/occasions-teile.ch\/fr\/wp-json\/wp\/v2\/media?parent=46163"}],"wp:term":[{"taxonomy":"product_brand","embeddable":true,"href":"https:\/\/occasions-teile.ch\/fr\/wp-json\/wp\/v2\/product_brand?post=46163"},{"taxonomy":"product_cat","embeddable":true,"href":"https:\/\/occasions-teile.ch\/fr\/wp-json\/wp\/v2\/product_cat?post=46163"},{"taxonomy":"product_tag","embeddable":true,"href":"https:\/\/occasions-teile.ch\/fr\/wp-json\/wp\/v2\/product_tag?post=46163"}],"curies":[{"name":"wp","href":"https:\/\/api.w.org\/{rel}","templated":true}]}}