{"id":45815,"date":"2023-06-14T19:37:31","date_gmt":"2023-06-14T19:37:31","guid":{"rendered":"https:\/\/occasions-teile.ch\/product\/mercedes-benz-citan-bremszange-bremssattel-vorne-3\/"},"modified":"2024-05-25T11:19:13","modified_gmt":"2024-05-25T11:19:13","slug":"mercedes-benz-citan-bremszange-bremssattel-vorne-3","status":"publish","type":"product","link":"https:\/\/occasions-teile.ch\/fr\/produkt\/mercedes-benz-citan-bremszange-bremssattel-vorne-3\/","title":{"rendered":"Mercedes-Benz Citan  Bremszange Bremssattel vorne"},"content":{"rendered":"<p><span><b>Technische Daten<\/b><\/p>\n<p> Fahrzeug: Mercedes-Benz Citan<br \/>\n Chassis Nr.: WDF4156031U265612<br \/>\n Baujahr: 2019<br \/>\n Kilometer: 80000 KM<br \/>\n Leistung: 114 KW<br \/>\n Hubraum: 1197 ccm<br \/>\n Typ: 3MM671<br \/>\n Farbcode: &#8211;<br \/>\n Hinweise: &#8211;<\/p>\n<p> Versand: Versand nur in der Schweiz m\u00f6glich.Im Ausland ist der Transport k\u00e4uferseits.<br \/>\n Garantie: 3 Monate Garantie. Bitte beachten Sie, dass die Gew\u00e4hrleistung nur g\u00fcltig ist, wenn der Ersatzteileinbau durch eine Fachwerkstatt\/Meisterwerkstatt erfolgt. Das Ein- und Ausbau des Ersatzteiles kann nicht an uns verrechnet werden. <\/p>\n<p> Ersatzteil: f\u00fcr andere Fahrzeugen (Marken) verf\u00fcgbar auf anfrage. Tel.041 980 27 47. Mobil. 076 589 27 47<\/p>\n<p> Kontakt<br \/>\n  Adresse: Autoverwertung Brun AG<br \/>\n           M\u00f6\u00f6slimatten 13<br \/>\n           6218 Ettiswil<br \/>\n  Telefon: 0041 (041) 980 27 47<br \/>\n  Telefax: 0041 (041) 980 03 47<\/p>\n<p> Wir bieten Ihnen weitere gebrauchte Autoteile zum Kauf an.<br \/>\n<\/span><\/p>\n","protected":false},"excerpt":{"rendered":"<p>Technische Daten Fahrzeug: Mercedes-Benz Citan Chassis Nr.: WDF4156031U265612 Baujahr: 2019 Kilometer: 80000 KM Leistung: 114 KW Hubraum: 1197 ccm Typ: 3MM671 Farbcode: &#8211; Hinweise: &#8211; Versand: Versand nur in der Schweiz m\u00f6glich.Im Ausland ist der Transport k\u00e4uferseits. Garantie: 3 Monate Garantie. Bitte beachten Sie, dass die Gew\u00e4hrleistung nur g\u00fcltig ist, wenn der Ersatzteileinbau durch eine&hellip; <a class=\"more-link\" href=\"https:\/\/occasions-teile.ch\/fr\/produkt\/mercedes-benz-citan-bremszange-bremssattel-vorne-3\/\">Poursuivre la lecture <span class=\"screen-reader-text\">Mercedes-Benz Citan  Bremszange Bremssattel vorne<\/span><\/a><\/p>\n","protected":false},"featured_media":45812,"template":"","meta":[],"product_brand":[],"product_cat":[23611,780,779,533,530,777,778,1257,1263,1260,781,782,536,1256,1262,1259,1261,1258,1255],"product_tag":[],"class_list":{"0":"post-45815","1":"product","2":"type-product","3":"status-publish","4":"has-post-thumbnail","6":"product_cat-de-112-de_citan-de_mercedes-benz-manufacturer-11","7":"product_cat-en-brake-caliper-front","8":"product_cat-en-brake-calipercarrier","9":"product_cat-en-brake-brake-system","10":"product_cat-de-bremse-bremsanlage","11":"product_cat-de-bremssatteltraeger","12":"product_cat-de-bremszange-bremssattel-vorne","13":"product_cat-de_citan","14":"product_cat-fr_citan","15":"product_cat-en_citan","16":"product_cat-fr-etrier-de-frein-support","17":"product_cat-fr-etrier-de-frein-avant","18":"product_cat-fr-frein-systeme-de-freinage","19":"product_cat-de_mercedes-benz","20":"product_cat-fr_mercedes-benz","21":"product_cat-en_mercedes-benz","22":"product_cat-fr-wdf4156031u265612","23":"product_cat-en-wdf4156031u265612","24":"product_cat-de-wdf4156031u265612","25":"product_shipping_class-tarif-1","26":"entry","28":"first","29":"instock","30":"taxable","31":"shipping-taxable","32":"purchasable","33":"product-type-simple"},"jetpack_sharing_enabled":true,"_links":{"self":[{"href":"https:\/\/occasions-teile.ch\/fr\/wp-json\/wp\/v2\/product\/45815","targetHints":{"allow":["GET"]}}],"collection":[{"href":"https:\/\/occasions-teile.ch\/fr\/wp-json\/wp\/v2\/product"}],"about":[{"href":"https:\/\/occasions-teile.ch\/fr\/wp-json\/wp\/v2\/types\/product"}],"wp:featuredmedia":[{"embeddable":true,"href":"https:\/\/occasions-teile.ch\/fr\/wp-json\/wp\/v2\/media\/45812"}],"wp:attachment":[{"href":"https:\/\/occasions-teile.ch\/fr\/wp-json\/wp\/v2\/media?parent=45815"}],"wp:term":[{"taxonomy":"product_brand","embeddable":true,"href":"https:\/\/occasions-teile.ch\/fr\/wp-json\/wp\/v2\/product_brand?post=45815"},{"taxonomy":"product_cat","embeddable":true,"href":"https:\/\/occasions-teile.ch\/fr\/wp-json\/wp\/v2\/product_cat?post=45815"},{"taxonomy":"product_tag","embeddable":true,"href":"https:\/\/occasions-teile.ch\/fr\/wp-json\/wp\/v2\/product_tag?post=45815"}],"curies":[{"name":"wp","href":"https:\/\/api.w.org\/{rel}","templated":true}]}}