{"id":45068,"date":"2023-06-14T18:44:57","date_gmt":"2023-06-14T18:44:57","guid":{"rendered":"https:\/\/occasions-teile.ch\/product\/peugeot-208-kombiinstrument-tacho-3\/"},"modified":"2024-05-28T03:32:54","modified_gmt":"2024-05-28T03:32:54","slug":"peugeot-208-kombiinstrument-tacho-3","status":"publish","type":"product","link":"https:\/\/occasions-teile.ch\/fr\/produkt\/peugeot-208-kombiinstrument-tacho-3\/","title":{"rendered":"Peugeot 208  Kombiinstrument, Tacho"},"content":{"rendered":"<p><span><b>Technische Daten<\/b><\/p>\n<p> Fahrzeug: Peugeot 208<br \/>\n Chassis Nr.: VF3CC8HP0DT155713<br \/>\n Baujahr: 2014<br \/>\n Kilometer: 81195 KM<br \/>\n Leistung: 68 KW<br \/>\n Hubraum: 1398 ccm<br \/>\n Typ: 1PB408<br \/>\n Farbcode: &#8211;<br \/>\n Hinweise: &#8211;<\/p>\n<p> Versand: Versand nur in der Schweiz m\u00f6glich.Im Ausland ist der Transport k\u00e4uferseits.<br \/>\n Garantie: 3 Monate Garantie. Bitte beachten Sie, dass die Gew\u00e4hrleistung nur g\u00fcltig ist, wenn der Ersatzteileinbau durch eine Fachwerkstatt\/Meisterwerkstatt erfolgt. Das Ein- und Ausbau des Ersatzteiles kann nicht an uns verrechnet werden. <\/p>\n<p> Ersatzteil: f\u00fcr andere Fahrzeugen (Marken) verf\u00fcgbar auf anfrage. Tel.041 980 27 47. Mobil. 076 589 27 47<\/p>\n<p> Kontakt<br \/>\n  Adresse: Autoverwertung Brun AG<br \/>\n           M\u00f6\u00f6slimatten 13<br \/>\n           6218 Ettiswil<br \/>\n  Telefon: 0041 (041) 980 27 47<br \/>\n  Telefax: 0041 (041) 980 03 47<\/p>\n<p> Wir bieten Ihnen weitere gebrauchte Autoteile zum Kauf an.<br \/>\n<\/span><\/p>\n","protected":false},"excerpt":{"rendered":"<p>Technische Daten Fahrzeug: Peugeot 208 Chassis Nr.: VF3CC8HP0DT155713 Baujahr: 2014 Kilometer: 81195 KM Leistung: 68 KW Hubraum: 1398 ccm Typ: 1PB408 Farbcode: &#8211; Hinweise: &#8211; Versand: Versand nur in der Schweiz m\u00f6glich.Im Ausland ist der Transport k\u00e4uferseits. Garantie: 3 Monate Garantie. Bitte beachten Sie, dass die Gew\u00e4hrleistung nur g\u00fcltig ist, wenn der Ersatzteileinbau durch eine&hellip; <a class=\"more-link\" href=\"https:\/\/occasions-teile.ch\/fr\/produkt\/peugeot-208-kombiinstrument-tacho-3\/\">Poursuivre la lecture <span class=\"screen-reader-text\">Peugeot 208  Kombiinstrument, Tacho<\/span><\/a><\/p>\n","protected":false},"featured_media":45065,"template":"","meta":[],"product_brand":[],"product_cat":[1185,1185,1185,23738,823,621,621,621,823,823,1184,1184,1184,822,822,822,1183,1183,1183],"product_tag":[],"class_list":{"0":"post-45068","1":"product","2":"type-product","3":"status-publish","4":"has-post-thumbnail","6":"product_cat-de_208","9":"product_cat-de-ca-cc-1-4-hdi-de_208-de_peugeot-manufacturer-23","10":"product_cat-de-kombiinstrument-tacho","11":"product_cat-de-elektrik-steuergeraete","16":"product_cat-de_peugeot","19":"product_cat-de-tachoanzeigegeraete","22":"product_cat-de-vf3cc8hp0dt155713","25":"product_shipping_class-tarif-1","26":"entry","28":"first","29":"instock","30":"taxable","31":"shipping-taxable","32":"purchasable","33":"product-type-simple"},"jetpack_sharing_enabled":true,"_links":{"self":[{"href":"https:\/\/occasions-teile.ch\/fr\/wp-json\/wp\/v2\/product\/45068","targetHints":{"allow":["GET"]}}],"collection":[{"href":"https:\/\/occasions-teile.ch\/fr\/wp-json\/wp\/v2\/product"}],"about":[{"href":"https:\/\/occasions-teile.ch\/fr\/wp-json\/wp\/v2\/types\/product"}],"wp:featuredmedia":[{"embeddable":true,"href":"https:\/\/occasions-teile.ch\/fr\/wp-json\/wp\/v2\/media\/45065"}],"wp:attachment":[{"href":"https:\/\/occasions-teile.ch\/fr\/wp-json\/wp\/v2\/media?parent=45068"}],"wp:term":[{"taxonomy":"product_brand","embeddable":true,"href":"https:\/\/occasions-teile.ch\/fr\/wp-json\/wp\/v2\/product_brand?post=45068"},{"taxonomy":"product_cat","embeddable":true,"href":"https:\/\/occasions-teile.ch\/fr\/wp-json\/wp\/v2\/product_cat?post=45068"},{"taxonomy":"product_tag","embeddable":true,"href":"https:\/\/occasions-teile.ch\/fr\/wp-json\/wp\/v2\/product_tag?post=45068"}],"curies":[{"name":"wp","href":"https:\/\/api.w.org\/{rel}","templated":true}]}}