{"id":43760,"date":"2023-06-14T17:22:58","date_gmt":"2023-06-14T17:22:58","guid":{"rendered":"https:\/\/occasions-teile.ch\/product\/peugeot-208-tuere-hinten-5\/"},"modified":"2024-05-28T03:25:46","modified_gmt":"2024-05-28T03:25:46","slug":"peugeot-208-tuere-hinten-5","status":"publish","type":"product","link":"https:\/\/occasions-teile.ch\/fr\/produkt\/peugeot-208-tuere-hinten-5\/","title":{"rendered":"Peugeot 208  T\u00fcre hinten"},"content":{"rendered":"<p><span><b>Technische Daten<\/b><\/p>\n<p> Fahrzeug: Peugeot 208<br \/>\n Chassis Nr.: VF3CC8HP0DT155713<br \/>\n Baujahr: 2014<br \/>\n Kilometer: 81195 KM<br \/>\n Leistung: 68 KW<br \/>\n Hubraum: 1398 ccm<br \/>\n Typ: 1PB408<br \/>\n Farbcode: &#8211;<br \/>\n Hinweise: Achtung Kratzer<\/p>\n<p> Versand: Versand nur in der Schweiz m\u00f6glich.Im Ausland ist der Transport k\u00e4uferseits.<br \/>\n Garantie: 3 Monate Garantie. Bitte beachten Sie, dass die Gew\u00e4hrleistung nur g\u00fcltig ist, wenn der Ersatzteileinbau durch eine Fachwerkstatt\/Meisterwerkstatt erfolgt. Das Ein- und Ausbau des Ersatzteiles kann nicht an uns verrechnet werden. <\/p>\n<p> Ersatzteil: f\u00fcr andere Fahrzeugen (Marken) verf\u00fcgbar auf anfrage. Tel.041 980 27 47. Mobil. 076 589 27 47<\/p>\n<p> Kontakt<br \/>\n  Adresse: Autoverwertung Brun AG<br \/>\n           M\u00f6\u00f6slimatten 13<br \/>\n           6218 Ettiswil<br \/>\n  Telefon: 0041 (041) 980 27 47<br \/>\n  Telefax: 0041 (041) 980 03 47<\/p>\n<p> Wir bieten Ihnen weitere gebrauchte Autoteile zum Kauf an.<br \/>\n<\/span><\/p>\n","protected":false},"excerpt":{"rendered":"<p>Technische Daten Fahrzeug: Peugeot 208 Chassis Nr.: VF3CC8HP0DT155713 Baujahr: 2014 Kilometer: 81195 KM Leistung: 68 KW Hubraum: 1398 ccm Typ: 1PB408 Farbcode: &#8211; Hinweise: Achtung Kratzer Versand: Versand nur in der Schweiz m\u00f6glich.Im Ausland ist der Transport k\u00e4uferseits. Garantie: 3 Monate Garantie. Bitte beachten Sie, dass die Gew\u00e4hrleistung nur g\u00fcltig ist, wenn der Ersatzteileinbau durch&hellip; <a class=\"more-link\" href=\"https:\/\/occasions-teile.ch\/fr\/produkt\/peugeot-208-tuere-hinten-5\/\">Poursuivre la lecture <span class=\"screen-reader-text\">Peugeot 208  T\u00fcre hinten<\/span><\/a><\/p>\n","protected":false},"featured_media":43757,"template":"","meta":[],"product_brand":[],"product_cat":[1185,1185,1185,732,485,23738,485,486,732,485,1184,1184,1184,486,732,486,1183,1183,1183],"product_tag":[],"class_list":{"0":"post-43760","1":"product","2":"type-product","3":"status-publish","4":"has-post-thumbnail","6":"product_cat-de_208","9":"product_cat-de-tuere-hinten","10":"product_cat-de-karosserie-mitte","11":"product_cat-de-ca-cc-1-4-hdi-de_208-de_peugeot-manufacturer-23","13":"product_cat-de-tueren","16":"product_cat-de_peugeot","22":"product_cat-de-vf3cc8hp0dt155713","25":"product_shipping_class-tarif-3","26":"entry","28":"first","29":"instock","30":"taxable","31":"shipping-taxable","32":"purchasable","33":"product-type-simple"},"jetpack_sharing_enabled":true,"_links":{"self":[{"href":"https:\/\/occasions-teile.ch\/fr\/wp-json\/wp\/v2\/product\/43760","targetHints":{"allow":["GET"]}}],"collection":[{"href":"https:\/\/occasions-teile.ch\/fr\/wp-json\/wp\/v2\/product"}],"about":[{"href":"https:\/\/occasions-teile.ch\/fr\/wp-json\/wp\/v2\/types\/product"}],"wp:featuredmedia":[{"embeddable":true,"href":"https:\/\/occasions-teile.ch\/fr\/wp-json\/wp\/v2\/media\/43757"}],"wp:attachment":[{"href":"https:\/\/occasions-teile.ch\/fr\/wp-json\/wp\/v2\/media?parent=43760"}],"wp:term":[{"taxonomy":"product_brand","embeddable":true,"href":"https:\/\/occasions-teile.ch\/fr\/wp-json\/wp\/v2\/product_brand?post=43760"},{"taxonomy":"product_cat","embeddable":true,"href":"https:\/\/occasions-teile.ch\/fr\/wp-json\/wp\/v2\/product_cat?post=43760"},{"taxonomy":"product_tag","embeddable":true,"href":"https:\/\/occasions-teile.ch\/fr\/wp-json\/wp\/v2\/product_tag?post=43760"}],"curies":[{"name":"wp","href":"https:\/\/api.w.org\/{rel}","templated":true}]}}