{"id":43721,"date":"2023-06-14T17:21:00","date_gmt":"2023-06-14T17:21:00","guid":{"rendered":"https:\/\/occasions-teile.ch\/product\/opel-corsa-sensoren-schleifring-3\/"},"modified":"2024-05-26T01:32:11","modified_gmt":"2024-05-26T01:32:11","slug":"opel-corsa-sensoren-schleifring-3","status":"publish","type":"product","link":"https:\/\/occasions-teile.ch\/fr\/produkt\/opel-corsa-sensoren-schleifring-3\/","title":{"rendered":"Opel Corsa  Sensoren, Schleifring&#8230;"},"content":{"rendered":"<p><span><b>Technische Daten<\/b><\/p>\n<p> Fahrzeug: Opel Corsa<br \/>\n Chassis Nr.: W0L0XEP08F6069505<br \/>\n Baujahr: 2015<br \/>\n Kilometer: 69872 KM<br \/>\n Leistung: 116 KW<br \/>\n Hubraum: 999 ccm<br \/>\n Typ: 1OC192<br \/>\n Farbcode: &#8211;<br \/>\n Hinweise: Achtung nur Schleifring ohne Kombischalter<\/p>\n<p> Versand: Versand nur in der Schweiz m\u00f6glich.Im Ausland ist der Transport k\u00e4uferseits.<br \/>\n Garantie: 3 Monate Garantie. Bitte beachten Sie, dass die Gew\u00e4hrleistung nur g\u00fcltig ist, wenn der Ersatzteileinbau durch eine Fachwerkstatt\/Meisterwerkstatt erfolgt. Das Ein- und Ausbau des Ersatzteiles kann nicht an uns verrechnet werden. <\/p>\n<p> Ersatzteil: f\u00fcr andere Fahrzeugen (Marken) verf\u00fcgbar auf anfrage. Tel.041 980 27 47. Mobil. 076 589 27 47<\/p>\n<p> Kontakt<br \/>\n  Adresse: Autoverwertung Brun AG<br \/>\n           M\u00f6\u00f6slimatten 13<br \/>\n           6218 Ettiswil<br \/>\n  Telefon: 0041 (041) 980 27 47<br \/>\n  Telefax: 0041 (041) 980 03 47<\/p>\n<p> Wir bieten Ihnen weitere gebrauchte Autoteile zum Kauf an.<br \/>\n<\/span><\/p>\n","protected":false},"excerpt":{"rendered":"<p>Technische Daten Fahrzeug: Opel Corsa Chassis Nr.: W0L0XEP08F6069505 Baujahr: 2015 Kilometer: 69872 KM Leistung: 116 KW Hubraum: 999 ccm Typ: 1OC192 Farbcode: &#8211; Hinweise: Achtung nur Schleifring ohne Kombischalter Versand: Versand nur in der Schweiz m\u00f6glich.Im Ausland ist der Transport k\u00e4uferseits. Garantie: 3 Monate Garantie. Bitte beachten Sie, dass die Gew\u00e4hrleistung nur g\u00fcltig ist, wenn&hellip; <a class=\"more-link\" href=\"https:\/\/occasions-teile.ch\/fr\/produkt\/opel-corsa-sensoren-schleifring-3\/\">Poursuivre la lecture <span class=\"screen-reader-text\">Opel Corsa  Sensoren, Schleifring&#8230;<\/span><\/a><\/p>\n","protected":false},"featured_media":43715,"template":"","meta":[],"product_brand":[],"product_cat":[1139,1140,541,1217,1217,1217,23638,541,613,613,613,1140,1139,1140,1139,541,1216,1216,1216],"product_tag":[],"class_list":{"0":"post-43721","1":"product","2":"type-product","3":"status-publish","4":"has-post-thumbnail","6":"product_cat-de-sensorenschleifring","7":"product_cat-de-sensoren-schleifring","8":"product_cat-de-fahrwerk-lenkung","9":"product_cat-de_corsa","12":"product_cat-de-e-1-0t-de_corsa-de_opel-manufacturer-22","14":"product_cat-de_opel","22":"product_cat-de-w0l0xep08f6069505","25":"product_shipping_class-tarif-1","26":"entry","28":"first","29":"instock","30":"taxable","31":"shipping-taxable","32":"purchasable","33":"product-type-simple"},"jetpack_sharing_enabled":true,"_links":{"self":[{"href":"https:\/\/occasions-teile.ch\/fr\/wp-json\/wp\/v2\/product\/43721","targetHints":{"allow":["GET"]}}],"collection":[{"href":"https:\/\/occasions-teile.ch\/fr\/wp-json\/wp\/v2\/product"}],"about":[{"href":"https:\/\/occasions-teile.ch\/fr\/wp-json\/wp\/v2\/types\/product"}],"wp:featuredmedia":[{"embeddable":true,"href":"https:\/\/occasions-teile.ch\/fr\/wp-json\/wp\/v2\/media\/43715"}],"wp:attachment":[{"href":"https:\/\/occasions-teile.ch\/fr\/wp-json\/wp\/v2\/media?parent=43721"}],"wp:term":[{"taxonomy":"product_brand","embeddable":true,"href":"https:\/\/occasions-teile.ch\/fr\/wp-json\/wp\/v2\/product_brand?post=43721"},{"taxonomy":"product_cat","embeddable":true,"href":"https:\/\/occasions-teile.ch\/fr\/wp-json\/wp\/v2\/product_cat?post=43721"},{"taxonomy":"product_tag","embeddable":true,"href":"https:\/\/occasions-teile.ch\/fr\/wp-json\/wp\/v2\/product_tag?post=43721"}],"curies":[{"name":"wp","href":"https:\/\/api.w.org\/{rel}","templated":true}]}}