{"id":41979,"date":"2023-06-06T13:51:35","date_gmt":"2023-06-06T13:51:35","guid":{"rendered":"https:\/\/occasions-teile.ch\/product\/toyota-yaris-rueckleuchte-rechts-4\/"},"modified":"2024-02-16T12:51:29","modified_gmt":"2024-02-16T12:51:29","slug":"toyota-yaris-rueckleuchte-rechts-4","status":"publish","type":"product","link":"https:\/\/occasions-teile.ch\/fr\/produkt\/toyota-yaris-rueckleuchte-rechts-4\/","title":{"rendered":"Toyota Yaris  R\u00fcckleuchte rechts"},"content":{"rendered":"<p><b>Technische Daten<\/b><\/p>\n<p>Fahrzeug: Toyota Yaris<br \/>\nChassis Nr.: VNKKL96300A182080<br \/>\nBaujahr: 2007<br \/>\nKilometer: 103216 KM<br \/>\nLeistung: 87 KW<br \/>\nHubraum: 1298 ccm<br \/>\nTyp: 1TA328<br \/>\nFarbcode: rot<br \/>\nHinweise: &#8211;<\/p>\n<p>Versand: Versand nur in der Schweiz m\u00f6glich.Im Ausland ist der Transport k\u00e4uferseits.<br \/>\nGarantie: 3 Monate Garantie. Bitte beachten Sie, dass die Gew\u00e4hrleistung nur g\u00fcltig ist, wenn der Ersatzteileinbau durch eine Fachwerkstatt\/Meisterwerkstatt erfolgt. Das Ein- und Ausbau des Ersatzteiles kann nicht an uns verrechnet werden.<\/p>\n<p>Ersatzteil: f\u00fcr andere Fahrzeugen (Marken) verf\u00fcgbar auf anfrage. Tel.041 980 27 47. Mobil. 076 589 27 47<\/p>\n<p>Kontakt<br \/>\nAdresse: Autoverwertung Brun AG<br \/>\nM\u00f6\u00f6slimatten 13<br \/>\n6218 Ettiswil<br \/>\nTelefon: 0041 (041) 980 27 47<br \/>\nTelefax: 0041 (041) 980 03 47<\/p>\n<p>Wir bieten Ihnen weitere gebrauchte Autoteile zum Kauf an.<\/p>\n","protected":false},"excerpt":{"rendered":"<p>Technische Daten Fahrzeug: Toyota Yaris Chassis Nr.: VNKKL96300A182080 Baujahr: 2007 Kilometer: 103216 KM Leistung: 87 KW Hubraum: 1298 ccm Typ: 1TA328 Farbcode: rot Hinweise: &#8211; Versand: Versand nur in der Schweiz m\u00f6glich.Im Ausland ist der Transport k\u00e4uferseits. Garantie: 3 Monate Garantie. Bitte beachten Sie, dass die Gew\u00e4hrleistung nur g\u00fcltig ist, wenn der Ersatzteileinbau durch eine&hellip; <a class=\"more-link\" href=\"https:\/\/occasions-teile.ch\/fr\/produkt\/toyota-yaris-rueckleuchte-rechts-4\/\">Poursuivre la lecture <span class=\"screen-reader-text\">Toyota Yaris  R\u00fcckleuchte rechts<\/span><\/a><\/p>\n","protected":false},"featured_media":41976,"template":"","meta":[],"product_brand":[],"product_cat":[521,1121,1127,1329,2086,1330],"product_tag":[],"class_list":{"0":"post-41979","1":"product","2":"type-product","3":"status-publish","4":"has-post-thumbnail","6":"product_cat-de-karosserie-heck","7":"product_cat-de-rueckleuchte","8":"product_cat-de-rueckleuchte-rechts","9":"product_cat-de_toyota","10":"product_cat-de-vnkkl96300a182080-20000174","11":"product_cat-de_yaris","12":"product_shipping_class-tarif-1","13":"entry","15":"first","16":"instock","17":"taxable","18":"shipping-taxable","19":"purchasable","20":"product-type-simple"},"jetpack_sharing_enabled":true,"_links":{"self":[{"href":"https:\/\/occasions-teile.ch\/fr\/wp-json\/wp\/v2\/product\/41979","targetHints":{"allow":["GET"]}}],"collection":[{"href":"https:\/\/occasions-teile.ch\/fr\/wp-json\/wp\/v2\/product"}],"about":[{"href":"https:\/\/occasions-teile.ch\/fr\/wp-json\/wp\/v2\/types\/product"}],"wp:featuredmedia":[{"embeddable":true,"href":"https:\/\/occasions-teile.ch\/fr\/wp-json\/wp\/v2\/media\/41976"}],"wp:attachment":[{"href":"https:\/\/occasions-teile.ch\/fr\/wp-json\/wp\/v2\/media?parent=41979"}],"wp:term":[{"taxonomy":"product_brand","embeddable":true,"href":"https:\/\/occasions-teile.ch\/fr\/wp-json\/wp\/v2\/product_brand?post=41979"},{"taxonomy":"product_cat","embeddable":true,"href":"https:\/\/occasions-teile.ch\/fr\/wp-json\/wp\/v2\/product_cat?post=41979"},{"taxonomy":"product_tag","embeddable":true,"href":"https:\/\/occasions-teile.ch\/fr\/wp-json\/wp\/v2\/product_tag?post=41979"}],"curies":[{"name":"wp","href":"https:\/\/api.w.org\/{rel}","templated":true}]}}