{"id":41805,"date":"2023-06-06T09:51:55","date_gmt":"2023-06-06T09:51:55","guid":{"rendered":"https:\/\/occasions-teile.ch\/product\/volkswagen-vw-polo-felgen-einzeln\/"},"modified":"2025-02-12T08:03:22","modified_gmt":"2025-02-12T08:03:22","slug":"volkswagen-vw-polo-felgen-einzeln","status":"publish","type":"product","link":"https:\/\/occasions-teile.ch\/fr\/produkt\/volkswagen-vw-polo-felgen-einzeln\/","title":{"rendered":"Volkswagen VW Polo  Felgen (einzeln)"},"content":{"rendered":"<p><span><b>Technische Daten<\/b><\/p>\n<p> Fahrzeug: Volkswagen VW Polo<br \/>\n Chassis Nr.: WVWZZZAWZJY212978<br \/>\n Baujahr: 2018<br \/>\n Kilometer: 115256 KM<br \/>\n Leistung: 115 KW<br \/>\n Hubraum: 999 ccm<br \/>\n Typ: 1vg613<br \/>\n Farbcode: grau<br \/>\n Hinweise: 6.5&#215;15 ET35 Gamaparts Preis pro st\u00fcck.<\/p>\n<p> Versand: Versand nur in der Schweiz m\u00f6glich.Im Ausland ist der Transport k\u00e4uferseits.<br \/>\n Garantie: 3 Monate Garantie. Bitte beachten Sie, dass die Gew\u00e4hrleistung nur g\u00fcltig ist, wenn der Ersatzteileinbau durch eine Fachwerkstatt\/Meisterwerkstatt erfolgt. Das Ein- und Ausbau des Ersatzteiles kann nicht an uns verrechnet werden. <\/p>\n<p> Ersatzteil: f\u00fcr andere Fahrzeugen (Marken) verf\u00fcgbar auf anfrage. Tel.041 980 27 47. Mobil. 076 589 27 47<\/p>\n<p> Kontakt<br \/>\n  Adresse: Autoverwertung Brun AG<br \/>\n           M\u00f6\u00f6slimatten 13<br \/>\n           6218 Ettiswil<br \/>\n  Telefon: 0041 (041) 980 27 47<br \/>\n  Telefax: 0041 (041) 980 03 47<\/p>\n<p> Wir bieten Ihnen weitere gebrauchte Autoteile zum Kauf an.<br \/>\n<\/span><\/p>\n","protected":false},"excerpt":{"rendered":"<p>Technische Daten Fahrzeug: Volkswagen VW Polo Chassis Nr.: WVWZZZAWZJY212978 Baujahr: 2018 Kilometer: 115256 KM Leistung: 115 KW Hubraum: 999 ccm Typ: 1vg613 Farbcode: grau Hinweise: 6.5&#215;15 ET35 Gamaparts Preis pro st\u00fcck. Versand: Versand nur in der Schweiz m\u00f6glich.Im Ausland ist der Transport k\u00e4uferseits. Garantie: 3 Monate Garantie. Bitte beachten Sie, dass die Gew\u00e4hrleistung nur g\u00fcltig&hellip; <a class=\"more-link\" href=\"https:\/\/occasions-teile.ch\/fr\/produkt\/volkswagen-vw-polo-felgen-einzeln\/\">Poursuivre la lecture <span class=\"screen-reader-text\">Volkswagen VW Polo  Felgen (einzeln)<\/span><\/a><\/p>\n","protected":false},"featured_media":41802,"template":"","meta":[],"product_brand":[],"product_cat":[1110,1109,1634,550,23650,1280,2082],"product_tag":[],"class_list":{"0":"post-41805","1":"product","2":"type-product","3":"status-publish","4":"has-post-thumbnail","6":"product_cat-de-felgen-einzeln","7":"product_cat-de-felgeneinzeln","8":"product_cat-de_polo","9":"product_cat-de-raeder-reifen-felgen","10":"product_cat-de-vi-1-0tsi-de_polo-de_volkswagen-manufacturer-17","11":"product_cat-de_volkswagen","12":"product_cat-de-wvwzzzawzjy212978","13":"product_shipping_class-tarif-2","14":"entry","16":"first","17":"outofstock","18":"taxable","19":"shipping-taxable","20":"purchasable","21":"product-type-simple"},"jetpack_sharing_enabled":true,"_links":{"self":[{"href":"https:\/\/occasions-teile.ch\/fr\/wp-json\/wp\/v2\/product\/41805","targetHints":{"allow":["GET"]}}],"collection":[{"href":"https:\/\/occasions-teile.ch\/fr\/wp-json\/wp\/v2\/product"}],"about":[{"href":"https:\/\/occasions-teile.ch\/fr\/wp-json\/wp\/v2\/types\/product"}],"wp:featuredmedia":[{"embeddable":true,"href":"https:\/\/occasions-teile.ch\/fr\/wp-json\/wp\/v2\/media\/41802"}],"wp:attachment":[{"href":"https:\/\/occasions-teile.ch\/fr\/wp-json\/wp\/v2\/media?parent=41805"}],"wp:term":[{"taxonomy":"product_brand","embeddable":true,"href":"https:\/\/occasions-teile.ch\/fr\/wp-json\/wp\/v2\/product_brand?post=41805"},{"taxonomy":"product_cat","embeddable":true,"href":"https:\/\/occasions-teile.ch\/fr\/wp-json\/wp\/v2\/product_cat?post=41805"},{"taxonomy":"product_tag","embeddable":true,"href":"https:\/\/occasions-teile.ch\/fr\/wp-json\/wp\/v2\/product_tag?post=41805"}],"curies":[{"name":"wp","href":"https:\/\/api.w.org\/{rel}","templated":true}]}}