{"id":41220,"date":"2023-06-05T14:10:06","date_gmt":"2023-06-05T14:10:06","guid":{"rendered":"https:\/\/occasions-teile.ch\/product\/volkswagen-vw-polo-turbolader\/"},"modified":"2024-05-26T10:46:33","modified_gmt":"2024-05-26T10:46:33","slug":"volkswagen-vw-polo-turbolader","status":"publish","type":"product","link":"https:\/\/occasions-teile.ch\/fr\/produkt\/volkswagen-vw-polo-turbolader\/","title":{"rendered":"Volkswagen VW Polo  Turbolader"},"content":{"rendered":"<p><span><b>Technische Daten<\/b><\/p>\n<p> Fahrzeug: Volkswagen VW Polo<br \/>\n Chassis Nr.: WVWZZZAWZJY212978<br \/>\n Baujahr: 2018<br \/>\n Kilometer: 115256 KM<br \/>\n Leistung: 115 KW<br \/>\n Hubraum: 999 ccm<br \/>\n Typ: 1vg613<br \/>\n Farbcode: grau<br \/>\n Hinweise: &#8211;<\/p>\n<p> Versand: Versand nur in der Schweiz m\u00f6glich.Im Ausland ist der Transport k\u00e4uferseits.<br \/>\n Garantie: 3 Monate Garantie. Bitte beachten Sie, dass die Gew\u00e4hrleistung nur g\u00fcltig ist, wenn der Ersatzteileinbau durch eine Fachwerkstatt\/Meisterwerkstatt erfolgt. Das Ein- und Ausbau des Ersatzteiles kann nicht an uns verrechnet werden. <\/p>\n<p> Ersatzteil: f\u00fcr andere Fahrzeugen (Marken) verf\u00fcgbar auf anfrage. Tel.041 980 27 47. Mobil. 076 589 27 47<\/p>\n<p> Kontakt<br \/>\n  Adresse: Autoverwertung Brun AG<br \/>\n           M\u00f6\u00f6slimatten 13<br \/>\n           6218 Ettiswil<br \/>\n  Telefon: 0041 (041) 980 27 47<br \/>\n  Telefax: 0041 (041) 980 03 47<\/p>\n<p> Wir bieten Ihnen weitere gebrauchte Autoteile zum Kauf an.<br \/>\n<\/span><\/p>\n","protected":false},"excerpt":{"rendered":"<p>Technische Daten Fahrzeug: Volkswagen VW Polo Chassis Nr.: WVWZZZAWZJY212978 Baujahr: 2018 Kilometer: 115256 KM Leistung: 115 KW Hubraum: 999 ccm Typ: 1vg613 Farbcode: grau Hinweise: &#8211; Versand: Versand nur in der Schweiz m\u00f6glich.Im Ausland ist der Transport k\u00e4uferseits. Garantie: 3 Monate Garantie. Bitte beachten Sie, dass die Gew\u00e4hrleistung nur g\u00fcltig ist, wenn der Ersatzteileinbau durch&hellip; <a class=\"more-link\" href=\"https:\/\/occasions-teile.ch\/fr\/produkt\/volkswagen-vw-polo-turbolader\/\">Poursuivre la lecture <span class=\"screen-reader-text\">Volkswagen VW Polo  Turbolader<\/span><\/a><\/p>\n","protected":false},"featured_media":41217,"template":"","meta":[],"product_brand":[],"product_cat":[500,497,494,1634,1636,1638,633,632,635,634,631,630,23650,1286,1280,1283,2082,2083,2085],"product_tag":[],"class_list":{"0":"post-41220","1":"product","2":"type-product","3":"status-publish","4":"has-post-thumbnail","6":"product_cat-fr-moteur","7":"product_cat-en-motor","8":"product_cat-de-motor","9":"product_cat-de_polo","10":"product_cat-en_polo","11":"product_cat-fr_polo","12":"product_cat-en-turbocharger","13":"product_cat-en-turbocharger-compressor","14":"product_cat-fr-turbocompresseur","15":"product_cat-fr-turbocompresseur-compresseur","16":"product_cat-de-turbolader","17":"product_cat-de-turbolader-kompressor","18":"product_cat-de-vi-1-0tsi-de_polo-de_volkswagen-manufacturer-17","19":"product_cat-fr_volkswagen","20":"product_cat-de_volkswagen","21":"product_cat-en_volkswagen","22":"product_cat-de-wvwzzzawzjy212978","23":"product_cat-en-wvwzzzawzjy212978","24":"product_cat-fr-wvwzzzawzjy212978-vehicle-fr-2","25":"product_shipping_class-tarif-1","26":"entry","28":"first","29":"instock","30":"taxable","31":"shipping-taxable","32":"purchasable","33":"product-type-simple"},"jetpack_sharing_enabled":true,"_links":{"self":[{"href":"https:\/\/occasions-teile.ch\/fr\/wp-json\/wp\/v2\/product\/41220","targetHints":{"allow":["GET"]}}],"collection":[{"href":"https:\/\/occasions-teile.ch\/fr\/wp-json\/wp\/v2\/product"}],"about":[{"href":"https:\/\/occasions-teile.ch\/fr\/wp-json\/wp\/v2\/types\/product"}],"wp:featuredmedia":[{"embeddable":true,"href":"https:\/\/occasions-teile.ch\/fr\/wp-json\/wp\/v2\/media\/41217"}],"wp:attachment":[{"href":"https:\/\/occasions-teile.ch\/fr\/wp-json\/wp\/v2\/media?parent=41220"}],"wp:term":[{"taxonomy":"product_brand","embeddable":true,"href":"https:\/\/occasions-teile.ch\/fr\/wp-json\/wp\/v2\/product_brand?post=41220"},{"taxonomy":"product_cat","embeddable":true,"href":"https:\/\/occasions-teile.ch\/fr\/wp-json\/wp\/v2\/product_cat?post=41220"},{"taxonomy":"product_tag","embeddable":true,"href":"https:\/\/occasions-teile.ch\/fr\/wp-json\/wp\/v2\/product_tag?post=41220"}],"curies":[{"name":"wp","href":"https:\/\/api.w.org\/{rel}","templated":true}]}}