{"id":402839,"date":"2026-05-12T14:45:39","date_gmt":"2026-05-12T14:45:39","guid":{"rendered":"https:\/\/occasions-teile.ch\/product\/hyundai-santa-fe-airbag-armaturenbrett\/"},"modified":"2026-05-12T14:45:45","modified_gmt":"2026-05-12T14:45:45","slug":"hyundai-santa-fe-airbag-armaturenbrett","status":"publish","type":"product","link":"https:\/\/occasions-teile.ch\/fr\/produkt\/hyundai-santa-fe-airbag-armaturenbrett\/","title":{"rendered":"Hyundai Santa Fe  Airbag Armaturenbrett"},"content":{"rendered":"<p><span><b>Technische Daten<\/b><\/p>\n<p> Fahrzeug: Hyundai Santa Fe  Grand 2.2 CRDi<br \/>\n Chassis Nr.: KMHSN81XDJU270706<br \/>\n Baujahr: 2017<br \/>\n Kilometer: 167845 KM<br \/>\n Leistung: 200 KW<br \/>\n Hubraum: 2199 ccm<br \/>\n Typ: 1XP219<br \/>\n Farbcode: grau<br \/>\n Hinweise: &#8211;<\/p>\n<p> Versand: Versand nur in der Schweiz m\u00f6glich.Im Ausland ist der Transport k\u00e4uferseits.<br \/>\n Garantie: 3 Monate Garantie. Bitte beachten Sie, dass die Gew\u00e4hrleistung nur g\u00fcltig ist, wenn der Ersatzteileinbau durch eine Fachwerkstatt\/Meisterwerkstatt erfolgt. Das Ein- und Ausbau des Ersatzteiles kann nicht an uns verrechnet werden. <\/p>\n<p> Ersatzteil: f\u00fcr andere Fahrzeugen (Marken) verf\u00fcgbar auf anfrage. Tel.041 980 27 47. Mobil. 076 589 27 47<\/p>\n<p> Kontakt<br \/>\n  Adresse: Autoverwertung Brun AG<br \/>\n           M\u00f6\u00f6slimatten 13<br \/>\n           6218 Ettiswil<br \/>\n  Telefon: 0041 (041) 980 27 47<br \/>\n  Telefax: 0041 (041) 980 03 47<\/p>\n<p> Wir bieten Ihnen weitere gebrauchte Autoteile zum Kauf an.<br \/>\n Tags: Airbag Armaturenbrett, Dashboard , Tableau de bord<br \/>\n<\/span><\/p>\n","protected":false},"excerpt":{"rendered":"<p>Technische Daten Fahrzeug: Hyundai Santa Fe Grand 2.2 CRDi Chassis Nr.: KMHSN81XDJU270706 Baujahr: 2017 Kilometer: 167845 KM Leistung: 200 KW Hubraum: 2199 ccm Typ: 1XP219 Farbcode: grau Hinweise: &#8211; Versand: Versand nur in der Schweiz m\u00f6glich.Im Ausland ist der Transport k\u00e4uferseits. Garantie: 3 Monate Garantie. Bitte beachten Sie, dass die Gew\u00e4hrleistung nur g\u00fcltig ist, wenn&hellip; <a class=\"more-link\" href=\"https:\/\/occasions-teile.ch\/fr\/produkt\/hyundai-santa-fe-airbag-armaturenbrett\/\">Poursuivre la lecture <span class=\"screen-reader-text\">Hyundai Santa Fe  Airbag Armaturenbrett<\/span><\/a><\/p>\n","protected":false},"featured_media":402836,"template":"","meta":[],"product_brand":[],"product_cat":[806,805,809,808,2403,2406,2400,804,810,807,25013,25014,25015,5182,5180,5181,812,811],"product_tag":[],"class_list":{"0":"post-402839","1":"product","2":"type-product","3":"status-publish","4":"has-post-thumbnail","6":"product_cat-de-armaturenbrett","7":"product_cat-de-armaturenbrett-handschuhfach","8":"product_cat-en-dashboard","9":"product_cat-en-dashboard-glove-compartment","10":"product_cat-en_hyundai","11":"product_cat-fr_hyundai","12":"product_cat-de_hyundai","13":"product_cat-de-innenraum","14":"product_cat-fr-interieur","15":"product_cat-en-interior","16":"product_cat-de-kmhsn81xdju270706-200000640","17":"product_cat-en-kmhsn81xdju270706-200000640","18":"product_cat-fr-kmhsn81xdju270706-200000640","19":"product_cat-fr_slug_hyundai_santa-fe_124","20":"product_cat-de_slug_hyundai_santa-fe_719","21":"product_cat-en_slug_hyundai_santa-fe_832","22":"product_cat-fr-tableau-de-bord","23":"product_cat-fr-tableau-de-bord-boite-a-gants","24":"product_shipping_class-tarif-4","25":"entry","27":"first","28":"instock","29":"taxable","30":"shipping-taxable","31":"purchasable","32":"product-type-simple"},"jetpack_sharing_enabled":true,"_links":{"self":[{"href":"https:\/\/occasions-teile.ch\/fr\/wp-json\/wp\/v2\/product\/402839","targetHints":{"allow":["GET"]}}],"collection":[{"href":"https:\/\/occasions-teile.ch\/fr\/wp-json\/wp\/v2\/product"}],"about":[{"href":"https:\/\/occasions-teile.ch\/fr\/wp-json\/wp\/v2\/types\/product"}],"wp:featuredmedia":[{"embeddable":true,"href":"https:\/\/occasions-teile.ch\/fr\/wp-json\/wp\/v2\/media\/402836"}],"wp:attachment":[{"href":"https:\/\/occasions-teile.ch\/fr\/wp-json\/wp\/v2\/media?parent=402839"}],"wp:term":[{"taxonomy":"product_brand","embeddable":true,"href":"https:\/\/occasions-teile.ch\/fr\/wp-json\/wp\/v2\/product_brand?post=402839"},{"taxonomy":"product_cat","embeddable":true,"href":"https:\/\/occasions-teile.ch\/fr\/wp-json\/wp\/v2\/product_cat?post=402839"},{"taxonomy":"product_tag","embeddable":true,"href":"https:\/\/occasions-teile.ch\/fr\/wp-json\/wp\/v2\/product_tag?post=402839"}],"curies":[{"name":"wp","href":"https:\/\/api.w.org\/{rel}","templated":true}]}}