{"id":401453,"date":"2026-05-05T06:44:50","date_gmt":"2026-05-05T06:44:50","guid":{"rendered":"https:\/\/occasions-teile.ch\/product\/vw-polo-tuere-hinten-6\/"},"modified":"2026-05-05T06:44:56","modified_gmt":"2026-05-05T06:44:56","slug":"vw-polo-tuere-hinten-6","status":"publish","type":"product","link":"https:\/\/occasions-teile.ch\/fr\/produkt\/vw-polo-tuere-hinten-6\/","title":{"rendered":"VW Polo  T\u00fcre hinten"},"content":{"rendered":"<p><span><b>Technische Daten<\/b><\/p>\n<p> Fahrzeug: VW Polo  6R<br \/>\n Chassis Nr.: WVWZZZ6RZBY204273<br \/>\n Baujahr: 2011<br \/>\n Kilometer: 246315 KM<br \/>\n Leistung: 60 KW<br \/>\n Hubraum: 1198 ccm<br \/>\n Typ: X<br \/>\n Farbcode: Schwarz<br \/>\n Hinweise: &#8211;<\/p>\n<p> Versand: Versand nur in der Schweiz m\u00f6glich.Im Ausland ist der Transport k\u00e4uferseits.<br \/>\n Garantie: 3 Monate Garantie. Bitte beachten Sie, dass die Gew\u00e4hrleistung nur g\u00fcltig ist, wenn der Ersatzteileinbau durch eine Fachwerkstatt\/Meisterwerkstatt erfolgt. Das Ein- und Ausbau des Ersatzteiles kann nicht an uns verrechnet werden. <\/p>\n<p> Ersatzteil: f\u00fcr andere Fahrzeugen (Marken) verf\u00fcgbar auf anfrage. Tel.041 980 27 47. Mobil. 076 589 27 47<\/p>\n<p> Kontakt<br \/>\n  Adresse: Autoverwertung Brun AG<br \/>\n           M\u00f6\u00f6slimatten 13<br \/>\n           6218 Ettiswil<br \/>\n  Telefon: 0041 (041) 980 27 47<br \/>\n  Telefax: 0041 (041) 980 03 47<\/p>\n<p> Wir bieten Ihnen weitere gebrauchte Autoteile zum Kauf an.<br \/>\n Tags: T\u00fcre hinten, Doors rear , Arrie`re des portes<br \/>\n<\/span><\/p>\n","protected":false},"excerpt":{"rendered":"<p>Technische Daten Fahrzeug: VW Polo 6R Chassis Nr.: WVWZZZ6RZBY204273 Baujahr: 2011 Kilometer: 246315 KM Leistung: 60 KW Hubraum: 1198 ccm Typ: X Farbcode: Schwarz Hinweise: &#8211; Versand: Versand nur in der Schweiz m\u00f6glich.Im Ausland ist der Transport k\u00e4uferseits. Garantie: 3 Monate Garantie. Bitte beachten Sie, dass die Gew\u00e4hrleistung nur g\u00fcltig ist, wenn der Ersatzteileinbau durch&hellip; <a class=\"more-link\" href=\"https:\/\/occasions-teile.ch\/fr\/produkt\/vw-polo-tuere-hinten-6\/\">Poursuivre la lecture <span class=\"screen-reader-text\">VW Polo  T\u00fcre hinten<\/span><\/a><\/p>\n","protected":false},"featured_media":401450,"template":"","meta":[],"product_brand":[],"product_cat":[734,488,491,489,733,485,1636,1638,1634,492,732,486,1280,1283,1286,25000,24998,24999],"product_tag":[],"class_list":{"0":"post-401453","1":"product","2":"type-product","3":"status-publish","4":"has-post-thumbnail","6":"product_cat-fr-arriere-des-portes","7":"product_cat-en-body-center","8":"product_cat-fr-centre-de-la-carrosserie","9":"product_cat-en-doors","10":"product_cat-en-doors-rear","11":"product_cat-de-karosserie-mitte","12":"product_cat-en_polo","13":"product_cat-fr_polo","14":"product_cat-de_polo","15":"product_cat-fr-portes","16":"product_cat-de-tuere-hinten","17":"product_cat-de-tueren","18":"product_cat-de_volkswagen","19":"product_cat-en_volkswagen","20":"product_cat-fr_volkswagen","21":"product_cat-fr-wvwzzz6rzby204273-200000644","22":"product_cat-de-wvwzzz6rzby204273-200000644","23":"product_cat-en-wvwzzz6rzby204273-200000644","24":"product_shipping_class-tarif-4","25":"entry","27":"first","28":"instock","29":"taxable","30":"shipping-taxable","31":"purchasable","32":"product-type-simple"},"jetpack_sharing_enabled":true,"_links":{"self":[{"href":"https:\/\/occasions-teile.ch\/fr\/wp-json\/wp\/v2\/product\/401453","targetHints":{"allow":["GET"]}}],"collection":[{"href":"https:\/\/occasions-teile.ch\/fr\/wp-json\/wp\/v2\/product"}],"about":[{"href":"https:\/\/occasions-teile.ch\/fr\/wp-json\/wp\/v2\/types\/product"}],"wp:featuredmedia":[{"embeddable":true,"href":"https:\/\/occasions-teile.ch\/fr\/wp-json\/wp\/v2\/media\/401450"}],"wp:attachment":[{"href":"https:\/\/occasions-teile.ch\/fr\/wp-json\/wp\/v2\/media?parent=401453"}],"wp:term":[{"taxonomy":"product_brand","embeddable":true,"href":"https:\/\/occasions-teile.ch\/fr\/wp-json\/wp\/v2\/product_brand?post=401453"},{"taxonomy":"product_cat","embeddable":true,"href":"https:\/\/occasions-teile.ch\/fr\/wp-json\/wp\/v2\/product_cat?post=401453"},{"taxonomy":"product_tag","embeddable":true,"href":"https:\/\/occasions-teile.ch\/fr\/wp-json\/wp\/v2\/product_tag?post=401453"}],"curies":[{"name":"wp","href":"https:\/\/api.w.org\/{rel}","templated":true}]}}