{"id":400726,"date":"2026-04-29T06:49:27","date_gmt":"2026-04-29T06:49:27","guid":{"rendered":"https:\/\/occasions-teile.ch\/product\/citroen-jumpy-vf7vfehtmnz053252\/"},"modified":"2026-04-29T06:49:30","modified_gmt":"2026-04-29T06:49:30","slug":"citroen-jumpy-vf7vfehtmnz053252","status":"publish","type":"product","link":"https:\/\/occasions-teile.ch\/fr\/produkt\/citroen-jumpy-vf7vfehtmnz053252\/","title":{"rendered":"Citroen Jumpy , VF7VFEHTMNZ053252"},"content":{"rendered":"<p><span><b>Technische Daten<\/b><\/p>\n<p> Fahrzeug: Citroen Jumpy  2.0 BlueHDi 145 XL<br \/>\n Chassis Nr.: VF7VFEHTMNZ053252<br \/>\n Baujahr: 2022<br \/>\n Kilometer: 59662 KM<br \/>\n Leistung: 106 PS<br \/>\n Hubraum: 1997 ccm<br \/>\n Typ: 3CF106<br \/>\n Farbcode: White\/Weiss<br \/>\n Hinweise: &#8211;<\/p>\n<p> Versand: Versand nur in der Schweiz m\u00f6glich.Im Ausland ist der Transport k\u00e4uferseits.<br \/>\n Garantie: 3 Monate Garantie. Bitte beachten Sie, dass die Gew\u00e4hrleistung nur g\u00fcltig ist, wenn der Ersatzteileinbau durch eine Fachwerkstatt\/Meisterwerkstatt erfolgt. Das Ein- und Ausbau des Ersatzteiles kann nicht an uns verrechnet werden. <\/p>\n<p> Ersatzteil: f\u00fcr andere Fahrzeugen (Marken) verf\u00fcgbar auf anfrage. Tel.041 980 27 47. Mobil. 076 589 27 47<\/p>\n<p> Kontakt<br \/>\n  Adresse: Autoverwertung Brun AG<br \/>\n           M\u00f6\u00f6slimatten 13<br \/>\n           6218 Ettiswil<br \/>\n  Telefon: 0041 (041) 980 27 47<br \/>\n  Telefax: 0041 (041) 980 03 47<\/p>\n<p> Wir bieten Ihnen weitere gebrauchte Autoteile zum Kauf an.<br \/>\n<\/span><\/p>\n","protected":false},"excerpt":{"rendered":"<p>Technische Daten Fahrzeug: Citroen Jumpy 2.0 BlueHDi 145 XL Chassis Nr.: VF7VFEHTMNZ053252 Baujahr: 2022 Kilometer: 59662 KM Leistung: 106 PS Hubraum: 1997 ccm Typ: 3CF106 Farbcode: White\/Weiss Hinweise: &#8211; Versand: Versand nur in der Schweiz m\u00f6glich.Im Ausland ist der Transport k\u00e4uferseits. Garantie: 3 Monate Garantie. Bitte beachten Sie, dass die Gew\u00e4hrleistung nur g\u00fcltig ist, wenn&hellip; <a class=\"more-link\" href=\"https:\/\/occasions-teile.ch\/fr\/produkt\/citroen-jumpy-vf7vfehtmnz053252\/\">Poursuivre la lecture <span class=\"screen-reader-text\">Citroen Jumpy , VF7VFEHTMNZ053252<\/span><\/a><\/p>\n","protected":false},"featured_media":400723,"template":"","meta":[],"product_brand":[],"product_cat":[24988,3006,3007,3005,5488,5486,5487,21313,21341,21342],"product_tag":[],"class_list":{"0":"post-400726","1":"product","2":"type-product","3":"status-publish","4":"has-post-thumbnail","6":"product_cat-de-2-0-bluehdi-145-xl","7":"product_cat-en_citroen","8":"product_cat-fr_citroen","9":"product_cat-de_citroen","10":"product_cat-fr_slug_citroen_jumpy_704","11":"product_cat-de_slug_citroen_jumpy_999","12":"product_cat-en_slug_citroen_jumpy_135","13":"product_cat-cars-for-sale","14":"product_cat-cars-for-sale-en","15":"product_cat-cars-for-sale-fr","16":"product_shipping_class-no-ship","17":"entry","19":"first","20":"instock","21":"purchasable","22":"product-type-simple"},"jetpack_sharing_enabled":true,"_links":{"self":[{"href":"https:\/\/occasions-teile.ch\/fr\/wp-json\/wp\/v2\/product\/400726","targetHints":{"allow":["GET"]}}],"collection":[{"href":"https:\/\/occasions-teile.ch\/fr\/wp-json\/wp\/v2\/product"}],"about":[{"href":"https:\/\/occasions-teile.ch\/fr\/wp-json\/wp\/v2\/types\/product"}],"wp:featuredmedia":[{"embeddable":true,"href":"https:\/\/occasions-teile.ch\/fr\/wp-json\/wp\/v2\/media\/400723"}],"wp:attachment":[{"href":"https:\/\/occasions-teile.ch\/fr\/wp-json\/wp\/v2\/media?parent=400726"}],"wp:term":[{"taxonomy":"product_brand","embeddable":true,"href":"https:\/\/occasions-teile.ch\/fr\/wp-json\/wp\/v2\/product_brand?post=400726"},{"taxonomy":"product_cat","embeddable":true,"href":"https:\/\/occasions-teile.ch\/fr\/wp-json\/wp\/v2\/product_cat?post=400726"},{"taxonomy":"product_tag","embeddable":true,"href":"https:\/\/occasions-teile.ch\/fr\/wp-json\/wp\/v2\/product_tag?post=400726"}],"curies":[{"name":"wp","href":"https:\/\/api.w.org\/{rel}","templated":true}]}}