{"id":400580,"date":"2026-04-28T09:09:53","date_gmt":"2026-04-28T09:09:53","guid":{"rendered":"https:\/\/occasions-teile.ch\/product\/vw-golf-8-achs-hinten-achskoerper\/"},"modified":"2026-04-28T09:09:59","modified_gmt":"2026-04-28T09:09:59","slug":"vw-golf-8-achs-hinten-achskoerper","status":"publish","type":"product","link":"https:\/\/occasions-teile.ch\/fr\/produkt\/vw-golf-8-achs-hinten-achskoerper\/","title":{"rendered":"VW Golf 8  Achs hinten Achsk\u00f6rper"},"content":{"rendered":"<p><span><b>Technische Daten<\/b><\/p>\n<p> Fahrzeug: VW Golf 8  2.0 TDI<br \/>\n Chassis Nr.: WVWZZZCDZNW143585<br \/>\n Baujahr: 2021<br \/>\n Kilometer: 31763 KM<br \/>\n Leistung: 116 KW<br \/>\n Hubraum: 1916 ccm<br \/>\n Typ: 1VK266<br \/>\n Farbcode: grau<br \/>\n Hinweise: &#8211;<\/p>\n<p> Versand: Versand nur in der Schweiz m\u00f6glich.Im Ausland ist der Transport k\u00e4uferseits.<br \/>\n Garantie: 3 Monate Garantie. Bitte beachten Sie, dass die Gew\u00e4hrleistung nur g\u00fcltig ist, wenn der Ersatzteileinbau durch eine Fachwerkstatt\/Meisterwerkstatt erfolgt. Das Ein- und Ausbau des Ersatzteiles kann nicht an uns verrechnet werden. <\/p>\n<p> Ersatzteil: f\u00fcr andere Fahrzeugen (Marken) verf\u00fcgbar auf anfrage. Tel.041 980 27 47. Mobil. 076 589 27 47<\/p>\n<p> Kontakt<br \/>\n  Adresse: Autoverwertung Brun AG<br \/>\n           M\u00f6\u00f6slimatten 13<br \/>\n           6218 Ettiswil<br \/>\n  Telefon: 0041 (041) 980 27 47<br \/>\n  Telefax: 0041 (041) 980 03 47<\/p>\n<p> Wir bieten Ihnen weitere gebrauchte Autoteile zum Kauf an.<br \/>\n Tags: Achs hinten Achsk\u00f6rper , Rear axlecomplete , Essieu arrie`re complet<br \/>\n<\/span><\/p>\n","protected":false},"excerpt":{"rendered":"<p>Technische Daten Fahrzeug: VW Golf 8 2.0 TDI Chassis Nr.: WVWZZZCDZNW143585 Baujahr: 2021 Kilometer: 31763 KM Leistung: 116 KW Hubraum: 1916 ccm Typ: 1VK266 Farbcode: grau Hinweise: &#8211; Versand: Versand nur in der Schweiz m\u00f6glich.Im Ausland ist der Transport k\u00e4uferseits. Garantie: 3 Monate Garantie. Bitte beachten Sie, dass die Gew\u00e4hrleistung nur g\u00fcltig ist, wenn der&hellip; <a class=\"more-link\" href=\"https:\/\/occasions-teile.ch\/fr\/produkt\/vw-golf-8-achs-hinten-achskoerper\/\">Poursuivre la lecture <span class=\"screen-reader-text\">VW Golf 8  Achs hinten Achsk\u00f6rper<\/span><\/a><\/p>\n","protected":false},"featured_media":400577,"template":"","meta":[],"product_brand":[],"product_cat":[742,741,743,544,746,541,24813,24814,24815,744,745,547,1280,1283,1286,24986,24987,24985],"product_tag":[],"class_list":{"0":"post-400580","1":"product","2":"type-product","3":"status-publish","4":"has-post-thumbnail","6":"product_cat-de-achs-hinten-achskoerper","7":"product_cat-de-achstraeger-hilfsrahmen","8":"product_cat-en-axle-carrier-subframe","9":"product_cat-en-chassis-steering","10":"product_cat-fr-essieu-arriere-complet","11":"product_cat-de-fahrwerk-lenkung","12":"product_cat-de_slug_vw_golf-8_539","13":"product_cat-en_slug_vw_golf-8_120","14":"product_cat-fr_slug_vw_golf-8_282","15":"product_cat-en-rear-axlecomplete","16":"product_cat-fr-support-dessieu-cadre-auxiliaire","17":"product_cat-fr-train-de-roulement-direction","18":"product_cat-de_volkswagen","19":"product_cat-en_volkswagen","20":"product_cat-fr_volkswagen","21":"product_cat-en-wvwzzzcdznw143585-200000612","22":"product_cat-fr-wvwzzzcdznw143585-200000612","23":"product_cat-de-wvwzzzcdznw143585-200000612","24":"product_shipping_class-tarif-4","25":"entry","27":"first","28":"instock","29":"taxable","30":"shipping-taxable","31":"purchasable","32":"product-type-simple"},"jetpack_sharing_enabled":true,"_links":{"self":[{"href":"https:\/\/occasions-teile.ch\/fr\/wp-json\/wp\/v2\/product\/400580","targetHints":{"allow":["GET"]}}],"collection":[{"href":"https:\/\/occasions-teile.ch\/fr\/wp-json\/wp\/v2\/product"}],"about":[{"href":"https:\/\/occasions-teile.ch\/fr\/wp-json\/wp\/v2\/types\/product"}],"wp:featuredmedia":[{"embeddable":true,"href":"https:\/\/occasions-teile.ch\/fr\/wp-json\/wp\/v2\/media\/400577"}],"wp:attachment":[{"href":"https:\/\/occasions-teile.ch\/fr\/wp-json\/wp\/v2\/media?parent=400580"}],"wp:term":[{"taxonomy":"product_brand","embeddable":true,"href":"https:\/\/occasions-teile.ch\/fr\/wp-json\/wp\/v2\/product_brand?post=400580"},{"taxonomy":"product_cat","embeddable":true,"href":"https:\/\/occasions-teile.ch\/fr\/wp-json\/wp\/v2\/product_cat?post=400580"},{"taxonomy":"product_tag","embeddable":true,"href":"https:\/\/occasions-teile.ch\/fr\/wp-json\/wp\/v2\/product_tag?post=400580"}],"curies":[{"name":"wp","href":"https:\/\/api.w.org\/{rel}","templated":true}]}}