{"id":400401,"date":"2026-04-25T09:36:36","date_gmt":"2026-04-25T09:36:36","guid":{"rendered":"https:\/\/occasions-teile.ch\/product\/peugeot-308-xenonsteuergeraet-9\/"},"modified":"2026-04-25T09:36:42","modified_gmt":"2026-04-25T09:36:42","slug":"peugeot-308-xenonsteuergeraet-9","status":"publish","type":"product","link":"https:\/\/occasions-teile.ch\/fr\/produkt\/peugeot-308-xenonsteuergeraet-9\/","title":{"rendered":"Peugeot 308  Xenonsteuerger\u00e4t"},"content":{"rendered":"<p><span><b>Technische Daten<\/b><\/p>\n<p> Fahrzeug: Peugeot 308  Lim 1.6i<br \/>\n Chassis Nr.: VF3L35FVGES258941<br \/>\n Baujahr: 2014<br \/>\n Kilometer: 151054 KM<br \/>\n Leistung: 156 KW<br \/>\n Hubraum: 1598 ccm<br \/>\n Typ: 1PB704<br \/>\n Farbcode: White\/Weiss<br \/>\n Hinweise: &#8211;<\/p>\n<p> Versand: Versand nur in der Schweiz m\u00f6glich.Im Ausland ist der Transport k\u00e4uferseits.<br \/>\n Garantie: 3 Monate Garantie. Bitte beachten Sie, dass die Gew\u00e4hrleistung nur g\u00fcltig ist, wenn der Ersatzteileinbau durch eine Fachwerkstatt\/Meisterwerkstatt erfolgt. Das Ein- und Ausbau des Ersatzteiles kann nicht an uns verrechnet werden. <\/p>\n<p> Ersatzteil: f\u00fcr andere Fahrzeugen (Marken) verf\u00fcgbar auf anfrage. Tel.041 980 27 47. Mobil. 076 589 27 47<\/p>\n<p> Kontakt<br \/>\n  Adresse: Autoverwertung Brun AG<br \/>\n           M\u00f6\u00f6slimatten 13<br \/>\n           6218 Ettiswil<br \/>\n  Telefon: 0041 (041) 980 27 47<br \/>\n  Telefax: 0041 (041) 980 03 47<\/p>\n<p> Wir bieten Ihnen weitere gebrauchte Autoteile zum Kauf an.<br \/>\n Tags: Xenonsteuerger\u00e4t , xenon control unit, unit\u00e9 de commande x\u00e9non<br \/>\n<\/span><\/p>\n","protected":false},"excerpt":{"rendered":"<p>Technische Daten Fahrzeug: Peugeot 308 Lim 1.6i Chassis Nr.: VF3L35FVGES258941 Baujahr: 2014 Kilometer: 151054 KM Leistung: 156 KW Hubraum: 1598 ccm Typ: 1PB704 Farbcode: White\/Weiss Hinweise: &#8211; Versand: Versand nur in der Schweiz m\u00f6glich.Im Ausland ist der Transport k\u00e4uferseits. Garantie: 3 Monate Garantie. Bitte beachten Sie, dass die Gew\u00e4hrleistung nur g\u00fcltig ist, wenn der Ersatzteileinbau&hellip; <a class=\"more-link\" href=\"https:\/\/occasions-teile.ch\/fr\/produkt\/peugeot-308-xenonsteuergeraet-9\/\">Poursuivre la lecture <span class=\"screen-reader-text\">Peugeot 308  Xenonsteuerger\u00e4t<\/span><\/a><\/p>\n","protected":false},"featured_media":400398,"template":"","meta":[],"product_brand":[],"product_cat":[2354,2350,2352,897,901,627,624,621,899,1187,1190,1184,1025,24982,24983,24984,1024,1023],"product_tag":[],"class_list":{"0":"post-400401","1":"product","2":"type-product","3":"status-publish","4":"has-post-thumbnail","6":"product_cat-fr_308","7":"product_cat-de_308","8":"product_cat-en_308","9":"product_cat-de-beleuchtung","10":"product_cat-fr-eclairage","11":"product_cat-fr-electricite-dispositifs-de-commande","12":"product_cat-en-electrics-control-units","13":"product_cat-de-elektrik-steuergeraete","14":"product_cat-en-lighting","15":"product_cat-en_peugeot","16":"product_cat-fr_peugeot","17":"product_cat-de_peugeot","18":"product_cat-fr-unite-de-commande-xenon","19":"product_cat-de-vf3l35fvges258941-200000611","20":"product_cat-en-vf3l35fvges258941-200000611","21":"product_cat-fr-vf3l35fvges258941-200000611","22":"product_cat-en-xenon-control-unit","23":"product_cat-de-xenonsteuergeraet","24":"product_shipping_class-tarif-1","25":"entry","27":"first","28":"instock","29":"taxable","30":"shipping-taxable","31":"purchasable","32":"product-type-simple"},"jetpack_sharing_enabled":true,"_links":{"self":[{"href":"https:\/\/occasions-teile.ch\/fr\/wp-json\/wp\/v2\/product\/400401","targetHints":{"allow":["GET"]}}],"collection":[{"href":"https:\/\/occasions-teile.ch\/fr\/wp-json\/wp\/v2\/product"}],"about":[{"href":"https:\/\/occasions-teile.ch\/fr\/wp-json\/wp\/v2\/types\/product"}],"wp:featuredmedia":[{"embeddable":true,"href":"https:\/\/occasions-teile.ch\/fr\/wp-json\/wp\/v2\/media\/400398"}],"wp:attachment":[{"href":"https:\/\/occasions-teile.ch\/fr\/wp-json\/wp\/v2\/media?parent=400401"}],"wp:term":[{"taxonomy":"product_brand","embeddable":true,"href":"https:\/\/occasions-teile.ch\/fr\/wp-json\/wp\/v2\/product_brand?post=400401"},{"taxonomy":"product_cat","embeddable":true,"href":"https:\/\/occasions-teile.ch\/fr\/wp-json\/wp\/v2\/product_cat?post=400401"},{"taxonomy":"product_tag","embeddable":true,"href":"https:\/\/occasions-teile.ch\/fr\/wp-json\/wp\/v2\/product_tag?post=400401"}],"curies":[{"name":"wp","href":"https:\/\/api.w.org\/{rel}","templated":true}]}}