{"id":39980,"date":"2023-05-31T14:47:40","date_gmt":"2023-05-31T14:47:40","guid":{"rendered":"https:\/\/occasions-teile.ch\/product\/volkswagen-polo-drosselklappen-einspritzung\/"},"modified":"2024-05-28T19:20:02","modified_gmt":"2024-05-28T19:20:02","slug":"volkswagen-polo-drosselklappen-einspritzung","status":"publish","type":"product","link":"https:\/\/occasions-teile.ch\/fr\/produkt\/volkswagen-polo-drosselklappen-einspritzung\/","title":{"rendered":"Volkswagen Polo  Drosselklappen\/Einspritzung"},"content":{"rendered":"<p><span><b>Technische Daten<\/b><\/p>\n<p> Fahrzeug: Volkswagen Polo<br \/>\n Chassis Nr.: WVWZZZ6RZAY035082<br \/>\n Baujahr: 2009<br \/>\n Kilometer: 189671 KM<br \/>\n Leistung: 85 KW<br \/>\n Hubraum: 1390 ccm<br \/>\n Typ: 1vd623<br \/>\n Farbcode: White\/Weiss<br \/>\n Hinweise: &#8211;<\/p>\n<p> Versand: Versand nur in der Schweiz m\u00f6glich.Im Ausland ist der Transport k\u00e4uferseits.<br \/>\n Garantie: 3 Monate Garantie. Bitte beachten Sie, dass die Gew\u00e4hrleistung nur g\u00fcltig ist, wenn der Ersatzteileinbau durch eine Fachwerkstatt\/Meisterwerkstatt erfolgt. Das Ein- und Ausbau des Ersatzteiles kann nicht an uns verrechnet werden. <\/p>\n<p> Ersatzteil: f\u00fcr andere Fahrzeugen (Marken) verf\u00fcgbar auf anfrage. Tel.041 980 27 47. Mobil. 076 589 27 47<\/p>\n<p> Kontakt<br \/>\n  Adresse: Autoverwertung Brun AG<br \/>\n           M\u00f6\u00f6slimatten 13<br \/>\n           6218 Ettiswil<br \/>\n  Telefon: 0041 (041) 980 27 47<br \/>\n  Telefax: 0041 (041) 980 03 47<\/p>\n<p> Wir bieten Ihnen weitere gebrauchte Autoteile zum Kauf an.<br \/>\n<\/span><\/p>\n","protected":false},"excerpt":{"rendered":"<p>Technische Daten Fahrzeug: Volkswagen Polo Chassis Nr.: WVWZZZ6RZAY035082 Baujahr: 2009 Kilometer: 189671 KM Leistung: 85 KW Hubraum: 1390 ccm Typ: 1vd623 Farbcode: White\/Weiss Hinweise: &#8211; Versand: Versand nur in der Schweiz m\u00f6glich.Im Ausland ist der Transport k\u00e4uferseits. Garantie: 3 Monate Garantie. Bitte beachten Sie, dass die Gew\u00e4hrleistung nur g\u00fcltig ist, wenn der Ersatzteileinbau durch eine&hellip; <a class=\"more-link\" href=\"https:\/\/occasions-teile.ch\/fr\/produkt\/volkswagen-polo-drosselklappen-einspritzung\/\">Poursuivre la lecture <span class=\"screen-reader-text\">Volkswagen Polo  Drosselklappen\/Einspritzung<\/span><\/a><\/p>\n","protected":false},"featured_media":39977,"template":"","meta":[],"product_brand":[],"product_cat":[23799,665,1403,663,500,494,497,1634,1636,1638,667,1404,1405,1283,1286,1280,2074,2075,2073],"product_tag":[],"class_list":{"0":"post-39980","1":"product","2":"type-product","3":"status-publish","4":"has-post-thumbnail","6":"product_cat-de-1-4-6r-de_polo-de_volkswagen-manufacturer-33","7":"product_cat-en-air-fuel-system","8":"product_cat-de-drosselklappen-einspritzung","9":"product_cat-de-luft-kraftstoffsystem","10":"product_cat-fr-moteur","11":"product_cat-de-motor","12":"product_cat-en-motor","13":"product_cat-de_polo","14":"product_cat-en_polo","15":"product_cat-fr_polo","16":"product_cat-fr-systeme-dair-carburant","17":"product_cat-en-throttle-valves-injection","18":"product_cat-fr-vannes-a-papillon-injection","19":"product_cat-en_volkswagen","20":"product_cat-fr_volkswagen","21":"product_cat-de_volkswagen","22":"product_cat-en-wvwzzz6rzay035082","23":"product_cat-fr-wvwzzz6rzay035082","24":"product_cat-de-wvwzzz6rzay035082","25":"product_shipping_class-tarif-1","26":"entry","28":"first","29":"instock","30":"taxable","31":"shipping-taxable","32":"purchasable","33":"product-type-simple"},"jetpack_sharing_enabled":true,"_links":{"self":[{"href":"https:\/\/occasions-teile.ch\/fr\/wp-json\/wp\/v2\/product\/39980","targetHints":{"allow":["GET"]}}],"collection":[{"href":"https:\/\/occasions-teile.ch\/fr\/wp-json\/wp\/v2\/product"}],"about":[{"href":"https:\/\/occasions-teile.ch\/fr\/wp-json\/wp\/v2\/types\/product"}],"wp:featuredmedia":[{"embeddable":true,"href":"https:\/\/occasions-teile.ch\/fr\/wp-json\/wp\/v2\/media\/39977"}],"wp:attachment":[{"href":"https:\/\/occasions-teile.ch\/fr\/wp-json\/wp\/v2\/media?parent=39980"}],"wp:term":[{"taxonomy":"product_brand","embeddable":true,"href":"https:\/\/occasions-teile.ch\/fr\/wp-json\/wp\/v2\/product_brand?post=39980"},{"taxonomy":"product_cat","embeddable":true,"href":"https:\/\/occasions-teile.ch\/fr\/wp-json\/wp\/v2\/product_cat?post=39980"},{"taxonomy":"product_tag","embeddable":true,"href":"https:\/\/occasions-teile.ch\/fr\/wp-json\/wp\/v2\/product_tag?post=39980"}],"curies":[{"name":"wp","href":"https:\/\/api.w.org\/{rel}","templated":true}]}}