{"id":399348,"date":"2026-04-16T13:11:30","date_gmt":"2026-04-16T13:11:30","guid":{"rendered":"https:\/\/occasions-teile.ch\/product\/honda-cr-v-kombischalter-blinkerschalter\/"},"modified":"2026-04-16T13:11:35","modified_gmt":"2026-04-16T13:11:35","slug":"honda-cr-v-kombischalter-blinkerschalter","status":"publish","type":"product","link":"https:\/\/occasions-teile.ch\/fr\/produkt\/honda-cr-v-kombischalter-blinkerschalter\/","title":{"rendered":"Honda CR-V  Kombischalter Blinkerschalter"},"content":{"rendered":"<p><span><b>Technische Daten<\/b><\/p>\n<p> Fahrzeug: Honda CR-V  2.0i-MMD HYBRID<br \/>\n Chassis Nr.: LVHRS8863R7000970<br \/>\n Baujahr: 2023<br \/>\n Kilometer: 26668 KM<br \/>\n Leistung: 184 KW<br \/>\n Hubraum: 1998 ccm<br \/>\n Typ: 1HA627<br \/>\n Farbcode: White\/Weiss<br \/>\n Hinweise: &#8211;<\/p>\n<p> Versand: Versand nur in der Schweiz m\u00f6glich.Im Ausland ist der Transport k\u00e4uferseits.<br \/>\n Garantie: 3 Monate Garantie. Bitte beachten Sie, dass die Gew\u00e4hrleistung nur g\u00fcltig ist, wenn der Ersatzteileinbau durch eine Fachwerkstatt\/Meisterwerkstatt erfolgt. Das Ein- und Ausbau des Ersatzteiles kann nicht an uns verrechnet werden. <\/p>\n<p> Ersatzteil: f\u00fcr andere Fahrzeugen (Marken) verf\u00fcgbar auf anfrage. Tel.041 980 27 47. Mobil. 076 589 27 47<\/p>\n<p> Kontakt<br \/>\n  Adresse: Autoverwertung Brun AG<br \/>\n           M\u00f6\u00f6slimatten 13<br \/>\n           6218 Ettiswil<br \/>\n  Telefon: 0041 (041) 980 27 47<br \/>\n  Telefax: 0041 (041) 980 03 47<\/p>\n<p> Wir bieten Ihnen weitere gebrauchte Autoteile zum Kauf an.<br \/>\n Tags: Kombischalter Blinkerschalter, Turn signal switch, Commutateur de clignotant<br \/>\n<\/span><\/p>\n","protected":false},"excerpt":{"rendered":"<p>Technische Daten Fahrzeug: Honda CR-V 2.0i-MMD HYBRID Chassis Nr.: LVHRS8863R7000970 Baujahr: 2023 Kilometer: 26668 KM Leistung: 184 KW Hubraum: 1998 ccm Typ: 1HA627 Farbcode: White\/Weiss Hinweise: &#8211; Versand: Versand nur in der Schweiz m\u00f6glich.Im Ausland ist der Transport k\u00e4uferseits. Garantie: 3 Monate Garantie. Bitte beachten Sie, dass die Gew\u00e4hrleistung nur g\u00fcltig ist, wenn der Ersatzteileinbau&hellip; <a class=\"more-link\" href=\"https:\/\/occasions-teile.ch\/fr\/produkt\/honda-cr-v-kombischalter-blinkerschalter\/\">Poursuivre la lecture <span class=\"screen-reader-text\">Honda CR-V  Kombischalter Blinkerschalter<\/span><\/a><\/p>\n","protected":false},"featured_media":399345,"template":"","meta":[],"product_brand":[],"product_cat":[839,5122,5120,5121,627,624,621,2311,2314,2317,628,837,24967,24968,24969,622,625,838],"product_tag":[],"class_list":{"0":"post-399348","1":"product","2":"type-product","3":"status-publish","4":"has-post-thumbnail","6":"product_cat-fr-commutateur-de-clignotant","7":"product_cat-fr_slug_honda_cr-v_342","8":"product_cat-de_slug_honda_cr-v_696","9":"product_cat-en_slug_honda_cr-v_815","10":"product_cat-fr-electricite-dispositifs-de-commande","11":"product_cat-en-electrics-control-units","12":"product_cat-de-elektrik-steuergeraete","13":"product_cat-de_honda","14":"product_cat-en_honda","15":"product_cat-fr_honda","16":"product_cat-fr-interrupteur","17":"product_cat-de-kombischalter-blinkerschalter","18":"product_cat-de-lvhrs8863r7000970-200000605","19":"product_cat-en-lvhrs8863r7000970-200000605","20":"product_cat-fr-lvhrs8863r7000970-200000605","21":"product_cat-de-schalter","22":"product_cat-en-switch","23":"product_cat-en-turn-signal-switch","24":"product_shipping_class-tarif-1","25":"entry","27":"first","28":"instock","29":"taxable","30":"shipping-taxable","31":"purchasable","32":"product-type-simple"},"jetpack_sharing_enabled":true,"_links":{"self":[{"href":"https:\/\/occasions-teile.ch\/fr\/wp-json\/wp\/v2\/product\/399348","targetHints":{"allow":["GET"]}}],"collection":[{"href":"https:\/\/occasions-teile.ch\/fr\/wp-json\/wp\/v2\/product"}],"about":[{"href":"https:\/\/occasions-teile.ch\/fr\/wp-json\/wp\/v2\/types\/product"}],"wp:featuredmedia":[{"embeddable":true,"href":"https:\/\/occasions-teile.ch\/fr\/wp-json\/wp\/v2\/media\/399345"}],"wp:attachment":[{"href":"https:\/\/occasions-teile.ch\/fr\/wp-json\/wp\/v2\/media?parent=399348"}],"wp:term":[{"taxonomy":"product_brand","embeddable":true,"href":"https:\/\/occasions-teile.ch\/fr\/wp-json\/wp\/v2\/product_brand?post=399348"},{"taxonomy":"product_cat","embeddable":true,"href":"https:\/\/occasions-teile.ch\/fr\/wp-json\/wp\/v2\/product_cat?post=399348"},{"taxonomy":"product_tag","embeddable":true,"href":"https:\/\/occasions-teile.ch\/fr\/wp-json\/wp\/v2\/product_tag?post=399348"}],"curies":[{"name":"wp","href":"https:\/\/api.w.org\/{rel}","templated":true}]}}