{"id":399183,"date":"2026-04-15T01:22:19","date_gmt":"2026-04-15T01:22:19","guid":{"rendered":"https:\/\/occasions-teile.ch\/product\/vw-passat-bremszange-bremssattel-hinten-18\/"},"modified":"2026-04-15T01:22:25","modified_gmt":"2026-04-15T01:22:25","slug":"vw-passat-bremszange-bremssattel-hinten-18","status":"publish","type":"product","link":"https:\/\/occasions-teile.ch\/fr\/produkt\/vw-passat-bremszange-bremssattel-hinten-18\/","title":{"rendered":"VW Passat  Bremszange Bremssattel hinten"},"content":{"rendered":"<p><span><b>Technische Daten<\/b><\/p>\n<p> Fahrzeug: VW Passat  2.0<br \/>\n Chassis Nr.: WVWZZZ3CZGP002764<br \/>\n Baujahr: 2016<br \/>\n Kilometer: 250020 KM<br \/>\n Leistung: 150 KW<br \/>\n Hubraum: 1968 ccm<br \/>\n Typ: X<br \/>\n Farbcode: grau<br \/>\n Hinweise: &#8211;<\/p>\n<p> Versand: Versand nur in der Schweiz m\u00f6glich.Im Ausland ist der Transport k\u00e4uferseits.<br \/>\n Garantie: 3 Monate Garantie. Bitte beachten Sie, dass die Gew\u00e4hrleistung nur g\u00fcltig ist, wenn der Ersatzteileinbau durch eine Fachwerkstatt\/Meisterwerkstatt erfolgt. Das Ein- und Ausbau des Ersatzteiles kann nicht an uns verrechnet werden. <\/p>\n<p> Ersatzteil: f\u00fcr andere Fahrzeugen (Marken) verf\u00fcgbar auf anfrage. Tel.041 980 27 47. Mobil. 076 589 27 47<\/p>\n<p> Kontakt<br \/>\n  Adresse: Autoverwertung Brun AG<br \/>\n           M\u00f6\u00f6slimatten 13<br \/>\n           6218 Ettiswil<br \/>\n  Telefon: 0041 (041) 980 27 47<br \/>\n  Telefax: 0041 (041) 980 03 47<\/p>\n<p> Wir bieten Ihnen weitere gebrauchte Autoteile zum Kauf an.<br \/>\n Tags: Bremszange Bremssattel hinten, Rear brake caliper, E\u00b4trier de frein arrie`re<br \/>\n<\/span><\/p>\n","protected":false},"excerpt":{"rendered":"<p>Technische Daten Fahrzeug: VW Passat 2.0 Chassis Nr.: WVWZZZ3CZGP002764 Baujahr: 2016 Kilometer: 250020 KM Leistung: 150 KW Hubraum: 1968 ccm Typ: X Farbcode: grau Hinweise: &#8211; Versand: Versand nur in der Schweiz m\u00f6glich.Im Ausland ist der Transport k\u00e4uferseits. Garantie: 3 Monate Garantie. Bitte beachten Sie, dass die Gew\u00e4hrleistung nur g\u00fcltig ist, wenn der Ersatzteileinbau durch&hellip; <a class=\"more-link\" href=\"https:\/\/occasions-teile.ch\/fr\/produkt\/vw-passat-bremszange-bremssattel-hinten-18\/\">Poursuivre la lecture <span class=\"screen-reader-text\">VW Passat  Bremszange Bremssattel hinten<\/span><\/a><\/p>\n","protected":false},"featured_media":399180,"template":"","meta":[],"product_brand":[],"product_cat":[779,533,530,777,1086,781,1088,536,1303,1299,1301,1087,1280,1283,1286,24939,24940,24941],"product_tag":[],"class_list":{"0":"post-399183","1":"product","2":"type-product","3":"status-publish","4":"has-post-thumbnail","6":"product_cat-en-brake-calipercarrier","7":"product_cat-en-brake-brake-system","8":"product_cat-de-bremse-bremsanlage","9":"product_cat-de-bremssatteltraeger","10":"product_cat-de-bremszange-bremssattel-hinten","11":"product_cat-fr-etrier-de-frein-support","12":"product_cat-fr-etrier-de-frein-arriere","13":"product_cat-fr-frein-systeme-de-freinage","14":"product_cat-fr_passat","15":"product_cat-de_passat","16":"product_cat-en_passat","17":"product_cat-en-rear-brake-caliper","18":"product_cat-de_volkswagen","19":"product_cat-en_volkswagen","20":"product_cat-fr_volkswagen","21":"product_cat-de-wvwzzz3czgp002764-200000595","22":"product_cat-en-wvwzzz3czgp002764-200000595","23":"product_cat-fr-wvwzzz3czgp002764-200000595","24":"product_shipping_class-tarif-1","25":"entry","27":"first","28":"instock","29":"taxable","30":"shipping-taxable","31":"purchasable","32":"product-type-simple"},"jetpack_sharing_enabled":true,"_links":{"self":[{"href":"https:\/\/occasions-teile.ch\/fr\/wp-json\/wp\/v2\/product\/399183","targetHints":{"allow":["GET"]}}],"collection":[{"href":"https:\/\/occasions-teile.ch\/fr\/wp-json\/wp\/v2\/product"}],"about":[{"href":"https:\/\/occasions-teile.ch\/fr\/wp-json\/wp\/v2\/types\/product"}],"wp:featuredmedia":[{"embeddable":true,"href":"https:\/\/occasions-teile.ch\/fr\/wp-json\/wp\/v2\/media\/399180"}],"wp:attachment":[{"href":"https:\/\/occasions-teile.ch\/fr\/wp-json\/wp\/v2\/media?parent=399183"}],"wp:term":[{"taxonomy":"product_brand","embeddable":true,"href":"https:\/\/occasions-teile.ch\/fr\/wp-json\/wp\/v2\/product_brand?post=399183"},{"taxonomy":"product_cat","embeddable":true,"href":"https:\/\/occasions-teile.ch\/fr\/wp-json\/wp\/v2\/product_cat?post=399183"},{"taxonomy":"product_tag","embeddable":true,"href":"https:\/\/occasions-teile.ch\/fr\/wp-json\/wp\/v2\/product_tag?post=399183"}],"curies":[{"name":"wp","href":"https:\/\/api.w.org\/{rel}","templated":true}]}}