{"id":398704,"date":"2026-04-10T15:44:38","date_gmt":"2026-04-10T15:44:38","guid":{"rendered":"https:\/\/occasions-teile.ch\/product\/bmw-x-serien-x3-tuere-vorne\/"},"modified":"2026-04-10T15:44:44","modified_gmt":"2026-04-10T15:44:44","slug":"bmw-x-serien-x3-tuere-vorne","status":"publish","type":"product","link":"https:\/\/occasions-teile.ch\/fr\/produkt\/bmw-x-serien-x3-tuere-vorne\/","title":{"rendered":"BMW X-serien X3 T\u00fcre vorne"},"content":{"rendered":"<p><span><b>Technische Daten<\/b><\/p>\n<p> Fahrzeug: BMW X-serien X3 xDrive M40i G01<br \/>\n Chassis Nr.: WBATS31050LP71637<br \/>\n Baujahr: 2019<br \/>\n Kilometer: 116000 KM<br \/>\n Leistung: 360 KW<br \/>\n Hubraum: 2998 ccm<br \/>\n Typ: 1BN482<br \/>\n Farbcode: White\/Weiss<br \/>\n Hinweise: &#8211;<\/p>\n<p> Versand: Versand nur in der Schweiz m\u00f6glich.Im Ausland ist der Transport k\u00e4uferseits.<br \/>\n Garantie: 3 Monate Garantie. Bitte beachten Sie, dass die Gew\u00e4hrleistung nur g\u00fcltig ist, wenn der Ersatzteileinbau durch eine Fachwerkstatt\/Meisterwerkstatt erfolgt. Das Ein- und Ausbau des Ersatzteiles kann nicht an uns verrechnet werden. <\/p>\n<p> Ersatzteil: f\u00fcr andere Fahrzeugen (Marken) verf\u00fcgbar auf anfrage. Tel.041 980 27 47. Mobil. 076 589 27 47<\/p>\n<p> Kontakt<br \/>\n  Adresse: Autoverwertung Brun AG<br \/>\n           M\u00f6\u00f6slimatten 13<br \/>\n           6218 Ettiswil<br \/>\n  Telefon: 0041 (041) 980 27 47<br \/>\n  Telefax: 0041 (041) 980 03 47<\/p>\n<p> Wir bieten Ihnen weitere gebrauchte Autoteile zum Kauf an.<br \/>\n Tags: T\u00fcre vorne, Doors front, Portes avant<br \/>\n<\/span><\/p>\n","protected":false},"excerpt":{"rendered":"<p>Technische Daten Fahrzeug: BMW X-serien X3 xDrive M40i G01 Chassis Nr.: WBATS31050LP71637 Baujahr: 2019 Kilometer: 116000 KM Leistung: 360 KW Hubraum: 2998 ccm Typ: 1BN482 Farbcode: White\/Weiss Hinweise: &#8211; Versand: Versand nur in der Schweiz m\u00f6glich.Im Ausland ist der Transport k\u00e4uferseits. Garantie: 3 Monate Garantie. Bitte beachten Sie, dass die Gew\u00e4hrleistung nur g\u00fcltig ist, wenn&hellip; <a class=\"more-link\" href=\"https:\/\/occasions-teile.ch\/fr\/produkt\/bmw-x-serien-x3-tuere-vorne\/\">Poursuivre la lecture <span class=\"screen-reader-text\">BMW X-serien X3 T\u00fcre vorne<\/span><\/a><\/p>\n","protected":false},"featured_media":398701,"template":"","meta":[],"product_brand":[],"product_cat":[1515,1509,1512,488,491,489,490,485,492,493,486,487,24961,24962,24963,2151,2153,2155],"product_tag":[],"class_list":{"0":"post-398704","1":"product","2":"type-product","3":"status-publish","4":"has-post-thumbnail","6":"product_cat-fr_bmw","7":"product_cat-de_bmw","8":"product_cat-en_bmw","9":"product_cat-en-body-center","10":"product_cat-fr-centre-de-la-carrosserie","11":"product_cat-en-doors","12":"product_cat-en-doors-front","13":"product_cat-de-karosserie-mitte","14":"product_cat-fr-portes","15":"product_cat-fr-portes-avant","16":"product_cat-de-tueren","17":"product_cat-de-tuerenvorn","18":"product_cat-de-wbats31050lp71637-200000596","19":"product_cat-en-wbats31050lp71637-200000596","20":"product_cat-fr-wbats31050lp71637-200000596","21":"product_cat-de_x-serien-x3","22":"product_cat-en_x-serien-x3","23":"product_cat-fr_x-serien-x3","24":"product_shipping_class-tarif-4","25":"entry","27":"first","28":"instock","29":"taxable","30":"shipping-taxable","31":"purchasable","32":"product-type-simple"},"jetpack_sharing_enabled":true,"_links":{"self":[{"href":"https:\/\/occasions-teile.ch\/fr\/wp-json\/wp\/v2\/product\/398704","targetHints":{"allow":["GET"]}}],"collection":[{"href":"https:\/\/occasions-teile.ch\/fr\/wp-json\/wp\/v2\/product"}],"about":[{"href":"https:\/\/occasions-teile.ch\/fr\/wp-json\/wp\/v2\/types\/product"}],"wp:featuredmedia":[{"embeddable":true,"href":"https:\/\/occasions-teile.ch\/fr\/wp-json\/wp\/v2\/media\/398701"}],"wp:attachment":[{"href":"https:\/\/occasions-teile.ch\/fr\/wp-json\/wp\/v2\/media?parent=398704"}],"wp:term":[{"taxonomy":"product_brand","embeddable":true,"href":"https:\/\/occasions-teile.ch\/fr\/wp-json\/wp\/v2\/product_brand?post=398704"},{"taxonomy":"product_cat","embeddable":true,"href":"https:\/\/occasions-teile.ch\/fr\/wp-json\/wp\/v2\/product_cat?post=398704"},{"taxonomy":"product_tag","embeddable":true,"href":"https:\/\/occasions-teile.ch\/fr\/wp-json\/wp\/v2\/product_tag?post=398704"}],"curies":[{"name":"wp","href":"https:\/\/api.w.org\/{rel}","templated":true}]}}