{"id":398458,"date":"2026-04-09T15:32:25","date_gmt":"2026-04-09T15:32:25","guid":{"rendered":"https:\/\/occasions-teile.ch\/product\/bmw-x-serien-x3-anlasser-2\/"},"modified":"2026-04-09T15:32:31","modified_gmt":"2026-04-09T15:32:31","slug":"bmw-x-serien-x3-anlasser-2","status":"publish","type":"product","link":"https:\/\/occasions-teile.ch\/fr\/produkt\/bmw-x-serien-x3-anlasser-2\/","title":{"rendered":"BMW X-serien X3 Anlasser"},"content":{"rendered":"<p><span><b>Technische Daten<\/b><\/p>\n<p> Fahrzeug: BMW X-serien X3 xDrive M40i G01<br \/>\n Chassis Nr.: WBATS31050LP71637<br \/>\n Baujahr: 2019<br \/>\n Kilometer: 116000 KM<br \/>\n Leistung: 360 KW<br \/>\n Hubraum: 2998 ccm<br \/>\n Typ: 1BN482<br \/>\n Farbcode: White\/Weiss<br \/>\n Hinweise: &#8211;<\/p>\n<p> Versand: Versand nur in der Schweiz m\u00f6glich.Im Ausland ist der Transport k\u00e4uferseits.<br \/>\n Garantie: 3 Monate Garantie. Bitte beachten Sie, dass die Gew\u00e4hrleistung nur g\u00fcltig ist, wenn der Ersatzteileinbau durch eine Fachwerkstatt\/Meisterwerkstatt erfolgt. Das Ein- und Ausbau des Ersatzteiles kann nicht an uns verrechnet werden. <\/p>\n<p> Ersatzteil: f\u00fcr andere Fahrzeugen (Marken) verf\u00fcgbar auf anfrage. Tel.041 980 27 47. Mobil. 076 589 27 47<\/p>\n<p> Kontakt<br \/>\n  Adresse: Autoverwertung Brun AG<br \/>\n           M\u00f6\u00f6slimatten 13<br \/>\n           6218 Ettiswil<br \/>\n  Telefon: 0041 (041) 980 27 47<br \/>\n  Telefax: 0041 (041) 980 03 47<\/p>\n<p> Wir bieten Ihnen weitere gebrauchte Autoteile zum Kauf an.<br \/>\n Tags: Anlasser, Starter motor, De\u00b4marreur<br \/>\n<\/span><\/p>\n","protected":false},"excerpt":{"rendered":"<p>Technische Daten Fahrzeug: BMW X-serien X3 xDrive M40i G01 Chassis Nr.: WBATS31050LP71637 Baujahr: 2019 Kilometer: 116000 KM Leistung: 360 KW Hubraum: 2998 ccm Typ: 1BN482 Farbcode: White\/Weiss Hinweise: &#8211; Versand: Versand nur in der Schweiz m\u00f6glich.Im Ausland ist der Transport k\u00e4uferseits. Garantie: 3 Monate Garantie. Bitte beachten Sie, dass die Gew\u00e4hrleistung nur g\u00fcltig ist, wenn&hellip; <a class=\"more-link\" href=\"https:\/\/occasions-teile.ch\/fr\/produkt\/bmw-x-serien-x3-anlasser-2\/\">Poursuivre la lecture <span class=\"screen-reader-text\">BMW X-serien X3 Anlasser<\/span><\/a><\/p>\n","protected":false},"featured_media":398455,"template":"","meta":[],"product_brand":[],"product_cat":[694,693,1509,1512,1515,698,697,627,624,621,695,696,24963,24961,24962,2153,2155,2151],"product_tag":[],"class_list":{"0":"post-398458","1":"product","2":"type-product","3":"status-publish","4":"has-post-thumbnail","6":"product_cat-de-anlasser-de-anlasser","7":"product_cat-de-anlasser","8":"product_cat-de_bmw","9":"product_cat-en_bmw","10":"product_cat-fr_bmw","11":"product_cat-fr-demarreur-fr-demarreur","12":"product_cat-fr-demarreur","13":"product_cat-fr-electricite-dispositifs-de-commande","14":"product_cat-en-electrics-control-units","15":"product_cat-de-elektrik-steuergeraete","16":"product_cat-en-starter-motor","17":"product_cat-en-starter-motor-en-starter-motor","18":"product_cat-fr-wbats31050lp71637-200000596","19":"product_cat-de-wbats31050lp71637-200000596","20":"product_cat-en-wbats31050lp71637-200000596","21":"product_cat-en_x-serien-x3","22":"product_cat-fr_x-serien-x3","23":"product_cat-de_x-serien-x3","24":"product_shipping_class-tarif-1","25":"entry","27":"first","28":"instock","29":"taxable","30":"shipping-taxable","31":"purchasable","32":"product-type-simple"},"jetpack_sharing_enabled":true,"_links":{"self":[{"href":"https:\/\/occasions-teile.ch\/fr\/wp-json\/wp\/v2\/product\/398458","targetHints":{"allow":["GET"]}}],"collection":[{"href":"https:\/\/occasions-teile.ch\/fr\/wp-json\/wp\/v2\/product"}],"about":[{"href":"https:\/\/occasions-teile.ch\/fr\/wp-json\/wp\/v2\/types\/product"}],"wp:featuredmedia":[{"embeddable":true,"href":"https:\/\/occasions-teile.ch\/fr\/wp-json\/wp\/v2\/media\/398455"}],"wp:attachment":[{"href":"https:\/\/occasions-teile.ch\/fr\/wp-json\/wp\/v2\/media?parent=398458"}],"wp:term":[{"taxonomy":"product_brand","embeddable":true,"href":"https:\/\/occasions-teile.ch\/fr\/wp-json\/wp\/v2\/product_brand?post=398458"},{"taxonomy":"product_cat","embeddable":true,"href":"https:\/\/occasions-teile.ch\/fr\/wp-json\/wp\/v2\/product_cat?post=398458"},{"taxonomy":"product_tag","embeddable":true,"href":"https:\/\/occasions-teile.ch\/fr\/wp-json\/wp\/v2\/product_tag?post=398458"}],"curies":[{"name":"wp","href":"https:\/\/api.w.org\/{rel}","templated":true}]}}