{"id":398454,"date":"2026-04-09T15:25:13","date_gmt":"2026-04-09T15:25:13","guid":{"rendered":"https:\/\/occasions-teile.ch\/product\/bmw-x-serien-x3-turbolader\/"},"modified":"2026-04-09T15:25:19","modified_gmt":"2026-04-09T15:25:19","slug":"bmw-x-serien-x3-turbolader","status":"publish","type":"product","link":"https:\/\/occasions-teile.ch\/fr\/produkt\/bmw-x-serien-x3-turbolader\/","title":{"rendered":"BMW X-serien X3 Turbolader"},"content":{"rendered":"<p><span><b>Technische Daten<\/b><\/p>\n<p> Fahrzeug: BMW X-serien X3 xDrive M40i G01<br \/>\n Chassis Nr.: WBATS31050LP71637<br \/>\n Baujahr: 2019<br \/>\n Kilometer: 116000 KM<br \/>\n Leistung: 360 KW<br \/>\n Hubraum: 2998 ccm<br \/>\n Typ: 1BN482<br \/>\n Farbcode: White\/Weiss<br \/>\n Hinweise: &#8211;<\/p>\n<p> Versand: Versand nur in der Schweiz m\u00f6glich.Im Ausland ist der Transport k\u00e4uferseits.<br \/>\n Garantie: 3 Monate Garantie. Bitte beachten Sie, dass die Gew\u00e4hrleistung nur g\u00fcltig ist, wenn der Ersatzteileinbau durch eine Fachwerkstatt\/Meisterwerkstatt erfolgt. Das Ein- und Ausbau des Ersatzteiles kann nicht an uns verrechnet werden. <\/p>\n<p> Ersatzteil: f\u00fcr andere Fahrzeugen (Marken) verf\u00fcgbar auf anfrage. Tel.041 980 27 47. Mobil. 076 589 27 47<\/p>\n<p> Kontakt<br \/>\n  Adresse: Autoverwertung Brun AG<br \/>\n           M\u00f6\u00f6slimatten 13<br \/>\n           6218 Ettiswil<br \/>\n  Telefon: 0041 (041) 980 27 47<br \/>\n  Telefax: 0041 (041) 980 03 47<\/p>\n<p> Wir bieten Ihnen weitere gebrauchte Autoteile zum Kauf an.<br \/>\n Tags: Turbolader, Turbocharger, Turbocompresseur<br \/>\n<\/span><\/p>\n","protected":false},"excerpt":{"rendered":"<p>Technische Daten Fahrzeug: BMW X-serien X3 xDrive M40i G01 Chassis Nr.: WBATS31050LP71637 Baujahr: 2019 Kilometer: 116000 KM Leistung: 360 KW Hubraum: 2998 ccm Typ: 1BN482 Farbcode: White\/Weiss Hinweise: &#8211; Versand: Versand nur in der Schweiz m\u00f6glich.Im Ausland ist der Transport k\u00e4uferseits. Garantie: 3 Monate Garantie. Bitte beachten Sie, dass die Gew\u00e4hrleistung nur g\u00fcltig ist, wenn&hellip; <a class=\"more-link\" href=\"https:\/\/occasions-teile.ch\/fr\/produkt\/bmw-x-serien-x3-turbolader\/\">Poursuivre la lecture <span class=\"screen-reader-text\">BMW X-serien X3 Turbolader<\/span><\/a><\/p>\n","protected":false},"featured_media":398451,"template":"","meta":[],"product_brand":[],"product_cat":[1515,1509,1512,500,494,497,633,632,635,634,631,630,24962,24963,24961,2151,2153,2155],"product_tag":[],"class_list":{"0":"post-398454","1":"product","2":"type-product","3":"status-publish","4":"has-post-thumbnail","6":"product_cat-fr_bmw","7":"product_cat-de_bmw","8":"product_cat-en_bmw","9":"product_cat-fr-moteur","10":"product_cat-de-motor","11":"product_cat-en-motor","12":"product_cat-en-turbocharger","13":"product_cat-en-turbocharger-compressor","14":"product_cat-fr-turbocompresseur","15":"product_cat-fr-turbocompresseur-compresseur","16":"product_cat-de-turbolader","17":"product_cat-de-turbolader-kompressor","18":"product_cat-en-wbats31050lp71637-200000596","19":"product_cat-fr-wbats31050lp71637-200000596","20":"product_cat-de-wbats31050lp71637-200000596","21":"product_cat-de_x-serien-x3","22":"product_cat-en_x-serien-x3","23":"product_cat-fr_x-serien-x3","24":"product_shipping_class-tarif-2","25":"entry","27":"first","28":"instock","29":"taxable","30":"shipping-taxable","31":"purchasable","32":"product-type-simple"},"jetpack_sharing_enabled":true,"_links":{"self":[{"href":"https:\/\/occasions-teile.ch\/fr\/wp-json\/wp\/v2\/product\/398454","targetHints":{"allow":["GET"]}}],"collection":[{"href":"https:\/\/occasions-teile.ch\/fr\/wp-json\/wp\/v2\/product"}],"about":[{"href":"https:\/\/occasions-teile.ch\/fr\/wp-json\/wp\/v2\/types\/product"}],"wp:featuredmedia":[{"embeddable":true,"href":"https:\/\/occasions-teile.ch\/fr\/wp-json\/wp\/v2\/media\/398451"}],"wp:attachment":[{"href":"https:\/\/occasions-teile.ch\/fr\/wp-json\/wp\/v2\/media?parent=398454"}],"wp:term":[{"taxonomy":"product_brand","embeddable":true,"href":"https:\/\/occasions-teile.ch\/fr\/wp-json\/wp\/v2\/product_brand?post=398454"},{"taxonomy":"product_cat","embeddable":true,"href":"https:\/\/occasions-teile.ch\/fr\/wp-json\/wp\/v2\/product_cat?post=398454"},{"taxonomy":"product_tag","embeddable":true,"href":"https:\/\/occasions-teile.ch\/fr\/wp-json\/wp\/v2\/product_tag?post=398454"}],"curies":[{"name":"wp","href":"https:\/\/api.w.org\/{rel}","templated":true}]}}