{"id":398250,"date":"2026-04-08T14:36:24","date_gmt":"2026-04-08T14:36:24","guid":{"rendered":"https:\/\/occasions-teile.ch\/product\/skoda-fabia-fahrersitz-3\/"},"modified":"2026-04-08T14:36:29","modified_gmt":"2026-04-08T14:36:29","slug":"skoda-fabia-fahrersitz-3","status":"publish","type":"product","link":"https:\/\/occasions-teile.ch\/fr\/produkt\/skoda-fabia-fahrersitz-3\/","title":{"rendered":"Skoda Fabia  Fahrersitz"},"content":{"rendered":"<p><span><b>Technische Daten<\/b><\/p>\n<p> Fahrzeug: Skoda Fabia  1.2TSI<br \/>\n Chassis Nr.: TMBEM6NJXFZ079826<br \/>\n Baujahr: 2016<br \/>\n Kilometer: 61268 KM<br \/>\n Leistung: 90 KW<br \/>\n Hubraum: 1197 ccm<br \/>\n Typ: 1SF885<br \/>\n Farbcode: Schwarz<br \/>\n Hinweise: &#8211;<\/p>\n<p> Versand: Versand nur in der Schweiz m\u00f6glich.Im Ausland ist der Transport k\u00e4uferseits.<br \/>\n Garantie: 3 Monate Garantie. Bitte beachten Sie, dass die Gew\u00e4hrleistung nur g\u00fcltig ist, wenn der Ersatzteileinbau durch eine Fachwerkstatt\/Meisterwerkstatt erfolgt. Das Ein- und Ausbau des Ersatzteiles kann nicht an uns verrechnet werden. <\/p>\n<p> Ersatzteil: f\u00fcr andere Fahrzeugen (Marken) verf\u00fcgbar auf anfrage. Tel.041 980 27 47. Mobil. 076 589 27 47<\/p>\n<p> Kontakt<br \/>\n  Adresse: Autoverwertung Brun AG<br \/>\n           M\u00f6\u00f6slimatten 13<br \/>\n           6218 Ettiswil<br \/>\n  Telefon: 0041 (041) 980 27 47<br \/>\n  Telefax: 0041 (041) 980 03 47<\/p>\n<p> Wir bieten Ihnen weitere gebrauchte Autoteile zum Kauf an.<br \/>\n Tags: Fahrersitz, driver&rsquo;s seat, si\u00e8ge du conducteur<br \/>\n<\/span><\/p>\n","protected":false},"excerpt":{"rendered":"<p>Technische Daten Fahrzeug: Skoda Fabia 1.2TSI Chassis Nr.: TMBEM6NJXFZ079826 Baujahr: 2016 Kilometer: 61268 KM Leistung: 90 KW Hubraum: 1197 ccm Typ: 1SF885 Farbcode: Schwarz Hinweise: &#8211; Versand: Versand nur in der Schweiz m\u00f6glich.Im Ausland ist der Transport k\u00e4uferseits. Garantie: 3 Monate Garantie. Bitte beachten Sie, dass die Gew\u00e4hrleistung nur g\u00fcltig ist, wenn der Ersatzteileinbau durch&hellip; <a class=\"more-link\" href=\"https:\/\/occasions-teile.ch\/fr\/produkt\/skoda-fabia-fahrersitz-3\/\">Poursuivre la lecture <span class=\"screen-reader-text\">Skoda Fabia  Fahrersitz<\/span><\/a><\/p>\n","protected":false},"featured_media":398247,"template":"","meta":[],"product_brand":[],"product_cat":[1538,1819,3064,3062,3063,1818,804,810,807,1536,1820,1476,1463,1471,1534,17909,17911,17912],"product_tag":[],"class_list":{"0":"post-398250","1":"product","2":"type-product","3":"status-publish","4":"has-post-thumbnail","6":"product_cat-fr-autres","7":"product_cat-en-drivers-seat","8":"product_cat-fr_fabia","9":"product_cat-de_fabia","10":"product_cat-en_fabia","11":"product_cat-de-fahrersitz","12":"product_cat-de-innenraum","13":"product_cat-fr-interieur","14":"product_cat-en-interior","15":"product_cat-en-other-en-interior","16":"product_cat-fr-siege-du-conducteur","17":"product_cat-fr_skoda-fabricant-2","18":"product_cat-de_skoda","19":"product_cat-en_skoda-manufacturer-en","20":"product_cat-de-sonstiges-de-innenraum","21":"product_cat-de-tmbem6njxfz079826-200000315","22":"product_cat-en-tmbem6njxfz079826-200000315","23":"product_cat-fr-tmbem6njxfz079826-200000315","24":"product_shipping_class-tarif-4","25":"entry","27":"first","28":"instock","29":"taxable","30":"shipping-taxable","31":"purchasable","32":"product-type-simple"},"jetpack_sharing_enabled":true,"_links":{"self":[{"href":"https:\/\/occasions-teile.ch\/fr\/wp-json\/wp\/v2\/product\/398250","targetHints":{"allow":["GET"]}}],"collection":[{"href":"https:\/\/occasions-teile.ch\/fr\/wp-json\/wp\/v2\/product"}],"about":[{"href":"https:\/\/occasions-teile.ch\/fr\/wp-json\/wp\/v2\/types\/product"}],"wp:featuredmedia":[{"embeddable":true,"href":"https:\/\/occasions-teile.ch\/fr\/wp-json\/wp\/v2\/media\/398247"}],"wp:attachment":[{"href":"https:\/\/occasions-teile.ch\/fr\/wp-json\/wp\/v2\/media?parent=398250"}],"wp:term":[{"taxonomy":"product_brand","embeddable":true,"href":"https:\/\/occasions-teile.ch\/fr\/wp-json\/wp\/v2\/product_brand?post=398250"},{"taxonomy":"product_cat","embeddable":true,"href":"https:\/\/occasions-teile.ch\/fr\/wp-json\/wp\/v2\/product_cat?post=398250"},{"taxonomy":"product_tag","embeddable":true,"href":"https:\/\/occasions-teile.ch\/fr\/wp-json\/wp\/v2\/product_tag?post=398250"}],"curies":[{"name":"wp","href":"https:\/\/api.w.org\/{rel}","templated":true}]}}