{"id":397984,"date":"2026-04-07T12:04:21","date_gmt":"2026-04-07T12:04:21","guid":{"rendered":"https:\/\/occasions-teile.ch\/product\/ford-transit-cust-motor-2\/"},"modified":"2026-04-07T12:04:28","modified_gmt":"2026-04-07T12:04:28","slug":"ford-transit-cust-motor-2","status":"publish","type":"product","link":"https:\/\/occasions-teile.ch\/fr\/produkt\/ford-transit-cust-motor-2\/","title":{"rendered":"Ford Transit Cust  Motor"},"content":{"rendered":"<p><span><b>Technische Daten<\/b><\/p>\n<p> Fahrzeug: Ford Transit Cust  Kasten<br \/>\n Chassis Nr.: WF0YXXTTGYKS14776<br \/>\n Baujahr: 2019<br \/>\n Kilometer: 139560 KM<br \/>\n Leistung: 130 KW<br \/>\n Hubraum: 1995 ccm<br \/>\n Typ: 3FG536<br \/>\n Farbcode: White\/Weiss<br \/>\n Hinweise: &#8211;<\/p>\n<p> Versand: Versand nur in der Schweiz m\u00f6glich.Im Ausland ist der Transport k\u00e4uferseits.<br \/>\n Garantie: 3 Monate Garantie. Bitte beachten Sie, dass die Gew\u00e4hrleistung nur g\u00fcltig ist, wenn der Ersatzteileinbau durch eine Fachwerkstatt\/Meisterwerkstatt erfolgt. Das Ein- und Ausbau des Ersatzteiles kann nicht an uns verrechnet werden. <\/p>\n<p> Ersatzteil: f\u00fcr andere Fahrzeugen (Marken) verf\u00fcgbar auf anfrage. Tel.041 980 27 47. Mobil. 076 589 27 47<\/p>\n<p> Kontakt<br \/>\n  Adresse: Autoverwertung Brun AG<br \/>\n           M\u00f6\u00f6slimatten 13<br \/>\n           6218 Ettiswil<br \/>\n  Telefon: 0041 (041) 980 27 47<br \/>\n  Telefax: 0041 (041) 980 03 47<\/p>\n<p> Wir bieten Ihnen weitere gebrauchte Autoteile zum Kauf an.<br \/>\n Tags: Motor, Motor , Moteur<br \/>\n<\/span><\/p>\n","protected":false},"excerpt":{"rendered":"<p>Technische Daten Fahrzeug: Ford Transit Cust Kasten Chassis Nr.: WF0YXXTTGYKS14776 Baujahr: 2019 Kilometer: 139560 KM Leistung: 130 KW Hubraum: 1995 ccm Typ: 3FG536 Farbcode: White\/Weiss Hinweise: &#8211; Versand: Versand nur in der Schweiz m\u00f6glich.Im Ausland ist der Transport k\u00e4uferseits. Garantie: 3 Monate Garantie. Bitte beachten Sie, dass die Gew\u00e4hrleistung nur g\u00fcltig ist, wenn der Ersatzteileinbau&hellip; <a class=\"more-link\" href=\"https:\/\/occasions-teile.ch\/fr\/produkt\/ford-transit-cust-motor-2\/\">Poursuivre la lecture <span class=\"screen-reader-text\">Ford Transit Cust  Motor<\/span><\/a><\/p>\n","protected":false},"featured_media":397981,"template":"","meta":[],"product_brand":[],"product_cat":[1589,1592,1586,500,501,502,495,496,497,498,494,499,1706,1708,1710,24956,24957,24958],"product_tag":[],"class_list":{"0":"post-397984","1":"product","2":"type-product","3":"status-publish","4":"has-post-thumbnail","6":"product_cat-en_ford","7":"product_cat-fr_ford","8":"product_cat-de_ford","9":"product_cat-fr-moteur","10":"product_cat-fr-moteur-fr-moteur","11":"product_cat-fr-moteur-fr-moteur-fr-moteur","12":"product_cat-de-motor-de-motor","13":"product_cat-de-motor-de-motor-de-motor","14":"product_cat-en-motor","15":"product_cat-en-motor-en-motor","16":"product_cat-de-motor","17":"product_cat-en-motor-en-motor-en-motor","18":"product_cat-de_transit-cust","19":"product_cat-en_transit-cust","20":"product_cat-fr_transit-cust","21":"product_cat-de-wf0yxxttgyks14776-200000523","22":"product_cat-en-wf0yxxttgyks14776-200000523","23":"product_cat-fr-wf0yxxttgyks14776-200000523","24":"product_shipping_class-tarif-4","25":"entry","27":"first","28":"instock","29":"taxable","30":"shipping-taxable","31":"purchasable","32":"product-type-simple"},"jetpack_sharing_enabled":true,"_links":{"self":[{"href":"https:\/\/occasions-teile.ch\/fr\/wp-json\/wp\/v2\/product\/397984","targetHints":{"allow":["GET"]}}],"collection":[{"href":"https:\/\/occasions-teile.ch\/fr\/wp-json\/wp\/v2\/product"}],"about":[{"href":"https:\/\/occasions-teile.ch\/fr\/wp-json\/wp\/v2\/types\/product"}],"wp:featuredmedia":[{"embeddable":true,"href":"https:\/\/occasions-teile.ch\/fr\/wp-json\/wp\/v2\/media\/397981"}],"wp:attachment":[{"href":"https:\/\/occasions-teile.ch\/fr\/wp-json\/wp\/v2\/media?parent=397984"}],"wp:term":[{"taxonomy":"product_brand","embeddable":true,"href":"https:\/\/occasions-teile.ch\/fr\/wp-json\/wp\/v2\/product_brand?post=397984"},{"taxonomy":"product_cat","embeddable":true,"href":"https:\/\/occasions-teile.ch\/fr\/wp-json\/wp\/v2\/product_cat?post=397984"},{"taxonomy":"product_tag","embeddable":true,"href":"https:\/\/occasions-teile.ch\/fr\/wp-json\/wp\/v2\/product_tag?post=397984"}],"curies":[{"name":"wp","href":"https:\/\/api.w.org\/{rel}","templated":true}]}}