{"id":397858,"date":"2026-04-04T08:00:42","date_gmt":"2026-04-04T08:00:42","guid":{"rendered":"https:\/\/occasions-teile.ch\/product\/vw-golf-heizungsregulierung-klimabedienteil-12\/"},"modified":"2026-04-04T08:00:48","modified_gmt":"2026-04-04T08:00:48","slug":"vw-golf-heizungsregulierung-klimabedienteil-12","status":"publish","type":"product","link":"https:\/\/occasions-teile.ch\/fr\/produkt\/vw-golf-heizungsregulierung-klimabedienteil-12\/","title":{"rendered":"VW Golf  Heizungsregulierung Klimabedienteil"},"content":{"rendered":"<p><span><b>Technische Daten<\/b><\/p>\n<p> Fahrzeug: VW Golf  Sportsvan VII 1.4<br \/>\n Chassis Nr.: WVWZZZAUZGW510183<br \/>\n Baujahr: 2022<br \/>\n Kilometer: 260278 KM<br \/>\n Leistung: 125 KW<br \/>\n Hubraum: 1395 ccm<br \/>\n Typ: 1VF327<br \/>\n Farbcode: White\/Weiss<br \/>\n Hinweise: &#8211;<\/p>\n<p> Versand: Versand nur in der Schweiz m\u00f6glich.Im Ausland ist der Transport k\u00e4uferseits.<br \/>\n Garantie: 3 Monate Garantie. Bitte beachten Sie, dass die Gew\u00e4hrleistung nur g\u00fcltig ist, wenn der Ersatzteileinbau durch eine Fachwerkstatt\/Meisterwerkstatt erfolgt. Das Ein- und Ausbau des Ersatzteiles kann nicht an uns verrechnet werden. <\/p>\n<p> Ersatzteil: f\u00fcr andere Fahrzeugen (Marken) verf\u00fcgbar auf anfrage. Tel.041 980 27 47. Mobil. 076 589 27 47<\/p>\n<p> Kontakt<br \/>\n  Adresse: Autoverwertung Brun AG<br \/>\n           M\u00f6\u00f6slimatten 13<br \/>\n           6218 Ettiswil<br \/>\n  Telefon: 0041 (041) 980 27 47<br \/>\n  Telefax: 0041 (041) 980 03 47<\/p>\n<p> Wir bieten Ihnen weitere gebrauchte Autoteile zum Kauf an.<br \/>\n Tags: Heizungsregulierung Klimabedienteil, Heating regulation,climate control panel , Re\u00b4gulation du chauffage,e\u00b4le\u00b4ment de commande de la climatisation<br \/>\n<\/span><\/p>\n","protected":false},"excerpt":{"rendered":"<p>Technische Daten Fahrzeug: VW Golf Sportsvan VII 1.4 Chassis Nr.: WVWZZZAUZGW510183 Baujahr: 2022 Kilometer: 260278 KM Leistung: 125 KW Hubraum: 1395 ccm Typ: 1VF327 Farbcode: White\/Weiss Hinweise: &#8211; Versand: Versand nur in der Schweiz m\u00f6glich.Im Ausland ist der Transport k\u00e4uferseits. Garantie: 3 Monate Garantie. Bitte beachten Sie, dass die Gew\u00e4hrleistung nur g\u00fcltig ist, wenn der&hellip; <a class=\"more-link\" href=\"https:\/\/occasions-teile.ch\/fr\/produkt\/vw-golf-heizungsregulierung-klimabedienteil-12\/\">Poursuivre la lecture <span class=\"screen-reader-text\">VW Golf  Heizungsregulierung Klimabedienteil<\/span><\/a><\/p>\n","protected":false},"featured_media":397855,"template":"","meta":[],"product_brand":[],"product_cat":[717,1284,1287,1281,833,834,714,711,832,831,836,835,1286,1280,1283,24952,24950,24951],"product_tag":[],"class_list":{"0":"post-397858","1":"product","2":"type-product","3":"status-publish","4":"has-post-thumbnail","6":"product_cat-fr-chauffage-climatisation","7":"product_cat-en_golf","8":"product_cat-fr_golf","9":"product_cat-de_golf","10":"product_cat-en-heating-regulationclimate-control-panel","11":"product_cat-en-heating-regulationclimate-control-panel-en-heating-regulationclimate-control-panel","12":"product_cat-en-heating-air-conditioning","13":"product_cat-de-heizung-klima","14":"product_cat-de-heizungsregulierung-klimabedienteil","15":"product_cat-de-heizungsregulierungklimabedienteil","16":"product_cat-fr-regulation-du-chauffageelement-de-commande-de-la-climatisation-fr-regulation-du-chauffageelement-de-commande-de-la-climatisation","17":"product_cat-fr-regulation-du-chauffageelement-de-commande-de-la-climatisation","18":"product_cat-fr_volkswagen","19":"product_cat-de_volkswagen","20":"product_cat-en_volkswagen","21":"product_cat-fr-wvwzzzauzgw510183-200000602","22":"product_cat-de-wvwzzzauzgw510183-200000602","23":"product_cat-en-wvwzzzauzgw510183-200000602","24":"product_shipping_class-tarif-1","25":"entry","27":"first","28":"instock","29":"taxable","30":"shipping-taxable","31":"purchasable","32":"product-type-simple"},"jetpack_sharing_enabled":true,"_links":{"self":[{"href":"https:\/\/occasions-teile.ch\/fr\/wp-json\/wp\/v2\/product\/397858","targetHints":{"allow":["GET"]}}],"collection":[{"href":"https:\/\/occasions-teile.ch\/fr\/wp-json\/wp\/v2\/product"}],"about":[{"href":"https:\/\/occasions-teile.ch\/fr\/wp-json\/wp\/v2\/types\/product"}],"wp:featuredmedia":[{"embeddable":true,"href":"https:\/\/occasions-teile.ch\/fr\/wp-json\/wp\/v2\/media\/397855"}],"wp:attachment":[{"href":"https:\/\/occasions-teile.ch\/fr\/wp-json\/wp\/v2\/media?parent=397858"}],"wp:term":[{"taxonomy":"product_brand","embeddable":true,"href":"https:\/\/occasions-teile.ch\/fr\/wp-json\/wp\/v2\/product_brand?post=397858"},{"taxonomy":"product_cat","embeddable":true,"href":"https:\/\/occasions-teile.ch\/fr\/wp-json\/wp\/v2\/product_cat?post=397858"},{"taxonomy":"product_tag","embeddable":true,"href":"https:\/\/occasions-teile.ch\/fr\/wp-json\/wp\/v2\/product_tag?post=397858"}],"curies":[{"name":"wp","href":"https:\/\/api.w.org\/{rel}","templated":true}]}}