{"id":397801,"date":"2026-04-03T12:50:21","date_gmt":"2026-04-03T12:50:21","guid":{"rendered":"https:\/\/occasions-teile.ch\/product\/vw-passat-wvwzzz3c7re042589\/"},"modified":"2026-04-03T12:50:27","modified_gmt":"2026-04-03T12:50:27","slug":"vw-passat-wvwzzz3c7re042589","status":"publish","type":"product","link":"https:\/\/occasions-teile.ch\/fr\/produkt\/vw-passat-wvwzzz3c7re042589\/","title":{"rendered":"VW Passat , WVWZZZ3C7RE042589"},"content":{"rendered":"<p><span><b>Technische Daten<\/b><\/p>\n<p> Fahrzeug: VW Passat  2.0 TDI BMT Business DSG<br \/>\n Chassis Nr.: WVWZZZ3C7RE042589<br \/>\n Baujahr: 2024<br \/>\n Kilometer: 46456 KM<br \/>\n Leistung: 110 PS<br \/>\n Hubraum: 1968 ccm<br \/>\n Typ: IVI<br \/>\n Farbcode: Schwarz<br \/>\n Hinweise: &#8211;<\/p>\n<p> Versand: Versand nur in der Schweiz m\u00f6glich.Im Ausland ist der Transport k\u00e4uferseits.<br \/>\n Garantie: 3 Monate Garantie. Bitte beachten Sie, dass die Gew\u00e4hrleistung nur g\u00fcltig ist, wenn der Ersatzteileinbau durch eine Fachwerkstatt\/Meisterwerkstatt erfolgt. Das Ein- und Ausbau des Ersatzteiles kann nicht an uns verrechnet werden. <\/p>\n<p> Ersatzteil: f\u00fcr andere Fahrzeugen (Marken) verf\u00fcgbar auf anfrage. Tel.041 980 27 47. Mobil. 076 589 27 47<\/p>\n<p> Kontakt<br \/>\n  Adresse: Autoverwertung Brun AG<br \/>\n           M\u00f6\u00f6slimatten 13<br \/>\n           6218 Ettiswil<br \/>\n  Telefon: 0041 (041) 980 27 47<br \/>\n  Telefax: 0041 (041) 980 03 47<\/p>\n<p> Wir bieten Ihnen weitere gebrauchte Autoteile zum Kauf an.<br \/>\n<\/span><\/p>\n","protected":false},"excerpt":{"rendered":"<p>Technische Daten Fahrzeug: VW Passat 2.0 TDI BMT Business DSG Chassis Nr.: WVWZZZ3C7RE042589 Baujahr: 2024 Kilometer: 46456 KM Leistung: 110 PS Hubraum: 1968 ccm Typ: IVI Farbcode: Schwarz Hinweise: &#8211; Versand: Versand nur in der Schweiz m\u00f6glich.Im Ausland ist der Transport k\u00e4uferseits. Garantie: 3 Monate Garantie. Bitte beachten Sie, dass die Gew\u00e4hrleistung nur g\u00fcltig ist,&hellip; <a class=\"more-link\" href=\"https:\/\/occasions-teile.ch\/fr\/produkt\/vw-passat-wvwzzz3c7re042589\/\">Poursuivre la lecture <span class=\"screen-reader-text\">VW Passat , WVWZZZ3C7RE042589<\/span><\/a><\/p>\n","protected":false},"featured_media":397798,"template":"","meta":[],"product_brand":[],"product_cat":[24949,1299,1301,1303,1280,1283,1286,21341,21342,21313],"product_tag":[],"class_list":{"0":"post-397801","1":"product","2":"type-product","3":"status-publish","4":"has-post-thumbnail","6":"product_cat-de-2-0-tdi-bmt-business-dsg","7":"product_cat-de_passat","8":"product_cat-en_passat","9":"product_cat-fr_passat","10":"product_cat-de_volkswagen","11":"product_cat-en_volkswagen","12":"product_cat-fr_volkswagen","13":"product_cat-cars-for-sale-en","14":"product_cat-cars-for-sale-fr","15":"product_cat-cars-for-sale","16":"product_shipping_class-no-ship","17":"entry","19":"first","20":"instock","21":"purchasable","22":"product-type-simple"},"jetpack_sharing_enabled":true,"_links":{"self":[{"href":"https:\/\/occasions-teile.ch\/fr\/wp-json\/wp\/v2\/product\/397801","targetHints":{"allow":["GET"]}}],"collection":[{"href":"https:\/\/occasions-teile.ch\/fr\/wp-json\/wp\/v2\/product"}],"about":[{"href":"https:\/\/occasions-teile.ch\/fr\/wp-json\/wp\/v2\/types\/product"}],"wp:featuredmedia":[{"embeddable":true,"href":"https:\/\/occasions-teile.ch\/fr\/wp-json\/wp\/v2\/media\/397798"}],"wp:attachment":[{"href":"https:\/\/occasions-teile.ch\/fr\/wp-json\/wp\/v2\/media?parent=397801"}],"wp:term":[{"taxonomy":"product_brand","embeddable":true,"href":"https:\/\/occasions-teile.ch\/fr\/wp-json\/wp\/v2\/product_brand?post=397801"},{"taxonomy":"product_cat","embeddable":true,"href":"https:\/\/occasions-teile.ch\/fr\/wp-json\/wp\/v2\/product_cat?post=397801"},{"taxonomy":"product_tag","embeddable":true,"href":"https:\/\/occasions-teile.ch\/fr\/wp-json\/wp\/v2\/product_tag?post=397801"}],"curies":[{"name":"wp","href":"https:\/\/api.w.org\/{rel}","templated":true}]}}