{"id":397555,"date":"2026-04-01T10:09:40","date_gmt":"2026-04-01T10:09:40","guid":{"rendered":"https:\/\/occasions-teile.ch\/product\/seat-leon-vsszzz5fzkr085654\/"},"modified":"2026-04-01T10:09:42","modified_gmt":"2026-04-01T10:09:42","slug":"seat-leon-vsszzz5fzkr085654","status":"publish","type":"product","link":"https:\/\/occasions-teile.ch\/fr\/produkt\/seat-leon-vsszzz5fzkr085654\/","title":{"rendered":"SEAT Leon , VSSZZZ5FZKR085654"},"content":{"rendered":"<p><span><b>Technische Daten<\/b><\/p>\n<p> Fahrzeug: SEAT Leon  ST 1.6 TDI CR Style DSG<br \/>\n Chassis Nr.: VSSZZZ5FZKR085654<br \/>\n Baujahr: 2019<br \/>\n Kilometer: 128160 KM<br \/>\n Leistung: 85 PS<br \/>\n Hubraum: 1598 ccm<br \/>\n Typ: 1SH689<br \/>\n Farbcode: grau<br \/>\n Hinweise: &#8211;<\/p>\n<p> Versand: Versand nur in der Schweiz m\u00f6glich.Im Ausland ist der Transport k\u00e4uferseits.<br \/>\n Garantie: 3 Monate Garantie. Bitte beachten Sie, dass die Gew\u00e4hrleistung nur g\u00fcltig ist, wenn der Ersatzteileinbau durch eine Fachwerkstatt\/Meisterwerkstatt erfolgt. Das Ein- und Ausbau des Ersatzteiles kann nicht an uns verrechnet werden. <\/p>\n<p> Ersatzteil: f\u00fcr andere Fahrzeugen (Marken) verf\u00fcgbar auf anfrage. Tel.041 980 27 47. Mobil. 076 589 27 47<\/p>\n<p> Kontakt<br \/>\n  Adresse: Autoverwertung Brun AG<br \/>\n           M\u00f6\u00f6slimatten 13<br \/>\n           6218 Ettiswil<br \/>\n  Telefon: 0041 (041) 980 27 47<br \/>\n  Telefax: 0041 (041) 980 03 47<\/p>\n<p> Wir bieten Ihnen weitere gebrauchte Autoteile zum Kauf an.<br \/>\n<\/span><\/p>\n","protected":false},"excerpt":{"rendered":"<p>Technische Daten Fahrzeug: SEAT Leon ST 1.6 TDI CR Style DSG Chassis Nr.: VSSZZZ5FZKR085654 Baujahr: 2019 Kilometer: 128160 KM Leistung: 85 PS Hubraum: 1598 ccm Typ: 1SH689 Farbcode: grau Hinweise: &#8211; Versand: Versand nur in der Schweiz m\u00f6glich.Im Ausland ist der Transport k\u00e4uferseits. Garantie: 3 Monate Garantie. Bitte beachten Sie, dass die Gew\u00e4hrleistung nur g\u00fcltig&hellip; <a class=\"more-link\" href=\"https:\/\/occasions-teile.ch\/fr\/produkt\/seat-leon-vsszzz5fzkr085654\/\">Poursuivre la lecture <span class=\"screen-reader-text\">SEAT Leon , VSSZZZ5FZKR085654<\/span><\/a><\/p>\n","protected":false},"featured_media":397552,"template":"","meta":[],"product_brand":[],"product_cat":[1495,1498,1501,1497,1500,1494,24947,21313,21341,21342],"product_tag":[],"class_list":{"0":"post-397555","1":"product","2":"type-product","3":"status-publish","4":"has-post-thumbnail","6":"product_cat-de_leon","7":"product_cat-en_leon","8":"product_cat-fr_leon","9":"product_cat-en_seat","10":"product_cat-fr_seat","11":"product_cat-de_seat","12":"product_cat-de-st-1-6-tdi-cr-style-dsg","13":"product_cat-cars-for-sale","14":"product_cat-cars-for-sale-en","15":"product_cat-cars-for-sale-fr","16":"product_shipping_class-no-ship","17":"entry","19":"first","20":"instock","21":"purchasable","22":"product-type-simple"},"jetpack_sharing_enabled":true,"_links":{"self":[{"href":"https:\/\/occasions-teile.ch\/fr\/wp-json\/wp\/v2\/product\/397555","targetHints":{"allow":["GET"]}}],"collection":[{"href":"https:\/\/occasions-teile.ch\/fr\/wp-json\/wp\/v2\/product"}],"about":[{"href":"https:\/\/occasions-teile.ch\/fr\/wp-json\/wp\/v2\/types\/product"}],"wp:featuredmedia":[{"embeddable":true,"href":"https:\/\/occasions-teile.ch\/fr\/wp-json\/wp\/v2\/media\/397552"}],"wp:attachment":[{"href":"https:\/\/occasions-teile.ch\/fr\/wp-json\/wp\/v2\/media?parent=397555"}],"wp:term":[{"taxonomy":"product_brand","embeddable":true,"href":"https:\/\/occasions-teile.ch\/fr\/wp-json\/wp\/v2\/product_brand?post=397555"},{"taxonomy":"product_cat","embeddable":true,"href":"https:\/\/occasions-teile.ch\/fr\/wp-json\/wp\/v2\/product_cat?post=397555"},{"taxonomy":"product_tag","embeddable":true,"href":"https:\/\/occasions-teile.ch\/fr\/wp-json\/wp\/v2\/product_tag?post=397555"}],"curies":[{"name":"wp","href":"https:\/\/api.w.org\/{rel}","templated":true}]}}