{"id":397446,"date":"2026-04-01T07:16:31","date_gmt":"2026-04-01T07:16:31","guid":{"rendered":"https:\/\/occasions-teile.ch\/product\/audi-a3-scheinwerfer-rechts-2\/"},"modified":"2026-04-01T07:16:36","modified_gmt":"2026-04-01T07:16:36","slug":"audi-a3-scheinwerfer-rechts-2","status":"publish","type":"product","link":"https:\/\/occasions-teile.ch\/fr\/produkt\/audi-a3-scheinwerfer-rechts-2\/","title":{"rendered":"Audi A3  Scheinwerfer rechts"},"content":{"rendered":"<p><span><b>Technische Daten<\/b><\/p>\n<p> Fahrzeug: Audi A3  8P 1.8TFSI quattro<br \/>\n Chassis Nr.: WAUZZZ8P0BA104758<br \/>\n Baujahr: 2011<br \/>\n Kilometer: 125820 KM<br \/>\n Leistung: 160 KW<br \/>\n Hubraum: 1798 ccm<br \/>\n Typ: 1AC612<br \/>\n Farbcode: White\/Weiss<br \/>\n Hinweise: Herkunft Fahrgestellnummer WAUZZZ8P7BA088395<\/p>\n<p> Versand: Versand nur in der Schweiz m\u00f6glich.Im Ausland ist der Transport k\u00e4uferseits.<br \/>\n Garantie: 3 Monate Garantie. Bitte beachten Sie, dass die Gew\u00e4hrleistung nur g\u00fcltig ist, wenn der Ersatzteileinbau durch eine Fachwerkstatt\/Meisterwerkstatt erfolgt. Das Ein- und Ausbau des Ersatzteiles kann nicht an uns verrechnet werden. <\/p>\n<p> Ersatzteil: f\u00fcr andere Fahrzeugen (Marken) verf\u00fcgbar auf anfrage. Tel.041 980 27 47. Mobil. 076 589 27 47<\/p>\n<p> Kontakt<br \/>\n  Adresse: Autoverwertung Brun AG<br \/>\n           M\u00f6\u00f6slimatten 13<br \/>\n           6218 Ettiswil<br \/>\n  Telefon: 0041 (041) 980 27 47<br \/>\n  Telefax: 0041 (041) 980 03 47<\/p>\n<p> Wir bieten Ihnen weitere gebrauchte Autoteile zum Kauf an.<br \/>\n Tags: Scheinwerfer rechts, Headlight right, Phare droit<br \/>\n<\/span><\/p>\n","protected":false},"excerpt":{"rendered":"<p>Technische Daten Fahrzeug: Audi A3 8P 1.8TFSI quattro Chassis Nr.: WAUZZZ8P0BA104758 Baujahr: 2011 Kilometer: 125820 KM Leistung: 160 KW Hubraum: 1798 ccm Typ: 1AC612 Farbcode: White\/Weiss Hinweise: Herkunft Fahrgestellnummer WAUZZZ8P7BA088395 Versand: Versand nur in der Schweiz m\u00f6glich.Im Ausland ist der Transport k\u00e4uferseits. Garantie: 3 Monate Garantie. Bitte beachten Sie, dass die Gew\u00e4hrleistung nur g\u00fcltig ist,&hellip; <a class=\"more-link\" href=\"https:\/\/occasions-teile.ch\/fr\/produkt\/audi-a3-scheinwerfer-rechts-2\/\">Poursuivre la lecture <span class=\"screen-reader-text\">Audi A3  Scheinwerfer rechts<\/span><\/a><\/p>\n","protected":false},"featured_media":397443,"template":"","meta":[],"product_brand":[],"product_cat":[2139,2141,2143,461,464,458,515,518,1132,1223,512,1134,1224,1130,1222,2297,2298,2299],"product_tag":[],"class_list":{"0":"post-397446","1":"product","2":"type-product","3":"status-publish","4":"has-post-thumbnail","6":"product_cat-de_a3","7":"product_cat-en_a3","8":"product_cat-fr_a3","9":"product_cat-en_audi","10":"product_cat-fr_audi","11":"product_cat-de_audi","12":"product_cat-en-body-front","13":"product_cat-fr-carrosserie-front","14":"product_cat-en-headlight-en-body-front","15":"product_cat-en-headlight-right","16":"product_cat-de-karosserie-front","17":"product_cat-fr-phare-fr-carrosserie-front","18":"product_cat-fr-phare-droit","19":"product_cat-de-scheinwerfer-de-karosserie-front","20":"product_cat-de-scheinwerfer-rechts","21":"product_cat-de-wauzzz8p0ba104758-20000198","22":"product_cat-en-wauzzz8p0ba104758-20000198","23":"product_cat-fr-wauzzz8p0ba104758-20000198","24":"product_shipping_class-tarif-5","25":"entry","27":"first","28":"instock","29":"taxable","30":"shipping-taxable","31":"purchasable","32":"product-type-simple"},"jetpack_sharing_enabled":true,"_links":{"self":[{"href":"https:\/\/occasions-teile.ch\/fr\/wp-json\/wp\/v2\/product\/397446","targetHints":{"allow":["GET"]}}],"collection":[{"href":"https:\/\/occasions-teile.ch\/fr\/wp-json\/wp\/v2\/product"}],"about":[{"href":"https:\/\/occasions-teile.ch\/fr\/wp-json\/wp\/v2\/types\/product"}],"wp:featuredmedia":[{"embeddable":true,"href":"https:\/\/occasions-teile.ch\/fr\/wp-json\/wp\/v2\/media\/397443"}],"wp:attachment":[{"href":"https:\/\/occasions-teile.ch\/fr\/wp-json\/wp\/v2\/media?parent=397446"}],"wp:term":[{"taxonomy":"product_brand","embeddable":true,"href":"https:\/\/occasions-teile.ch\/fr\/wp-json\/wp\/v2\/product_brand?post=397446"},{"taxonomy":"product_cat","embeddable":true,"href":"https:\/\/occasions-teile.ch\/fr\/wp-json\/wp\/v2\/product_cat?post=397446"},{"taxonomy":"product_tag","embeddable":true,"href":"https:\/\/occasions-teile.ch\/fr\/wp-json\/wp\/v2\/product_tag?post=397446"}],"curies":[{"name":"wp","href":"https:\/\/api.w.org\/{rel}","templated":true}]}}