{"id":39694,"date":"2023-05-30T14:07:50","date_gmt":"2023-05-30T14:07:50","guid":{"rendered":"https:\/\/occasions-teile.ch\/product\/volkswagen-passat-wischermotor-vorne-4\/"},"modified":"2024-05-25T16:16:04","modified_gmt":"2024-05-25T16:16:04","slug":"volkswagen-passat-wischermotor-vorne-4","status":"publish","type":"product","link":"https:\/\/occasions-teile.ch\/fr\/produkt\/volkswagen-passat-wischermotor-vorne-4\/","title":{"rendered":"Volkswagen Passat  Wischermotor vorne"},"content":{"rendered":"<p><span><b>Technische Daten<\/b><\/p>\n<p> Fahrzeug: Volkswagen Passat<br \/>\n Chassis Nr.: WVWZZZ3CZ6P179495<br \/>\n Baujahr: 2006<br \/>\n Kilometer: 199231 KM<br \/>\n Leistung: 150 KW<br \/>\n Hubraum: 1984 ccm<br \/>\n Typ: 1vd354<br \/>\n Farbcode: blau<br \/>\n Hinweise: &#8211;<\/p>\n<p> Versand: Versand nur in der Schweiz m\u00f6glich.Im Ausland ist der Transport k\u00e4uferseits.<br \/>\n Garantie: 3 Monate Garantie. Bitte beachten Sie, dass die Gew\u00e4hrleistung nur g\u00fcltig ist, wenn der Ersatzteileinbau durch eine Fachwerkstatt\/Meisterwerkstatt erfolgt. Das Ein- und Ausbau des Ersatzteiles kann nicht an uns verrechnet werden. <\/p>\n<p> Ersatzteil: f\u00fcr andere Fahrzeugen (Marken) verf\u00fcgbar auf anfrage. Tel.041 980 27 47. Mobil. 076 589 27 47<\/p>\n<p> Kontakt<br \/>\n  Adresse: Autoverwertung Brun AG<br \/>\n           M\u00f6\u00f6slimatten 13<br \/>\n           6218 Ettiswil<br \/>\n  Telefon: 0041 (041) 980 27 47<br \/>\n  Telefax: 0041 (041) 980 03 47<\/p>\n<p> Wir bieten Ihnen weitere gebrauchte Autoteile zum Kauf an.<br \/>\n<\/span><\/p>\n","protected":false},"excerpt":{"rendered":"<p>Technische Daten Fahrzeug: Volkswagen Passat Chassis Nr.: WVWZZZ3CZ6P179495 Baujahr: 2006 Kilometer: 199231 KM Leistung: 150 KW Hubraum: 1984 ccm Typ: 1vd354 Farbcode: blau Hinweise: &#8211; Versand: Versand nur in der Schweiz m\u00f6glich.Im Ausland ist der Transport k\u00e4uferseits. Garantie: 3 Monate Garantie. Bitte beachten Sie, dass die Gew\u00e4hrleistung nur g\u00fcltig ist, wenn der Ersatzteileinbau durch eine&hellip; <a class=\"more-link\" href=\"https:\/\/occasions-teile.ch\/fr\/produkt\/volkswagen-passat-wischermotor-vorne-4\/\">Poursuivre la lecture <span class=\"screen-reader-text\">Volkswagen Passat  Wischermotor vorne<\/span><\/a><\/p>\n","protected":false},"featured_media":39691,"template":"","meta":[],"product_brand":[],"product_cat":[23619,677,676,675,1301,1303,1299,669,1280,1283,1286,672,673,674,670,671,2072,2070,2071],"product_tag":[],"class_list":{"0":"post-39694","1":"product","2":"type-product","3":"status-publish","4":"has-post-thumbnail","6":"product_cat-de-3c2-2-0-fsi-de_passat-de_volkswagen-manufacturer-22","7":"product_cat-fr-moteur-dessuie-glace-avant-fr-moteur-dessuie-glace-avant","8":"product_cat-fr-moteur-dessuie-glace-avant","9":"product_cat-fr-nettoyage-des-vitres","10":"product_cat-en_passat","11":"product_cat-fr_passat","12":"product_cat-de_passat","13":"product_cat-de-scheibenreinigung","14":"product_cat-de_volkswagen","15":"product_cat-en_volkswagen","16":"product_cat-fr_volkswagen","17":"product_cat-en-window-cleaning","18":"product_cat-en-wiper-motor-front","19":"product_cat-en-wiper-motor-front-en-wiper-motor-front","20":"product_cat-de-wischermotorvorn","21":"product_cat-de-wischermotorvorn-de-wischermotorvorn","22":"product_cat-fr-wvwzzz3cz6p179495","23":"product_cat-de-wvwzzz3cz6p179495","24":"product_cat-en-wvwzzz3cz6p179495","25":"product_shipping_class-tarif-1","26":"entry","28":"first","29":"instock","30":"taxable","31":"shipping-taxable","32":"purchasable","33":"product-type-simple"},"jetpack_sharing_enabled":true,"_links":{"self":[{"href":"https:\/\/occasions-teile.ch\/fr\/wp-json\/wp\/v2\/product\/39694","targetHints":{"allow":["GET"]}}],"collection":[{"href":"https:\/\/occasions-teile.ch\/fr\/wp-json\/wp\/v2\/product"}],"about":[{"href":"https:\/\/occasions-teile.ch\/fr\/wp-json\/wp\/v2\/types\/product"}],"wp:featuredmedia":[{"embeddable":true,"href":"https:\/\/occasions-teile.ch\/fr\/wp-json\/wp\/v2\/media\/39691"}],"wp:attachment":[{"href":"https:\/\/occasions-teile.ch\/fr\/wp-json\/wp\/v2\/media?parent=39694"}],"wp:term":[{"taxonomy":"product_brand","embeddable":true,"href":"https:\/\/occasions-teile.ch\/fr\/wp-json\/wp\/v2\/product_brand?post=39694"},{"taxonomy":"product_cat","embeddable":true,"href":"https:\/\/occasions-teile.ch\/fr\/wp-json\/wp\/v2\/product_cat?post=39694"},{"taxonomy":"product_tag","embeddable":true,"href":"https:\/\/occasions-teile.ch\/fr\/wp-json\/wp\/v2\/product_tag?post=39694"}],"curies":[{"name":"wp","href":"https:\/\/api.w.org\/{rel}","templated":true}]}}