{"id":396127,"date":"2026-03-18T15:35:27","date_gmt":"2026-03-18T15:35:27","guid":{"rendered":"https:\/\/occasions-teile.ch\/product\/vw-golf-7-hochdruckpumpe\/"},"modified":"2026-03-18T15:35:32","modified_gmt":"2026-03-18T15:35:32","slug":"vw-golf-7-hochdruckpumpe","status":"publish","type":"product","link":"https:\/\/occasions-teile.ch\/fr\/produkt\/vw-golf-7-hochdruckpumpe\/","title":{"rendered":"VW Golf 7  Hochdruckpumpe"},"content":{"rendered":"<p><span><b>Technische Daten<\/b><\/p>\n<p> Fahrzeug: VW Golf 7  7<br \/>\n Chassis Nr.: WVWZZZAUZFW307074<br \/>\n Baujahr: 2015<br \/>\n Kilometer: 171977 KM<br \/>\n Leistung: 105 KW<br \/>\n Hubraum: 1598 ccm<br \/>\n Typ: 1VF108<br \/>\n Farbcode: Schwarz<br \/>\n Hinweise: &#8211;<\/p>\n<p> Versand: Versand nur in der Schweiz m\u00f6glich.Im Ausland ist der Transport k\u00e4uferseits.<br \/>\n Garantie: 3 Monate Garantie. Bitte beachten Sie, dass die Gew\u00e4hrleistung nur g\u00fcltig ist, wenn der Ersatzteileinbau durch eine Fachwerkstatt\/Meisterwerkstatt erfolgt. Das Ein- und Ausbau des Ersatzteiles kann nicht an uns verrechnet werden. <\/p>\n<p> Ersatzteil: f\u00fcr andere Fahrzeugen (Marken) verf\u00fcgbar auf anfrage. Tel.041 980 27 47. Mobil. 076 589 27 47<\/p>\n<p> Kontakt<br \/>\n  Adresse: Autoverwertung Brun AG<br \/>\n           M\u00f6\u00f6slimatten 13<br \/>\n           6218 Ettiswil<br \/>\n  Telefon: 0041 (041) 980 27 47<br \/>\n  Telefax: 0041 (041) 980 03 47<\/p>\n<p> Wir bieten Ihnen weitere gebrauchte Autoteile zum Kauf an.<br \/>\n Tags: Hochdruckpumpe, high pressure pump, pompe \u00e0 haute pression<br \/>\n<\/span><\/p>\n","protected":false},"excerpt":{"rendered":"<p>Technische Daten Fahrzeug: VW Golf 7 7 Chassis Nr.: WVWZZZAUZFW307074 Baujahr: 2015 Kilometer: 171977 KM Leistung: 105 KW Hubraum: 1598 ccm Typ: 1VF108 Farbcode: Schwarz Hinweise: &#8211; Versand: Versand nur in der Schweiz m\u00f6glich.Im Ausland ist der Transport k\u00e4uferseits. Garantie: 3 Monate Garantie. Bitte beachten Sie, dass die Gew\u00e4hrleistung nur g\u00fcltig ist, wenn der Ersatzteileinbau&hellip; <a class=\"more-link\" href=\"https:\/\/occasions-teile.ch\/fr\/produkt\/vw-golf-7-hochdruckpumpe\/\">Poursuivre la lecture <span class=\"screen-reader-text\">VW Golf 7  Hochdruckpumpe<\/span><\/a><\/p>\n","protected":false},"featured_media":396124,"template":"","meta":[],"product_brand":[],"product_cat":[597,600,24822,24823,24824,1271,1273,1275,1274,1272,1270,603,1283,1286,1280,24506,24507,24508],"product_tag":[],"class_list":{"0":"post-396127","1":"product","2":"type-product","3":"status-publish","4":"has-post-thumbnail","6":"product_cat-de-abgasanlage","7":"product_cat-en-exhaust-system","8":"product_cat-de_slug_vw_golf-7_240","9":"product_cat-en_slug_vw_golf-7_117","10":"product_cat-fr_slug_vw_golf-7_834","11":"product_cat-de-hchdruckpumpe","12":"product_cat-en-high-pressure-pump","13":"product_cat-fr-pompe-a-haute-pression","14":"product_cat-fr-pompe-a-air-secondaire","15":"product_cat-en-secondary-air-pump","16":"product_cat-de-sekundaerluftpumpe","17":"product_cat-fr-systeme-dechappement","18":"product_cat-en_volkswagen","19":"product_cat-fr_volkswagen","20":"product_cat-de_volkswagen","21":"product_cat-de-wvwzzzauzfw307074-200000468","22":"product_cat-en-wvwzzzauzfw307074-200000468","23":"product_cat-fr-wvwzzzauzfw307074-200000468","24":"product_shipping_class-tarif-1","25":"entry","27":"first","28":"instock","29":"taxable","30":"shipping-taxable","31":"purchasable","32":"product-type-simple"},"jetpack_sharing_enabled":true,"_links":{"self":[{"href":"https:\/\/occasions-teile.ch\/fr\/wp-json\/wp\/v2\/product\/396127","targetHints":{"allow":["GET"]}}],"collection":[{"href":"https:\/\/occasions-teile.ch\/fr\/wp-json\/wp\/v2\/product"}],"about":[{"href":"https:\/\/occasions-teile.ch\/fr\/wp-json\/wp\/v2\/types\/product"}],"wp:featuredmedia":[{"embeddable":true,"href":"https:\/\/occasions-teile.ch\/fr\/wp-json\/wp\/v2\/media\/396124"}],"wp:attachment":[{"href":"https:\/\/occasions-teile.ch\/fr\/wp-json\/wp\/v2\/media?parent=396127"}],"wp:term":[{"taxonomy":"product_brand","embeddable":true,"href":"https:\/\/occasions-teile.ch\/fr\/wp-json\/wp\/v2\/product_brand?post=396127"},{"taxonomy":"product_cat","embeddable":true,"href":"https:\/\/occasions-teile.ch\/fr\/wp-json\/wp\/v2\/product_cat?post=396127"},{"taxonomy":"product_tag","embeddable":true,"href":"https:\/\/occasions-teile.ch\/fr\/wp-json\/wp\/v2\/product_tag?post=396127"}],"curies":[{"name":"wp","href":"https:\/\/api.w.org\/{rel}","templated":true}]}}