{"id":396018,"date":"2026-03-18T10:29:01","date_gmt":"2026-03-18T10:29:01","guid":{"rendered":"https:\/\/occasions-teile.ch\/product\/peugeot-208-alternator-4\/"},"modified":"2026-03-18T10:29:06","modified_gmt":"2026-03-18T10:29:06","slug":"peugeot-208-alternator-4","status":"publish","type":"product","link":"https:\/\/occasions-teile.ch\/fr\/produkt\/peugeot-208-alternator-4\/","title":{"rendered":"Peugeot 208  Alternator"},"content":{"rendered":"<p><span><b>Technische Daten<\/b><\/p>\n<p> Fahrzeug: Peugeot 208  CA CC 1.4 HDi<br \/>\n Chassis Nr.: VF3CC8HP0DT155713<br \/>\n Baujahr: 2014<br \/>\n Kilometer: 81195 KM<br \/>\n Leistung: 68 KW<br \/>\n Hubraum: 1398 ccm<br \/>\n Typ: 1PB408<br \/>\n Farbcode: &#8211;<br \/>\n Hinweise: &#8211;<\/p>\n<p> Versand: Versand nur in der Schweiz m\u00f6glich.Im Ausland ist der Transport k\u00e4uferseits.<br \/>\n Garantie: 3 Monate Garantie. Bitte beachten Sie, dass die Gew\u00e4hrleistung nur g\u00fcltig ist, wenn der Ersatzteileinbau durch eine Fachwerkstatt\/Meisterwerkstatt erfolgt. Das Ein- und Ausbau des Ersatzteiles kann nicht an uns verrechnet werden. <\/p>\n<p> Ersatzteil: f\u00fcr andere Fahrzeugen (Marken) verf\u00fcgbar auf anfrage. Tel.041 980 27 47. Mobil. 076 589 27 47<\/p>\n<p> Kontakt<br \/>\n  Adresse: Autoverwertung Brun AG<br \/>\n           M\u00f6\u00f6slimatten 13<br \/>\n           6218 Ettiswil<br \/>\n  Telefon: 0041 (041) 980 27 47<br \/>\n  Telefax: 0041 (041) 980 03 47<\/p>\n<p> Wir bieten Ihnen weitere gebrauchte Autoteile zum Kauf an.<br \/>\n Tags: Alternator, Alternator, Alternateur<br \/>\n<\/span><\/p>\n","protected":false},"excerpt":{"rendered":"<p>Technische Daten Fahrzeug: Peugeot 208 CA CC 1.4 HDi Chassis Nr.: VF3CC8HP0DT155713 Baujahr: 2014 Kilometer: 81195 KM Leistung: 68 KW Hubraum: 1398 ccm Typ: 1PB408 Farbcode: &#8211; Hinweise: &#8211; Versand: Versand nur in der Schweiz m\u00f6glich.Im Ausland ist der Transport k\u00e4uferseits. Garantie: 3 Monate Garantie. Bitte beachten Sie, dass die Gew\u00e4hrleistung nur g\u00fcltig ist, wenn&hellip; <a class=\"more-link\" href=\"https:\/\/occasions-teile.ch\/fr\/produkt\/peugeot-208-alternator-4\/\">Poursuivre la lecture <span class=\"screen-reader-text\">Peugeot 208  Alternator<\/span><\/a><\/p>\n","protected":false},"featured_media":396015,"template":"","meta":[],"product_brand":[],"product_cat":[1191,1191,1191,703,704,704,703,704,627,627,627,703,1190,1190,1190,1189,1189,1189],"product_tag":[],"class_list":{"0":"post-396018","1":"product","2":"type-product","3":"status-publish","4":"has-post-thumbnail","6":"product_cat-fr_208","9":"product_cat-fr-alternateur","10":"product_cat-fr-alternateur-fr-alternateur","14":"product_cat-fr-electricite-dispositifs-de-commande","18":"product_cat-fr_peugeot","21":"product_cat-fr-vf3cc8hp0dt155713","24":"product_shipping_class-tarif-1-fr","25":"entry","27":"first","28":"instock","29":"taxable","30":"shipping-taxable","31":"purchasable","32":"product-type-simple"},"jetpack_sharing_enabled":true,"_links":{"self":[{"href":"https:\/\/occasions-teile.ch\/fr\/wp-json\/wp\/v2\/product\/396018","targetHints":{"allow":["GET"]}}],"collection":[{"href":"https:\/\/occasions-teile.ch\/fr\/wp-json\/wp\/v2\/product"}],"about":[{"href":"https:\/\/occasions-teile.ch\/fr\/wp-json\/wp\/v2\/types\/product"}],"wp:featuredmedia":[{"embeddable":true,"href":"https:\/\/occasions-teile.ch\/fr\/wp-json\/wp\/v2\/media\/396015"}],"wp:attachment":[{"href":"https:\/\/occasions-teile.ch\/fr\/wp-json\/wp\/v2\/media?parent=396018"}],"wp:term":[{"taxonomy":"product_brand","embeddable":true,"href":"https:\/\/occasions-teile.ch\/fr\/wp-json\/wp\/v2\/product_brand?post=396018"},{"taxonomy":"product_cat","embeddable":true,"href":"https:\/\/occasions-teile.ch\/fr\/wp-json\/wp\/v2\/product_cat?post=396018"},{"taxonomy":"product_tag","embeddable":true,"href":"https:\/\/occasions-teile.ch\/fr\/wp-json\/wp\/v2\/product_tag?post=396018"}],"curies":[{"name":"wp","href":"https:\/\/api.w.org\/{rel}","templated":true}]}}