{"id":395439,"date":"2026-03-16T06:23:17","date_gmt":"2026-03-16T06:23:17","guid":{"rendered":"https:\/\/occasions-teile.ch\/product\/subaru-xv-antriebswelle-vorn-links-2\/"},"modified":"2026-03-16T06:23:22","modified_gmt":"2026-03-16T06:23:22","slug":"subaru-xv-antriebswelle-vorn-links-2","status":"publish","type":"product","link":"https:\/\/occasions-teile.ch\/fr\/produkt\/subaru-xv-antriebswelle-vorn-links-2\/","title":{"rendered":"Subaru XV  Antriebswelle vorn links"},"content":{"rendered":"<p><span><b>Technische Daten<\/b><\/p>\n<p> Fahrzeug: Subaru XV  2.0 D AWD<br \/>\n Chassis Nr.: JF1GPDLZ3CG002396<br \/>\n Baujahr: 2012<br \/>\n Kilometer: 116632 KM<br \/>\n Leistung: 147 KW<br \/>\n Hubraum: 1998 ccm<br \/>\n Typ: 1SC747<br \/>\n Farbcode: silber<br \/>\n Hinweise: &#8211;<\/p>\n<p> Versand: Versand nur in der Schweiz m\u00f6glich.Im Ausland ist der Transport k\u00e4uferseits.<br \/>\n Garantie: 3 Monate Garantie. Bitte beachten Sie, dass die Gew\u00e4hrleistung nur g\u00fcltig ist, wenn der Ersatzteileinbau durch eine Fachwerkstatt\/Meisterwerkstatt erfolgt. Das Ein- und Ausbau des Ersatzteiles kann nicht an uns verrechnet werden. <\/p>\n<p> Ersatzteil: f\u00fcr andere Fahrzeugen (Marken) verf\u00fcgbar auf anfrage. Tel.041 980 27 47. Mobil. 076 589 27 47<\/p>\n<p> Kontakt<br \/>\n  Adresse: Autoverwertung Brun AG<br \/>\n           M\u00f6\u00f6slimatten 13<br \/>\n           6218 Ettiswil<br \/>\n  Telefon: 0041 (041) 980 27 47<br \/>\n  Telefax: 0041 (041) 980 03 47<\/p>\n<p> Wir bieten Ihnen weitere gebrauchte Autoteile zum Kauf an.<br \/>\n Tags: Antriebswelle vorn links, Drive shaft front left , Arbre d&rsquo;entrai^nement avant gauche<br \/>\n<\/span><\/p>\n","protected":false},"excerpt":{"rendered":"<p>Technische Daten Fahrzeug: Subaru XV 2.0 D AWD Chassis Nr.: JF1GPDLZ3CG002396 Baujahr: 2012 Kilometer: 116632 KM Leistung: 147 KW Hubraum: 1998 ccm Typ: 1SC747 Farbcode: silber Hinweise: &#8211; Versand: Versand nur in der Schweiz m\u00f6glich.Im Ausland ist der Transport k\u00e4uferseits. Garantie: 3 Monate Garantie. Bitte beachten Sie, dass die Gew\u00e4hrleistung nur g\u00fcltig ist, wenn der&hellip; <a class=\"more-link\" href=\"https:\/\/occasions-teile.ch\/fr\/produkt\/subaru-xv-antriebswelle-vorn-links-2\/\">Poursuivre la lecture <span class=\"screen-reader-text\">Subaru XV  Antriebswelle vorn links<\/span><\/a><\/p>\n","protected":false},"featured_media":395436,"template":"","meta":[],"product_brand":[],"product_cat":[784,783,784,783,784,783,648,648,24879,24879,24879,1199,1199,1199,648,1200,1200,1200],"product_tag":[],"class_list":{"0":"post-395439","1":"product","2":"type-product","3":"status-publish","4":"has-post-thumbnail","6":"product_cat-de-antriebswelle-vorn-links","7":"product_cat-de-antriebswellen","12":"product_cat-de-getriebe-antrieb","14":"product_cat-de-jf1gpdlz3cg002396-200000580","17":"product_cat-de_subaru","21":"product_cat-de_xv","24":"product_shipping_class-tarif-5","25":"entry","27":"first","28":"instock","29":"taxable","30":"shipping-taxable","31":"purchasable","32":"product-type-simple"},"jetpack_sharing_enabled":true,"_links":{"self":[{"href":"https:\/\/occasions-teile.ch\/fr\/wp-json\/wp\/v2\/product\/395439","targetHints":{"allow":["GET"]}}],"collection":[{"href":"https:\/\/occasions-teile.ch\/fr\/wp-json\/wp\/v2\/product"}],"about":[{"href":"https:\/\/occasions-teile.ch\/fr\/wp-json\/wp\/v2\/types\/product"}],"wp:featuredmedia":[{"embeddable":true,"href":"https:\/\/occasions-teile.ch\/fr\/wp-json\/wp\/v2\/media\/395436"}],"wp:attachment":[{"href":"https:\/\/occasions-teile.ch\/fr\/wp-json\/wp\/v2\/media?parent=395439"}],"wp:term":[{"taxonomy":"product_brand","embeddable":true,"href":"https:\/\/occasions-teile.ch\/fr\/wp-json\/wp\/v2\/product_brand?post=395439"},{"taxonomy":"product_cat","embeddable":true,"href":"https:\/\/occasions-teile.ch\/fr\/wp-json\/wp\/v2\/product_cat?post=395439"},{"taxonomy":"product_tag","embeddable":true,"href":"https:\/\/occasions-teile.ch\/fr\/wp-json\/wp\/v2\/product_tag?post=395439"}],"curies":[{"name":"wp","href":"https:\/\/api.w.org\/{rel}","templated":true}]}}