{"id":395427,"date":"2026-03-16T06:03:14","date_gmt":"2026-03-16T06:03:14","guid":{"rendered":"https:\/\/occasions-teile.ch\/product\/vw-sharan-anlasser-4\/"},"modified":"2026-03-16T06:03:20","modified_gmt":"2026-03-16T06:03:20","slug":"vw-sharan-anlasser-4","status":"publish","type":"product","link":"https:\/\/occasions-teile.ch\/fr\/produkt\/vw-sharan-anlasser-4\/","title":{"rendered":"VW Sharan  Anlasser"},"content":{"rendered":"<p><span><b>Technische Daten<\/b><\/p>\n<p> Fahrzeug: VW Sharan  2.0 TDI 4motion<br \/>\n Chassis Nr.: WVWZZZ7NZJV028359<br \/>\n Baujahr: 2018<br \/>\n Kilometer: 220475 KM<br \/>\n Leistung: 184 KW<br \/>\n Hubraum: 1968 ccm<br \/>\n Typ: 1VF774<br \/>\n Farbcode: blau<br \/>\n Hinweise: &#8211;<\/p>\n<p> Versand: Versand nur in der Schweiz m\u00f6glich.Im Ausland ist der Transport k\u00e4uferseits.<br \/>\n Garantie: 3 Monate Garantie. Bitte beachten Sie, dass die Gew\u00e4hrleistung nur g\u00fcltig ist, wenn der Ersatzteileinbau durch eine Fachwerkstatt\/Meisterwerkstatt erfolgt. Das Ein- und Ausbau des Ersatzteiles kann nicht an uns verrechnet werden. <\/p>\n<p> Ersatzteil: f\u00fcr andere Fahrzeugen (Marken) verf\u00fcgbar auf anfrage. Tel.041 980 27 47. Mobil. 076 589 27 47<\/p>\n<p> Kontakt<br \/>\n  Adresse: Autoverwertung Brun AG<br \/>\n           M\u00f6\u00f6slimatten 13<br \/>\n           6218 Ettiswil<br \/>\n  Telefon: 0041 (041) 980 27 47<br \/>\n  Telefax: 0041 (041) 980 03 47<\/p>\n<p> Wir bieten Ihnen weitere gebrauchte Autoteile zum Kauf an.<br \/>\n Tags: Anlasser, Starter motor, De\u00b4marreur<br \/>\n<\/span><\/p>\n","protected":false},"excerpt":{"rendered":"<p>Technische Daten Fahrzeug: VW Sharan 2.0 TDI 4motion Chassis Nr.: WVWZZZ7NZJV028359 Baujahr: 2018 Kilometer: 220475 KM Leistung: 184 KW Hubraum: 1968 ccm Typ: 1VF774 Farbcode: blau Hinweise: &#8211; Versand: Versand nur in der Schweiz m\u00f6glich.Im Ausland ist der Transport k\u00e4uferseits. Garantie: 3 Monate Garantie. Bitte beachten Sie, dass die Gew\u00e4hrleistung nur g\u00fcltig ist, wenn der&hellip; <a class=\"more-link\" href=\"https:\/\/occasions-teile.ch\/fr\/produkt\/vw-sharan-anlasser-4\/\">Poursuivre la lecture <span class=\"screen-reader-text\">VW Sharan  Anlasser<\/span><\/a><\/p>\n","protected":false},"featured_media":395424,"template":"","meta":[],"product_brand":[],"product_cat":[698,697,697,698,627,627,627,5101,5101,5101,697,698,1286,1286,1286,24887,24887,24887],"product_tag":[],"class_list":{"0":"post-395427","1":"product","2":"type-product","3":"status-publish","4":"has-post-thumbnail","6":"product_cat-fr-demarreur-fr-demarreur","7":"product_cat-fr-demarreur","10":"product_cat-fr-electricite-dispositifs-de-commande","13":"product_cat-fr_slug_vw_sharan_863","18":"product_cat-fr_volkswagen","21":"product_cat-fr-wvwzzz7nzjv028359-200000583","24":"product_shipping_class-tarif-1-fr","25":"entry","27":"first","28":"instock","29":"taxable","30":"shipping-taxable","31":"purchasable","32":"product-type-simple"},"jetpack_sharing_enabled":true,"_links":{"self":[{"href":"https:\/\/occasions-teile.ch\/fr\/wp-json\/wp\/v2\/product\/395427","targetHints":{"allow":["GET"]}}],"collection":[{"href":"https:\/\/occasions-teile.ch\/fr\/wp-json\/wp\/v2\/product"}],"about":[{"href":"https:\/\/occasions-teile.ch\/fr\/wp-json\/wp\/v2\/types\/product"}],"wp:featuredmedia":[{"embeddable":true,"href":"https:\/\/occasions-teile.ch\/fr\/wp-json\/wp\/v2\/media\/395424"}],"wp:attachment":[{"href":"https:\/\/occasions-teile.ch\/fr\/wp-json\/wp\/v2\/media?parent=395427"}],"wp:term":[{"taxonomy":"product_brand","embeddable":true,"href":"https:\/\/occasions-teile.ch\/fr\/wp-json\/wp\/v2\/product_brand?post=395427"},{"taxonomy":"product_cat","embeddable":true,"href":"https:\/\/occasions-teile.ch\/fr\/wp-json\/wp\/v2\/product_cat?post=395427"},{"taxonomy":"product_tag","embeddable":true,"href":"https:\/\/occasions-teile.ch\/fr\/wp-json\/wp\/v2\/product_tag?post=395427"}],"curies":[{"name":"wp","href":"https:\/\/api.w.org\/{rel}","templated":true}]}}