{"id":395379,"date":"2026-03-16T04:50:43","date_gmt":"2026-03-16T04:50:43","guid":{"rendered":"https:\/\/occasions-teile.ch\/product\/peugeot-expert-pralltraeger-quertraeger-hinten\/"},"modified":"2026-03-16T04:50:48","modified_gmt":"2026-03-16T04:50:48","slug":"peugeot-expert-pralltraeger-quertraeger-hinten","status":"publish","type":"product","link":"https:\/\/occasions-teile.ch\/fr\/produkt\/peugeot-expert-pralltraeger-quertraeger-hinten\/","title":{"rendered":"Peugeot Expert  Pralltr\u00e4ger Quertr\u00e4ger hinten"},"content":{"rendered":"<p><span><b>Technische Daten<\/b><\/p>\n<p> Fahrzeug: Peugeot Expert  1.5 BlueHDi Kasten<br \/>\n Chassis Nr.: VF3VBYHRMPZ065610<br \/>\n Baujahr: 2023<br \/>\n Kilometer: 59203 KM<br \/>\n Leistung: 102 KW<br \/>\n Hubraum: 1499 ccm<br \/>\n Typ: 3PD494<br \/>\n Farbcode: White\/Weiss<br \/>\n Hinweise: &#8211;<\/p>\n<p> Versand: Versand nur in der Schweiz m\u00f6glich.Im Ausland ist der Transport k\u00e4uferseits.<br \/>\n Garantie: 3 Monate Garantie. Bitte beachten Sie, dass die Gew\u00e4hrleistung nur g\u00fcltig ist, wenn der Ersatzteileinbau durch eine Fachwerkstatt\/Meisterwerkstatt erfolgt. Das Ein- und Ausbau des Ersatzteiles kann nicht an uns verrechnet werden. <\/p>\n<p> Ersatzteil: f\u00fcr andere Fahrzeugen (Marken) verf\u00fcgbar auf anfrage. Tel.041 980 27 47. Mobil. 076 589 27 47<\/p>\n<p> Kontakt<br \/>\n  Adresse: Autoverwertung Brun AG<br \/>\n           M\u00f6\u00f6slimatten 13<br \/>\n           6218 Ettiswil<br \/>\n  Telefon: 0041 (041) 980 27 47<br \/>\n  Telefax: 0041 (041) 980 03 47<\/p>\n<p> Wir bieten Ihnen weitere gebrauchte Autoteile zum Kauf an.<br \/>\n Tags: Pralltr\u00e4ger Quertr\u00e4ger hinten, Impact girder cross girder rear , Barre d&rsquo;impact barre transversale arrie`re<br \/>\n<\/span><\/p>\n","protected":false},"excerpt":{"rendered":"<p>Technische Daten Fahrzeug: Peugeot Expert 1.5 BlueHDi Kasten Chassis Nr.: VF3VBYHRMPZ065610 Baujahr: 2023 Kilometer: 59203 KM Leistung: 102 KW Hubraum: 1499 ccm Typ: 3PD494 Farbcode: White\/Weiss Hinweise: &#8211; Versand: Versand nur in der Schweiz m\u00f6glich.Im Ausland ist der Transport k\u00e4uferseits. Garantie: 3 Monate Garantie. Bitte beachten Sie, dass die Gew\u00e4hrleistung nur g\u00fcltig ist, wenn der&hellip; <a class=\"more-link\" href=\"https:\/\/occasions-teile.ch\/fr\/produkt\/peugeot-expert-pralltraeger-quertraeger-hinten\/\">Poursuivre la lecture <span class=\"screen-reader-text\">Peugeot Expert  Pralltr\u00e4ger Quertr\u00e4ger hinten<\/span><\/a><\/p>\n","protected":false},"featured_media":395376,"template":"","meta":[],"product_brand":[],"product_cat":[1266,524,752,527,1909,1911,1907,1265,521,754,1184,1187,1190,1264,750,24906,24907,24908],"product_tag":[],"class_list":{"0":"post-395379","1":"product","2":"type-product","3":"status-publish","4":"has-post-thumbnail","6":"product_cat-fr-barre-dimpactbarre-transversale-arriere","7":"product_cat-en-body-rear","8":"product_cat-en-bumper-rearparts","9":"product_cat-fr-carrosserie-arriere","10":"product_cat-en_expert","11":"product_cat-fr_expert","12":"product_cat-de_expert","13":"product_cat-en-impact-girdercross-girder-rear","14":"product_cat-de-karosserie-heck","15":"product_cat-fr-pare-chocs-arrierepieces","16":"product_cat-de_peugeot","17":"product_cat-en_peugeot","18":"product_cat-fr_peugeot","19":"product_cat-de-pralltraeger-quertraeger-hinten","20":"product_cat-de-stossfaengerhintenteile","21":"product_cat-de-vf3vbyhrmpz065610-200000500","22":"product_cat-en-vf3vbyhrmpz065610-200000500","23":"product_cat-fr-vf3vbyhrmpz065610-200000500","24":"product_shipping_class-tarif-5","25":"entry","27":"first","28":"instock","29":"taxable","30":"shipping-taxable","31":"purchasable","32":"product-type-simple"},"jetpack_sharing_enabled":true,"_links":{"self":[{"href":"https:\/\/occasions-teile.ch\/fr\/wp-json\/wp\/v2\/product\/395379","targetHints":{"allow":["GET"]}}],"collection":[{"href":"https:\/\/occasions-teile.ch\/fr\/wp-json\/wp\/v2\/product"}],"about":[{"href":"https:\/\/occasions-teile.ch\/fr\/wp-json\/wp\/v2\/types\/product"}],"wp:featuredmedia":[{"embeddable":true,"href":"https:\/\/occasions-teile.ch\/fr\/wp-json\/wp\/v2\/media\/395376"}],"wp:attachment":[{"href":"https:\/\/occasions-teile.ch\/fr\/wp-json\/wp\/v2\/media?parent=395379"}],"wp:term":[{"taxonomy":"product_brand","embeddable":true,"href":"https:\/\/occasions-teile.ch\/fr\/wp-json\/wp\/v2\/product_brand?post=395379"},{"taxonomy":"product_cat","embeddable":true,"href":"https:\/\/occasions-teile.ch\/fr\/wp-json\/wp\/v2\/product_cat?post=395379"},{"taxonomy":"product_tag","embeddable":true,"href":"https:\/\/occasions-teile.ch\/fr\/wp-json\/wp\/v2\/product_tag?post=395379"}],"curies":[{"name":"wp","href":"https:\/\/api.w.org\/{rel}","templated":true}]}}